{"id":3847,"date":"2021-06-06T23:10:35","date_gmt":"2021-06-06T22:10:35","guid":{"rendered":"https:\/\/dabbourphysio.com\/test\/styrka-och-konditionering\/"},"modified":"2021-09-06T20:28:20","modified_gmt":"2021-09-06T19:28:20","slug":"styrka-och-konditionering","status":"publish","type":"page","link":"https:\/\/dabbourphysio.com\/test\/styrka-och-konditionering\/?lang=sv","title":{"rendered":"Styrka och konditionering"},"content":{"rendered":"<div id=\"cs-content\" class=\"cs-content\"><div class=\"x-section e3847-1 m2yv-0 m2yv-1\"><div class=\"x-row x-container max width e3847-2 m2yv-3 m2yv-4\"><div class=\"x-row-inner\"><div class=\"x-col e3847-3 m2yv-6 m2yv-7\"><h2  class=\"h-custom-headline cs-ta-center h2\" ><span>Fysioterapi f\u00f6r styrke- och konditionstr\u00e4ning <\/span><\/h2><\/div><\/div><\/div><div class=\"x-row x-container max width e3847-5 m2yv-3\"><div class=\"x-row-inner\"><div class=\"x-col e3847-6 m2yv-6 m2yv-7\"><div class=\"x-text e3847-7 m2yv-9 m2yv-a m2yv-b m2yv-c\">De flesta aktiviteter orsakar p\u00e5frestningar p\u00e5 din kropp - s\u00e4rskilt om du g\u00f6r det f\u00f6r mycket, p\u00e5 ett felaktigt s\u00e4tt eller om det redan finns befintliga svagheter eller skador. Att bed\u00f6ma detta i f\u00f6rv\u00e4g kan vara till hj\u00e4lp f\u00f6r att f\u00f6rhindra skador, f\u00f6rb\u00e4ttra prestation och se till att du kan forts\u00e4tta p\u00e5 l\u00e5ng sikt. Detta \u00e4r l\u00e4mpligt f\u00f6r m\u00e4n och kvinnor i alla \u00e5ldrar som vill f\u00f6rekomma framtida problem.<\/div><\/div><div class=\"x-col e3847-8 m2yv-6 m2yv-7\"><div class=\"x-text e3847-9 m2yv-9 m2yv-b m2yv-d\"><p>Styrka och konditionsfysioterapi inkluderar en bed\u00f6mning av dina nuvarande styrkor och svagheter, skador och framtida m\u00e5l f\u00f6r att skapa en personlig tr\u00e4ningsplan. Denna utbildningsplan kan ta ett antal former; allt fr\u00e5n styrketr\u00e4ning i ett gym till Yoga \/ Pilates-baserad tr\u00e4ning eller funktionella plyometriska program f\u00f6r dig. Allt skapat f\u00f6r att st\u00f6dja dina m\u00e5l och dina sporter \/ aktiviteter.<\/p>\n<p>Att anv\u00e4nda fysioterapi-expertis i kombination med styrketr\u00e4ning och konditionstr\u00e4ning kan hj\u00e4lpa dig i ett antal specifika situationer:<\/p>\n<ul>\n<li>Om du har \u00e5terkommande skador som hindrar dig fr\u00e5n att tr\u00e4na eller delta i aktiviteter.\n<li>Om du vill f\u00f6rhindra vanliga skador inom din sport eller aktivitet.\n<li>Om du tror att du har s\u00e4rskilda svagheter som:\n<ul>\n<li>Flexibilitet\n<li>Styrka i \u201ccore\u201d\n<li>Individuella muskler\n<li>Tidigare skador\n<\/ul>\n<li>Du vill starta en ny sport eller s\u00e5 har du ett kommande evenemang och vill att ett program ska byggas upp mot det.\n<li>Du vill forts\u00e4tta med din sport eller aktivitet under mycket l\u00e5ng tid, \u00e4ven under resten av ditt liv, styrka och konditionering coaching fr\u00e5n en sjukgymnast kan hj\u00e4lpa dig att uppn\u00e5 detta.\n<\/ul>\n<p>Dessutom \u00e4r styrka och konditionering viktiga aspekter f\u00f6r att h\u00e5lla dig i form och h\u00e4lsosammare mer allm\u00e4nt och kan hj\u00e4lpa dig med:<\/p>\n<ul>\n<li>Leva ett l\u00e5ngt och h\u00e4lsosamt liv.\n<li>F\u00f6rb\u00e4ttra v\u00e4lbefinnandet, b\u00e5de fysiskt och mentalt.\n<li>F\u00f6rb\u00e4ttra prestanda inom sport, aktiviteter och vardag\n<li>Se till att du kan forts\u00e4tta att ut\u00f6va dina sporter och aktiviteter s\u00e5 l\u00e4nge som m\u00f6jligt.\n<\/ul><\/div><\/div><\/div><\/div><\/div><div class=\"x-section e3847-10 m2yv-0 m2yv-2\"><div class=\"x-row x-container max width e3847-11 m2yv-3 m2yv-5\"><div class=\"x-row-inner\"><div class=\"x-col e3847-12 m2yv-6 m2yv-8\"><div class=\"x-text e3847-13 m2yv-9 m2yv-a m2yv-e\">Kontakta mig g\u00e4rna om du har n\u00e5gra fr\u00e5gor, <br> eller vill boka tid!<\/div><a class=\"x-anchor x-anchor-button has-graphic has-int-content e3847-14 m2yv-f m2yv-g  x-hide-sm x-hide-xs\" tabindex=\"0\" href=\"\/test\/kontakt\/?lang=sv\"><div class=\"x-anchor-content x-anchor-content-out-slide-top-in-scale-up\"><span class=\"x-graphic\" aria-hidden=\"true\"><i class=\"x-icon x-graphic-child x-graphic-icon x-graphic-primary\" aria-hidden=\"true\" data-x-icon-l=\"&#xf25a;\"><\/i><\/span><div class=\"x-anchor-text\"><span class=\"x-anchor-text-primary\">Har du fr\u00e5gor?<\/span><\/div><\/div><div class=\"x-anchor-content x-anchor-content-out-slide-top-in-scale-up is-int\"><span class=\"x-graphic\" aria-hidden=\"true\"><i class=\"x-icon x-graphic-child x-graphic-icon x-graphic-primary\" aria-hidden=\"true\" data-x-icon-l=\"&#xf672;\"><\/i><\/span><div class=\"x-anchor-text\"><div class=\"x-anchor-text-primary\">F\u00e5 n\u00e5gra svar!<\/div><\/div><\/div><\/a><a class=\"x-anchor x-anchor-button has-graphic has-int-content e3847-15 m2yv-g m2yv-h  x-hide-lg x-hide-md x-hide-xl\" tabindex=\"0\" href=\"\/test\/kontakt\/?lang=sv\"><div class=\"x-anchor-content x-anchor-content-out-slide-top-in-scale-up\"><span class=\"x-graphic\" aria-hidden=\"true\"><i class=\"x-icon x-graphic-child x-graphic-icon x-graphic-primary\" aria-hidden=\"true\" data-x-icon-l=\"&#xf25a;\"><\/i><\/span><div class=\"x-anchor-text\"><span class=\"x-anchor-text-primary\">Har du fr\u00e5gor?<\/span><\/div><\/div><div class=\"x-anchor-content x-anchor-content-out-slide-top-in-scale-up is-int\"><span class=\"x-graphic\" aria-hidden=\"true\"><i class=\"x-icon x-graphic-child x-graphic-icon x-graphic-primary\" aria-hidden=\"true\" data-x-icon-l=\"&#xf672;\"><\/i><\/span><div class=\"x-anchor-text\"><div class=\"x-anchor-text-primary\">F\u00e5 n\u00e5gra svar!<\/div><\/div><\/div><\/a><\/div><\/div><\/div><\/div><\/div>\n","protected":false},"excerpt":{"rendered":"<p>Fysioterapi f\u00f6r styrke- och konditionstr\u00e4ning De flesta aktiviteter orsakar p\u00e5frestningar p\u00e5 din kropp &#8211; s\u00e4rskilt om du g\u00f6r det f\u00f6r mycket, p\u00e5 ett felaktigt s\u00e4tt eller om det redan finns befintliga svagheter eller skador. Att bed\u00f6ma detta i f\u00f6rv\u00e4g kan vara till hj\u00e4lp f\u00f6r att f\u00f6rhindra skador, f\u00f6rb\u00e4ttra prestation och se till att du kan forts\u00e4tta p\u00e5 l\u00e5ng sikt. Detta &#8230; <\/p>\n<div><a href=\"https:\/\/dabbourphysio.com\/test\/styrka-och-konditionering\/?lang=sv\" class=\"more-link\">Read More<\/a><\/div>\n","protected":false},"author":3,"featured_media":0,"parent":0,"menu_order":0,"comment_status":"closed","ping_status":"closed","template":"template-blank-4.php","meta":[],"yoast_head":"<!-- This site is optimized with the Yoast SEO plugin v18.0 - https:\/\/yoast.com\/wordpress\/plugins\/seo\/ -->\n<title>Styrka och konditionering &ndash; Dabbour Physio<\/title>\n<meta name=\"robots\" content=\"index, follow, max-snippet:-1, max-image-preview:large, max-video-preview:-1\" \/>\n<link rel=\"canonical\" href=\"https:\/\/dabbourphysio.com\/test\/styrka-och-konditionering\/\" \/>\n<meta property=\"og:locale\" content=\"en_US\" \/>\n<meta property=\"og:type\" content=\"article\" \/>\n<meta property=\"og:title\" content=\"Styrka och konditionering &ndash; Dabbour Physio\" \/>\n<meta property=\"og:description\" content=\"Fysioterapi f\u00f6r styrke- och konditionstr\u00e4ning De flesta aktiviteter orsakar p\u00e5frestningar p\u00e5 din kropp - s\u00e4rskilt om du g\u00f6r det f\u00f6r mycket, p\u00e5 ett felaktigt s\u00e4tt eller om det redan finns befintliga svagheter eller skador. Att bed\u00f6ma detta i f\u00f6rv\u00e4g kan vara till hj\u00e4lp f\u00f6r att f\u00f6rhindra skador, f\u00f6rb\u00e4ttra prestation och se till att du kan forts\u00e4tta p\u00e5 l\u00e5ng sikt. Detta ... Read More\" \/>\n<meta property=\"og:url\" content=\"https:\/\/dabbourphysio.com\/test\/styrka-och-konditionering\/?lang=sv\" \/>\n<meta property=\"og:site_name\" content=\"Dabbour Physio\" \/>\n<meta property=\"article:publisher\" content=\"https:\/\/www.facebook.com\/DabbourPhysio\/\" \/>\n<meta property=\"article:modified_time\" content=\"2021-09-06T19:28:20+00:00\" \/>\n<meta name=\"twitter:card\" content=\"summary\" \/>\n<meta name=\"twitter:site\" content=\"@dabbourphysio\" \/>\n<meta name=\"twitter:label1\" content=\"Est. reading time\" \/>\n\t<meta name=\"twitter:data1\" content=\"3 minutes\" \/>\n<script type=\"application\/ld+json\" class=\"yoast-schema-graph\">{\"@context\":\"https:\/\/schema.org\",\"@graph\":[{\"@type\":\"Organization\",\"@id\":\"https:\/\/dabbourphysio.com\/test\/#organization\",\"name\":\"DabbourPhysio\",\"url\":\"https:\/\/dabbourphysio.com\/test\/\",\"sameAs\":[\"https:\/\/www.facebook.com\/DabbourPhysio\/\",\"http:\/\/dabbourphysio\",\"https:\/\/www.linkedin.com\/in\/dabbourphysio\/\",\"https:\/\/www.youtube.com\/channel\/UCae1y76E-jTWOkD7TMHdxwg\",\"https:\/\/twitter.com\/dabbourphysio\"],\"logo\":{\"@type\":\"ImageObject\",\"@id\":\"https:\/\/dabbourphysio.com\/test\/#logo\",\"inLanguage\":\"en-US\",\"url\":\"https:\/\/dabbourphysio.com\/test\/wp-content\/uploads\/2016\/10\/hannatwotoneex2020.jpg\",\"contentUrl\":\"https:\/\/dabbourphysio.com\/test\/wp-content\/uploads\/2016\/10\/hannatwotoneex2020.jpg\",\"width\":1890,\"height\":1890,\"caption\":\"DabbourPhysio\"},\"image\":{\"@id\":\"https:\/\/dabbourphysio.com\/test\/#logo\"}},{\"@type\":\"WebSite\",\"@id\":\"https:\/\/dabbourphysio.com\/test\/#website\",\"url\":\"https:\/\/dabbourphysio.com\/test\/\",\"name\":\"Dabbour Physio\",\"description\":\"Chartered Senior Physiotherapist in Stockholm &amp; London\",\"publisher\":{\"@id\":\"https:\/\/dabbourphysio.com\/test\/#organization\"},\"potentialAction\":[{\"@type\":\"SearchAction\",\"target\":{\"@type\":\"EntryPoint\",\"urlTemplate\":\"https:\/\/dabbourphysio.com\/test\/?s={search_term_string}\"},\"query-input\":\"required name=search_term_string\"}],\"inLanguage\":\"en-US\"},{\"@type\":\"WebPage\",\"@id\":\"https:\/\/dabbourphysio.com\/test\/styrka-och-konditionering\/?lang=sv#webpage\",\"url\":\"https:\/\/dabbourphysio.com\/test\/styrka-och-konditionering\/?lang=sv\",\"name\":\"Styrka och konditionering &ndash; Dabbour Physio\",\"isPartOf\":{\"@id\":\"https:\/\/dabbourphysio.com\/test\/#website\"},\"datePublished\":\"2021-06-06T22:10:35+00:00\",\"dateModified\":\"2021-09-06T19:28:20+00:00\",\"breadcrumb\":{\"@id\":\"https:\/\/dabbourphysio.com\/test\/styrka-och-konditionering\/?lang=sv#breadcrumb\"},\"inLanguage\":\"en-US\",\"potentialAction\":[{\"@type\":\"ReadAction\",\"target\":[\"https:\/\/dabbourphysio.com\/test\/styrka-och-konditionering\/?lang=sv\"]}]},{\"@type\":\"BreadcrumbList\",\"@id\":\"https:\/\/dabbourphysio.com\/test\/styrka-och-konditionering\/?lang=sv#breadcrumb\",\"itemListElement\":[{\"@type\":\"ListItem\",\"position\":1,\"name\":\"Home\",\"item\":\"https:\/\/dabbourphysio.com\/test\/\"},{\"@type\":\"ListItem\",\"position\":2,\"name\":\"Styrka och konditionering\"}]}]}<\/script>\n<!-- \/ Yoast SEO plugin. -->","yoast_head_json":{"title":"Styrka och konditionering &ndash; Dabbour Physio","robots":{"index":"index","follow":"follow","max-snippet":"max-snippet:-1","max-image-preview":"max-image-preview:large","max-video-preview":"max-video-preview:-1"},"canonical":"https:\/\/dabbourphysio.com\/test\/styrka-och-konditionering\/","og_locale":"en_US","og_type":"article","og_title":"Styrka och konditionering &ndash; Dabbour Physio","og_description":"Fysioterapi f\u00f6r styrke- och konditionstr\u00e4ning De flesta aktiviteter orsakar p\u00e5frestningar p\u00e5 din kropp - s\u00e4rskilt om du g\u00f6r det f\u00f6r mycket, p\u00e5 ett felaktigt s\u00e4tt eller om det redan finns befintliga svagheter eller skador. Att bed\u00f6ma detta i f\u00f6rv\u00e4g kan vara till hj\u00e4lp f\u00f6r att f\u00f6rhindra skador, f\u00f6rb\u00e4ttra prestation och se till att du kan forts\u00e4tta p\u00e5 l\u00e5ng sikt. Detta ... Read More","og_url":"https:\/\/dabbourphysio.com\/test\/styrka-och-konditionering\/?lang=sv","og_site_name":"Dabbour Physio","article_publisher":"https:\/\/www.facebook.com\/DabbourPhysio\/","article_modified_time":"2021-09-06T19:28:20+00:00","twitter_card":"summary","twitter_site":"@dabbourphysio","twitter_misc":{"Est. reading time":"3 minutes"},"schema":{"@context":"https:\/\/schema.org","@graph":[{"@type":"Organization","@id":"https:\/\/dabbourphysio.com\/test\/#organization","name":"DabbourPhysio","url":"https:\/\/dabbourphysio.com\/test\/","sameAs":["https:\/\/www.facebook.com\/DabbourPhysio\/","http:\/\/dabbourphysio","https:\/\/www.linkedin.com\/in\/dabbourphysio\/","https:\/\/www.youtube.com\/channel\/UCae1y76E-jTWOkD7TMHdxwg","https:\/\/twitter.com\/dabbourphysio"],"logo":{"@type":"ImageObject","@id":"https:\/\/dabbourphysio.com\/test\/#logo","inLanguage":"en-US","url":"https:\/\/dabbourphysio.com\/test\/wp-content\/uploads\/2016\/10\/hannatwotoneex2020.jpg","contentUrl":"https:\/\/dabbourphysio.com\/test\/wp-content\/uploads\/2016\/10\/hannatwotoneex2020.jpg","width":1890,"height":1890,"caption":"DabbourPhysio"},"image":{"@id":"https:\/\/dabbourphysio.com\/test\/#logo"}},{"@type":"WebSite","@id":"https:\/\/dabbourphysio.com\/test\/#website","url":"https:\/\/dabbourphysio.com\/test\/","name":"Dabbour Physio","description":"Chartered Senior Physiotherapist in Stockholm &amp; London","publisher":{"@id":"https:\/\/dabbourphysio.com\/test\/#organization"},"potentialAction":[{"@type":"SearchAction","target":{"@type":"EntryPoint","urlTemplate":"https:\/\/dabbourphysio.com\/test\/?s={search_term_string}"},"query-input":"required name=search_term_string"}],"inLanguage":"en-US"},{"@type":"WebPage","@id":"https:\/\/dabbourphysio.com\/test\/styrka-och-konditionering\/?lang=sv#webpage","url":"https:\/\/dabbourphysio.com\/test\/styrka-och-konditionering\/?lang=sv","name":"Styrka och konditionering &ndash; Dabbour Physio","isPartOf":{"@id":"https:\/\/dabbourphysio.com\/test\/#website"},"datePublished":"2021-06-06T22:10:35+00:00","dateModified":"2021-09-06T19:28:20+00:00","breadcrumb":{"@id":"https:\/\/dabbourphysio.com\/test\/styrka-och-konditionering\/?lang=sv#breadcrumb"},"inLanguage":"en-US","potentialAction":[{"@type":"ReadAction","target":["https:\/\/dabbourphysio.com\/test\/styrka-och-konditionering\/?lang=sv"]}]},{"@type":"BreadcrumbList","@id":"https:\/\/dabbourphysio.com\/test\/styrka-och-konditionering\/?lang=sv#breadcrumb","itemListElement":[{"@type":"ListItem","position":1,"name":"Home","item":"https:\/\/dabbourphysio.com\/test\/"},{"@type":"ListItem","position":2,"name":"Styrka och konditionering"}]}]}},"_links":{"self":[{"href":"https:\/\/dabbourphysio.com\/test\/wp-json\/wp\/v2\/pages\/3847"}],"collection":[{"href":"https:\/\/dabbourphysio.com\/test\/wp-json\/wp\/v2\/pages"}],"about":[{"href":"https:\/\/dabbourphysio.com\/test\/wp-json\/wp\/v2\/types\/page"}],"author":[{"embeddable":true,"href":"https:\/\/dabbourphysio.com\/test\/wp-json\/wp\/v2\/users\/3"}],"replies":[{"embeddable":true,"href":"https:\/\/dabbourphysio.com\/test\/wp-json\/wp\/v2\/comments?post=3847"}],"version-history":[{"count":5,"href":"https:\/\/dabbourphysio.com\/test\/wp-json\/wp\/v2\/pages\/3847\/revisions"}],"predecessor-version":[{"id":3945,"href":"https:\/\/dabbourphysio.com\/test\/wp-json\/wp\/v2\/pages\/3847\/revisions\/3945"}],"wp:attachment":[{"href":"https:\/\/dabbourphysio.com\/test\/wp-json\/wp\/v2\/media?parent=3847"}],"curies":[{"name":"wp","href":"https:\/\/api.w.org\/{rel}","templated":true}]}}