{"id":3848,"date":"2021-06-06T23:10:37","date_gmt":"2021-06-06T22:10:37","guid":{"rendered":"https:\/\/dabbourphysio.com\/test\/muskuloskeletala-sjukgymnastik\/"},"modified":"2021-09-06T20:27:56","modified_gmt":"2021-09-06T19:27:56","slug":"muskuloskeletala-sjukgymnastik","status":"publish","type":"page","link":"https:\/\/dabbourphysio.com\/test\/muskuloskeletala-sjukgymnastik\/?lang=sv","title":{"rendered":"Muskuloskeletala sjukgymnastik"},"content":{"rendered":"<div id=\"cs-content\" class=\"cs-content\"><div class=\"x-section e3848-1 m2yw-0 m2yw-1\"><div class=\"x-row x-container max width e3848-2 m2yw-3 m2yw-4\"><div class=\"x-row-inner\"><div class=\"x-col e3848-3 m2yw-6 m2yw-7\"><h2  class=\"h-custom-headline cs-ta-center title h2\" ><span>Ortopedisk och musculuskeletal fysioterapi<\/span><\/h2><\/div><\/div><\/div><div class=\"x-row x-container max width e3848-5 m2yw-3\"><div class=\"x-row-inner\"><div class=\"x-col e3848-6 m2yw-6 m2yw-7\"><div class=\"x-text e3848-7 m2yw-9 m2yw-a m2yw-b m2yw-c\">Fysioterapeuter \u00e4r experter p\u00e5 att bed\u00f6ma och behandla muskuloskeletala sm\u00e4rtor och st\u00f6rningar, s\u00e5som sm\u00e4rta eller skada i leder, ligament, muskler, senor, nerver och de olika strukturer som st\u00f6der din kropp.<\/div><\/div><div class=\"x-col e3848-8 m2yw-6 m2yw-7\"><div class=\"x-text e3848-9 m2yw-9 m2yw-b m2yw-d\"><p>Muskuloskeletala fysioterapibehandlingar anv\u00e4nder vanligtvis led- och mjukv\u00e4vnadsmobilisering, tr\u00e4ningsr\u00e5d, programrecept, tejpning och biomekanisk utv\u00e4rdering f\u00f6r att hj\u00e4lpa till med dessa problem. Sjukgymnastik kan anv\u00e4nda ultraljud, medicinsk akupunktur, elektroterapi och tr\u00e4ningsplaner som alla st\u00f6ds av medicinsk expertis och omfattande yrkesut\u00f6vning.<\/p>\n<p>Vanliga tillst\u00e5nd som kan behandlas med sjukgymnastik inkluderar:<ul>\n<li>Skador fr\u00e5n sport eller olyckor\n<li>Ryggv\u00e4rk eller skada till ryggraden\n<li>Axeldysfunktioner\n<li>Dysfunktioner i h\u00f6ft och kn\u00e4\n<li>Rehabilitering efter ortopedisk kirurgi\n<li>Artritisk sm\u00e4rta\n<li>Problem fr\u00e5n din h\u00e5llning <\/ul><\/div><\/div><\/div><\/div><\/div><div class=\"x-section e3848-10 m2yw-0 m2yw-2\"><div class=\"x-row x-container max width e3848-11 m2yw-3 m2yw-5\"><div class=\"x-row-inner\"><div class=\"x-col e3848-12 m2yw-6 m2yw-8\"><div class=\"x-text e3848-13 m2yw-9 m2yw-a m2yw-e\">Kontakta mig g\u00e4rna om du har n\u00e5gra fr\u00e5gor, <br> eller vill boka tid!<\/div><a class=\"x-anchor x-anchor-button has-graphic has-int-content e3848-14 m2yw-f m2yw-g  x-hide-sm x-hide-xs\" tabindex=\"0\" href=\"\/test\/kontakt\/?lang=sv\"><div class=\"x-anchor-content x-anchor-content-out-slide-top-in-scale-up\"><span class=\"x-graphic\" aria-hidden=\"true\"><i class=\"x-icon x-graphic-child x-graphic-icon x-graphic-primary\" aria-hidden=\"true\" data-x-icon-l=\"&#xf25a;\"><\/i><\/span><div class=\"x-anchor-text\"><span class=\"x-anchor-text-primary\">Har du fr\u00e5gor?<\/span><\/div><\/div><div class=\"x-anchor-content x-anchor-content-out-slide-top-in-scale-up is-int\"><span class=\"x-graphic\" aria-hidden=\"true\"><i class=\"x-icon x-graphic-child x-graphic-icon x-graphic-primary\" aria-hidden=\"true\" data-x-icon-l=\"&#xf672;\"><\/i><\/span><div class=\"x-anchor-text\"><div class=\"x-anchor-text-primary\">F\u00e5 n\u00e5gra svar!<\/div><\/div><\/div><\/a><a class=\"x-anchor x-anchor-button has-graphic has-int-content e3848-15 m2yw-g m2yw-h  x-hide-lg x-hide-md x-hide-xl\" tabindex=\"0\" href=\"\/test\/kontakt\/?lang=sv\"><div class=\"x-anchor-content x-anchor-content-out-slide-top-in-scale-up\"><span class=\"x-graphic\" aria-hidden=\"true\"><i class=\"x-icon x-graphic-child x-graphic-icon x-graphic-primary\" aria-hidden=\"true\" data-x-icon-l=\"&#xf25a;\"><\/i><\/span><div class=\"x-anchor-text\"><span class=\"x-anchor-text-primary\">Har du fr\u00e5gor?<\/span><\/div><\/div><div class=\"x-anchor-content x-anchor-content-out-slide-top-in-scale-up is-int\"><span class=\"x-graphic\" aria-hidden=\"true\"><i class=\"x-icon x-graphic-child x-graphic-icon x-graphic-primary\" aria-hidden=\"true\" data-x-icon-l=\"&#xf672;\"><\/i><\/span><div class=\"x-anchor-text\"><div class=\"x-anchor-text-primary\">F\u00e5 n\u00e5gra svar!<\/div><\/div><\/div><\/a><\/div><\/div><\/div><\/div><\/div>\n","protected":false},"excerpt":{"rendered":"<p>Ortopedisk och musculuskeletal fysioterapiFysioterapeuter \u00e4r experter p\u00e5 att bed\u00f6ma och behandla muskuloskeletala sm\u00e4rtor och st\u00f6rningar, s\u00e5som sm\u00e4rta eller skada i leder, ligament, muskler, senor, nerver och de olika strukturer som st\u00f6der din kropp.Muskuloskeletala fysioterapibehandlingar anv\u00e4nder vanligtvis led- och mjukv\u00e4vnadsmobilisering, tr\u00e4ningsr\u00e5d, programrecept, tejpning och biomekanisk utv\u00e4rdering f\u00f6r att hj\u00e4lpa till med dessa problem. Sjukgymnastik kan anv\u00e4nda ultraljud, medicinsk akupunktur, elektroterapi och &#8230; <\/p>\n<div><a href=\"https:\/\/dabbourphysio.com\/test\/muskuloskeletala-sjukgymnastik\/?lang=sv\" class=\"more-link\">Read More<\/a><\/div>\n","protected":false},"author":3,"featured_media":0,"parent":0,"menu_order":0,"comment_status":"closed","ping_status":"closed","template":"template-blank-4.php","meta":[],"yoast_head":"<!-- This site is optimized with the Yoast SEO plugin v18.0 - https:\/\/yoast.com\/wordpress\/plugins\/seo\/ -->\n<title>Muskuloskeletala sjukgymnastik &ndash; Dabbour Physio<\/title>\n<meta name=\"robots\" content=\"index, follow, max-snippet:-1, max-image-preview:large, max-video-preview:-1\" \/>\n<link rel=\"canonical\" href=\"https:\/\/dabbourphysio.com\/test\/muskuloskeletala-sjukgymnastik\/\" \/>\n<meta property=\"og:locale\" content=\"en_US\" \/>\n<meta property=\"og:type\" content=\"article\" \/>\n<meta property=\"og:title\" content=\"Muskuloskeletala sjukgymnastik &ndash; Dabbour Physio\" \/>\n<meta property=\"og:description\" content=\"Ortopedisk och musculuskeletal fysioterapiFysioterapeuter \u00e4r experter p\u00e5 att bed\u00f6ma och behandla muskuloskeletala sm\u00e4rtor och st\u00f6rningar, s\u00e5som sm\u00e4rta eller skada i leder, ligament, muskler, senor, nerver och de olika strukturer som st\u00f6der din kropp.Muskuloskeletala fysioterapibehandlingar anv\u00e4nder vanligtvis led- och mjukv\u00e4vnadsmobilisering, tr\u00e4ningsr\u00e5d, programrecept, tejpning och biomekanisk utv\u00e4rdering f\u00f6r att hj\u00e4lpa till med dessa problem. Sjukgymnastik kan anv\u00e4nda ultraljud, medicinsk akupunktur, elektroterapi och ... Read More\" \/>\n<meta property=\"og:url\" content=\"https:\/\/dabbourphysio.com\/test\/muskuloskeletala-sjukgymnastik\/?lang=sv\" \/>\n<meta property=\"og:site_name\" content=\"Dabbour Physio\" \/>\n<meta property=\"article:publisher\" content=\"https:\/\/www.facebook.com\/DabbourPhysio\/\" \/>\n<meta property=\"article:modified_time\" content=\"2021-09-06T19:27:56+00:00\" \/>\n<meta name=\"twitter:card\" content=\"summary\" \/>\n<meta name=\"twitter:site\" content=\"@dabbourphysio\" \/>\n<meta name=\"twitter:label1\" content=\"Est. reading time\" \/>\n\t<meta name=\"twitter:data1\" content=\"2 minutes\" \/>\n<script type=\"application\/ld+json\" class=\"yoast-schema-graph\">{\"@context\":\"https:\/\/schema.org\",\"@graph\":[{\"@type\":\"Organization\",\"@id\":\"https:\/\/dabbourphysio.com\/test\/#organization\",\"name\":\"DabbourPhysio\",\"url\":\"https:\/\/dabbourphysio.com\/test\/\",\"sameAs\":[\"https:\/\/www.facebook.com\/DabbourPhysio\/\",\"http:\/\/dabbourphysio\",\"https:\/\/www.linkedin.com\/in\/dabbourphysio\/\",\"https:\/\/www.youtube.com\/channel\/UCae1y76E-jTWOkD7TMHdxwg\",\"https:\/\/twitter.com\/dabbourphysio\"],\"logo\":{\"@type\":\"ImageObject\",\"@id\":\"https:\/\/dabbourphysio.com\/test\/#logo\",\"inLanguage\":\"en-US\",\"url\":\"https:\/\/dabbourphysio.com\/test\/wp-content\/uploads\/2016\/10\/hannatwotoneex2020.jpg\",\"contentUrl\":\"https:\/\/dabbourphysio.com\/test\/wp-content\/uploads\/2016\/10\/hannatwotoneex2020.jpg\",\"width\":1890,\"height\":1890,\"caption\":\"DabbourPhysio\"},\"image\":{\"@id\":\"https:\/\/dabbourphysio.com\/test\/#logo\"}},{\"@type\":\"WebSite\",\"@id\":\"https:\/\/dabbourphysio.com\/test\/#website\",\"url\":\"https:\/\/dabbourphysio.com\/test\/\",\"name\":\"Dabbour Physio\",\"description\":\"Chartered Senior Physiotherapist in Stockholm &amp; London\",\"publisher\":{\"@id\":\"https:\/\/dabbourphysio.com\/test\/#organization\"},\"potentialAction\":[{\"@type\":\"SearchAction\",\"target\":{\"@type\":\"EntryPoint\",\"urlTemplate\":\"https:\/\/dabbourphysio.com\/test\/?s={search_term_string}\"},\"query-input\":\"required name=search_term_string\"}],\"inLanguage\":\"en-US\"},{\"@type\":\"WebPage\",\"@id\":\"https:\/\/dabbourphysio.com\/test\/muskuloskeletala-sjukgymnastik\/?lang=sv#webpage\",\"url\":\"https:\/\/dabbourphysio.com\/test\/muskuloskeletala-sjukgymnastik\/?lang=sv\",\"name\":\"Muskuloskeletala sjukgymnastik &ndash; Dabbour Physio\",\"isPartOf\":{\"@id\":\"https:\/\/dabbourphysio.com\/test\/#website\"},\"datePublished\":\"2021-06-06T22:10:37+00:00\",\"dateModified\":\"2021-09-06T19:27:56+00:00\",\"breadcrumb\":{\"@id\":\"https:\/\/dabbourphysio.com\/test\/muskuloskeletala-sjukgymnastik\/?lang=sv#breadcrumb\"},\"inLanguage\":\"en-US\",\"potentialAction\":[{\"@type\":\"ReadAction\",\"target\":[\"https:\/\/dabbourphysio.com\/test\/muskuloskeletala-sjukgymnastik\/?lang=sv\"]}]},{\"@type\":\"BreadcrumbList\",\"@id\":\"https:\/\/dabbourphysio.com\/test\/muskuloskeletala-sjukgymnastik\/?lang=sv#breadcrumb\",\"itemListElement\":[{\"@type\":\"ListItem\",\"position\":1,\"name\":\"Home\",\"item\":\"https:\/\/dabbourphysio.com\/test\/\"},{\"@type\":\"ListItem\",\"position\":2,\"name\":\"Muskuloskeletala sjukgymnastik\"}]}]}<\/script>\n<!-- \/ Yoast SEO plugin. -->","yoast_head_json":{"title":"Muskuloskeletala sjukgymnastik &ndash; Dabbour Physio","robots":{"index":"index","follow":"follow","max-snippet":"max-snippet:-1","max-image-preview":"max-image-preview:large","max-video-preview":"max-video-preview:-1"},"canonical":"https:\/\/dabbourphysio.com\/test\/muskuloskeletala-sjukgymnastik\/","og_locale":"en_US","og_type":"article","og_title":"Muskuloskeletala sjukgymnastik &ndash; Dabbour Physio","og_description":"Ortopedisk och musculuskeletal fysioterapiFysioterapeuter \u00e4r experter p\u00e5 att bed\u00f6ma och behandla muskuloskeletala sm\u00e4rtor och st\u00f6rningar, s\u00e5som sm\u00e4rta eller skada i leder, ligament, muskler, senor, nerver och de olika strukturer som st\u00f6der din kropp.Muskuloskeletala fysioterapibehandlingar anv\u00e4nder vanligtvis led- och mjukv\u00e4vnadsmobilisering, tr\u00e4ningsr\u00e5d, programrecept, tejpning och biomekanisk utv\u00e4rdering f\u00f6r att hj\u00e4lpa till med dessa problem. Sjukgymnastik kan anv\u00e4nda ultraljud, medicinsk akupunktur, elektroterapi och ... Read More","og_url":"https:\/\/dabbourphysio.com\/test\/muskuloskeletala-sjukgymnastik\/?lang=sv","og_site_name":"Dabbour Physio","article_publisher":"https:\/\/www.facebook.com\/DabbourPhysio\/","article_modified_time":"2021-09-06T19:27:56+00:00","twitter_card":"summary","twitter_site":"@dabbourphysio","twitter_misc":{"Est. reading time":"2 minutes"},"schema":{"@context":"https:\/\/schema.org","@graph":[{"@type":"Organization","@id":"https:\/\/dabbourphysio.com\/test\/#organization","name":"DabbourPhysio","url":"https:\/\/dabbourphysio.com\/test\/","sameAs":["https:\/\/www.facebook.com\/DabbourPhysio\/","http:\/\/dabbourphysio","https:\/\/www.linkedin.com\/in\/dabbourphysio\/","https:\/\/www.youtube.com\/channel\/UCae1y76E-jTWOkD7TMHdxwg","https:\/\/twitter.com\/dabbourphysio"],"logo":{"@type":"ImageObject","@id":"https:\/\/dabbourphysio.com\/test\/#logo","inLanguage":"en-US","url":"https:\/\/dabbourphysio.com\/test\/wp-content\/uploads\/2016\/10\/hannatwotoneex2020.jpg","contentUrl":"https:\/\/dabbourphysio.com\/test\/wp-content\/uploads\/2016\/10\/hannatwotoneex2020.jpg","width":1890,"height":1890,"caption":"DabbourPhysio"},"image":{"@id":"https:\/\/dabbourphysio.com\/test\/#logo"}},{"@type":"WebSite","@id":"https:\/\/dabbourphysio.com\/test\/#website","url":"https:\/\/dabbourphysio.com\/test\/","name":"Dabbour Physio","description":"Chartered Senior Physiotherapist in Stockholm &amp; London","publisher":{"@id":"https:\/\/dabbourphysio.com\/test\/#organization"},"potentialAction":[{"@type":"SearchAction","target":{"@type":"EntryPoint","urlTemplate":"https:\/\/dabbourphysio.com\/test\/?s={search_term_string}"},"query-input":"required name=search_term_string"}],"inLanguage":"en-US"},{"@type":"WebPage","@id":"https:\/\/dabbourphysio.com\/test\/muskuloskeletala-sjukgymnastik\/?lang=sv#webpage","url":"https:\/\/dabbourphysio.com\/test\/muskuloskeletala-sjukgymnastik\/?lang=sv","name":"Muskuloskeletala sjukgymnastik &ndash; Dabbour Physio","isPartOf":{"@id":"https:\/\/dabbourphysio.com\/test\/#website"},"datePublished":"2021-06-06T22:10:37+00:00","dateModified":"2021-09-06T19:27:56+00:00","breadcrumb":{"@id":"https:\/\/dabbourphysio.com\/test\/muskuloskeletala-sjukgymnastik\/?lang=sv#breadcrumb"},"inLanguage":"en-US","potentialAction":[{"@type":"ReadAction","target":["https:\/\/dabbourphysio.com\/test\/muskuloskeletala-sjukgymnastik\/?lang=sv"]}]},{"@type":"BreadcrumbList","@id":"https:\/\/dabbourphysio.com\/test\/muskuloskeletala-sjukgymnastik\/?lang=sv#breadcrumb","itemListElement":[{"@type":"ListItem","position":1,"name":"Home","item":"https:\/\/dabbourphysio.com\/test\/"},{"@type":"ListItem","position":2,"name":"Muskuloskeletala sjukgymnastik"}]}]}},"_links":{"self":[{"href":"https:\/\/dabbourphysio.com\/test\/wp-json\/wp\/v2\/pages\/3848"}],"collection":[{"href":"https:\/\/dabbourphysio.com\/test\/wp-json\/wp\/v2\/pages"}],"about":[{"href":"https:\/\/dabbourphysio.com\/test\/wp-json\/wp\/v2\/types\/page"}],"author":[{"embeddable":true,"href":"https:\/\/dabbourphysio.com\/test\/wp-json\/wp\/v2\/users\/3"}],"replies":[{"embeddable":true,"href":"https:\/\/dabbourphysio.com\/test\/wp-json\/wp\/v2\/comments?post=3848"}],"version-history":[{"count":9,"href":"https:\/\/dabbourphysio.com\/test\/wp-json\/wp\/v2\/pages\/3848\/revisions"}],"predecessor-version":[{"id":3944,"href":"https:\/\/dabbourphysio.com\/test\/wp-json\/wp\/v2\/pages\/3848\/revisions\/3944"}],"wp:attachment":[{"href":"https:\/\/dabbourphysio.com\/test\/wp-json\/wp\/v2\/media?parent=3848"}],"curies":[{"name":"wp","href":"https:\/\/api.w.org\/{rel}","templated":true}]}}