{"id":3851,"date":"2021-06-06T23:10:46","date_gmt":"2021-06-06T22:10:46","guid":{"rendered":"https:\/\/dabbourphysio.com\/test\/fysioterapi-vid-fodseln-och-efter-fodseln\/"},"modified":"2021-09-06T20:29:36","modified_gmt":"2021-09-06T19:29:36","slug":"fysioterapi-vid-fodseln-och-efter-fodseln","status":"publish","type":"page","link":"https:\/\/dabbourphysio.com\/test\/fysioterapi-vid-fodseln-och-efter-fodseln\/?lang=sv","title":{"rendered":"Fysioterapi vid f\u00f6dseln och efter f\u00f6dseln"},"content":{"rendered":"<div id=\"cs-content\" class=\"cs-content\"><div class=\"x-section e3851-1 m2yz-0 m2yz-1\"><div class=\"x-row x-container max width e3851-2 m2yz-3 m2yz-4\"><div class=\"x-row-inner\"><div class=\"x-col e3851-3 m2yz-6 m2yz-7\"><div class=\"x-text e3851-4 m2yz-9 m2yz-a m2yz-b\">Pre- och postnatal fysioterapi<\/div><\/div><\/div><\/div><div class=\"x-row x-container max width e3851-5 m2yz-3\"><div class=\"x-row-inner\"><div class=\"x-col e3851-6 m2yz-6 m2yz-7\"><div class=\"x-text e3851-7 m2yz-9 m2yz-c m2yz-d m2yz-e m2yz-f\">During the antenatal and postnatal period the body undergoes a significant amount of musculoskeletal and hormonal changes.<\/div><\/div><div class=\"x-col e3851-8 m2yz-6 m2yz-7\"><div class=\"x-text e3851-9 m2yz-9 m2yz-d m2yz-e m2yz-g\"><p>Under f\u00f6rlossningsperioden och efter f\u00f6dseln genomg\u00e5r kroppen en betydande m\u00e4ngd muskuloskeletala och hormonella f\u00f6r\u00e4ndringar.\n<\/p>\n<p>Vanliga \u00e5kommor inkluderar:<\/p><\/div><div class=\"x-acc e3851-10 m2yz-i\" role=\"tablist\" id=\"x-acc-e3851-10\"><div class=\"e3851-11 x-acc-item\"><button id=\"tab-e3851-11\" class=\"x-acc-header\" role=\"tab\" type=\"button\" aria-selected=\"false\" aria-expanded=\"false\" aria-controls=\"panel-e3851-11\" data-x-toggle=\"collapse\" data-x-toggleable=\"e3851-11\"><span class=\"x-acc-header-content\"><span class=\"x-acc-header-indicator\">&#x25b8;<\/span><span class=\"x-acc-header-text\">Foglossning, b\u00e4ckensm\u00e4rta  <\/span><\/span><\/button><div id=\"panel-e3851-11\" role=\"tabpanel\" aria-hidden=\"true\" aria-labelledby=\"tab-e3851-11\" data-x-toggleable=\"e3851-11\" data-x-toggle-collapse=\"1\" class=\"x-collapsed\"><div class=\"x-acc-content\"><ul>\n<li>Foglossning\/B\u00e4ckensm\u00e4rta, eller Pelvic Girdle Pain (PGP) som det kallas p\u00e5 engelska, kan inkludera sm\u00e4rta i blygdbensfogen, sakroiliakaleden, svansbenet eller en kombination av dessa. Symtom inkluderar sm\u00e4rta i nedre delen av ryggen, fram och baksida av l\u00e5ren, baksidan av underbenet, runt h\u00f6fterna samt sm\u00e4rta runt b\u00e4ckenbotten och runt slidan, perineum eller anus.\n<li>Behandlingarna inkluderar r\u00e5d och utbildning om hantering och rehabilitering av sm\u00e4rtan samt \u00f6vningar och tr\u00e4ningsprogram som fokuserar p\u00e5 att st\u00e4rka musklerna f\u00f6r att f\u00f6rb\u00e4ttra stabiliteten i b\u00e4ckenet och ryggen. Fysioterapibehandling kan ocks\u00e5 inkludera anv\u00e4ndning av utrustning som b\u00e4ltesst\u00f6db\u00e4lten eller massage och skonsam manipulation av relevanta omr\u00e5den.<\/ul><\/div><\/div><\/div><div class=\"e3851-12 x-acc-item\"><button id=\"tab-e3851-12\" class=\"x-acc-header\" role=\"tab\" type=\"button\" aria-selected=\"false\" aria-expanded=\"false\" aria-controls=\"panel-e3851-12\" data-x-toggle=\"collapse\" data-x-toggleable=\"e3851-12\"><span class=\"x-acc-header-content\"><span class=\"x-acc-header-indicator\">&#x25b8;<\/span><span class=\"x-acc-header-text\">Postnatal behandling f\u00f6r bristningar, \u00e4rr och kejsarsnitt<\/span><\/span><\/button><div id=\"panel-e3851-12\" role=\"tabpanel\" aria-hidden=\"true\" aria-labelledby=\"tab-e3851-12\" data-x-toggleable=\"e3851-12\" data-x-toggle-collapse=\"1\" class=\"x-collapsed\"><div class=\"x-acc-content\"><ul><li>Fysioterapi kan hj\u00e4lpa till att hantera och rehabilitera sm\u00e4rta orsakad av bristningar eller \u00e4rr fr\u00e5n f\u00f6dseln, till exempel fr\u00e5n en kejsarsnitt eller episiotomi.<li>Fysioterapi kan ocks\u00e5 hj\u00e4lpa till med r\u00e5d och utbildning om hur man minimerar \u00e4rrv\u00e4vnad och s\u00e4kerst\u00e4ller b\u00e4sta m\u00f6jliga l\u00e4kning fr\u00e5n bristningar och stygn.<\/ul><\/div><\/div><\/div><div class=\"e3851-13 x-acc-item\"><button id=\"tab-e3851-13\" class=\"x-acc-header\" role=\"tab\" type=\"button\" aria-selected=\"false\" aria-expanded=\"false\" aria-controls=\"panel-e3851-13\" data-x-toggle=\"collapse\" data-x-toggleable=\"e3851-13\"><span class=\"x-acc-header-content\"><span class=\"x-acc-header-indicator\">&#x25b8;<\/span><span class=\"x-acc-header-text\">Postnatala rygg och ryggradsproblem<\/span><\/span><\/button><div id=\"panel-e3851-13\" role=\"tabpanel\" aria-hidden=\"true\" aria-labelledby=\"tab-e3851-13\" data-x-toggleable=\"e3851-13\" data-x-toggle-collapse=\"1\" class=\"x-collapsed\"><div class=\"x-acc-content\"><ul><li>M\u00e5nga kvinnor kan drabbas av sm\u00e4rta i ryggraden efter graviditeten. Kvinnoh\u00e4lsofysioterapeuter \u00e4r utbildade f\u00f6r att diagnostisera och behandla eventuella problem relaterade till detta samt eventuella muskuloskeletala sm\u00e4rtor i nedre ryggen.\n<li>Behandlingar inkluderar r\u00e5d och utbildning om hantering och rehabilitering av problemet samt \u00f6vningar och tr\u00e4ningsprogram som fokuserar p\u00e5 att st\u00e4rka musklerna f\u00f6r att f\u00f6rb\u00e4ttra ryggstabiliteten.<\/ul><\/div><\/div><\/div><div class=\"e3851-14 x-acc-item\"><button id=\"tab-e3851-14\" class=\"x-acc-header\" role=\"tab\" type=\"button\" aria-selected=\"false\" aria-expanded=\"false\" aria-controls=\"panel-e3851-14\" data-x-toggle=\"collapse\" data-x-toggleable=\"e3851-14\"><span class=\"x-acc-header-content\"><span class=\"x-acc-header-indicator\">&#x25b8;<\/span><span class=\"x-acc-header-text\">Att \u00e5terv\u00e4nda till tr\u00e4ning och dagliga aktiviteter<\/span><\/span><\/button><div id=\"panel-e3851-14\" role=\"tabpanel\" aria-hidden=\"true\" aria-labelledby=\"tab-e3851-14\" data-x-toggleable=\"e3851-14\" data-x-toggle-collapse=\"1\" class=\"x-collapsed\"><div class=\"x-acc-content\"><ul><li>M\u00e5nga kvinnor f\u00e5r f\u00f6rsvagade mag- och b\u00e4ckenbottensmuskler efter en graviditet. Behandlingen inkluderar ett personligt tr\u00e4ningsprogram som \u00e4r utformat f\u00f6r att f\u00f6rb\u00e4ttra eventuella svagheter i din \u201dcore\u201d och b\u00e4ckenbottensmusklerna. Tr\u00e4ningen kan ocks\u00e5 anpassas till dina m\u00e5l och dina f\u00f6redragna aktiviteter, s\u00e5 att du kan integrera din behandling i ditt dagliga liv. <\/ul><\/div><\/div><\/div><div class=\"e3851-15 x-acc-item\"><button id=\"tab-e3851-15\" class=\"x-acc-header\" role=\"tab\" type=\"button\" aria-selected=\"false\" aria-expanded=\"false\" aria-controls=\"panel-e3851-15\" data-x-toggle=\"collapse\" data-x-toggleable=\"e3851-15\"><span class=\"x-acc-header-content\"><span class=\"x-acc-header-indicator\">&#x25b8;<\/span><span class=\"x-acc-header-text\">Svaga mag- och b\u00e4ckenbottensmuskler<\/span><\/span><\/button><div id=\"panel-e3851-15\" role=\"tabpanel\" aria-hidden=\"true\" aria-labelledby=\"tab-e3851-15\" data-x-toggleable=\"e3851-15\" data-x-toggle-collapse=\"1\" class=\"x-collapsed\"><div class=\"x-acc-content\"><ul><li>Treatment includes a personalised training programme designed to help improve any weakness in your core and pelvis due to the pregnancy. The exercise prescription can also be adjusted towards your goals and your preferred activities, allowing you to incorporate your treatment into your daily life.<\/ul><\/div><\/div><\/div><div class=\"e3851-16 x-acc-item\"><button id=\"tab-e3851-16\" class=\"x-acc-header\" role=\"tab\" type=\"button\" aria-selected=\"false\" aria-expanded=\"false\" aria-controls=\"panel-e3851-16\" data-x-toggle=\"collapse\" data-x-toggleable=\"e3851-16\"><span class=\"x-acc-header-content\"><span class=\"x-acc-header-indicator\">&#x25b8;<\/span><span class=\"x-acc-header-text\">B\u00e4ckenbottenssm\u00e4rta (vulvodyni, endometrios, dysmenorr\u00e9 etc.)<\/span><\/span><\/button><div id=\"panel-e3851-16\" role=\"tabpanel\" aria-hidden=\"true\" aria-labelledby=\"tab-e3851-16\" data-x-toggleable=\"e3851-16\" data-x-toggle-collapse=\"1\" class=\"x-collapsed\"><div class=\"x-acc-content\"><ul><li>Orsaker till inre b\u00e4ckenv\u00e4rk som kvinnoh\u00e4lsofysioterapeuter utbildas f\u00f6r att diagnostisera inkluderar \u00f6veraktiva b\u00e4ckenbottensmuskler, vulvodyni, endometrios, vaginism, dyspareuni, hormonella f\u00f6r\u00e4ndringar och hudirritation.\n<li>Beroende p\u00e5 din typ av b\u00e4ckenv\u00e4rk finns det ett stort utbud av behandlingar. Detta kan inkludera r\u00e5d \/ utbildning om hur man kan hantera och f\u00f6rebygga sm\u00e4rtan samt tr\u00e4ningsprogram och manuell terapi. Det kan ocks\u00e5 inkludera manuell terapi f\u00f6r att slappna av i b\u00e4ckenbottenmusklerna samt punktmassage, myofasciala stretch\u00f6vningar och \u00e4rrmassage.<\/ul><\/div><\/div><\/div><div class=\"e3851-17 x-acc-item\"><button id=\"tab-e3851-17\" class=\"x-acc-header\" role=\"tab\" type=\"button\" aria-selected=\"false\" aria-expanded=\"false\" aria-controls=\"panel-e3851-17\" data-x-toggle=\"collapse\" data-x-toggleable=\"e3851-17\"><span class=\"x-acc-header-content\"><span class=\"x-acc-header-indicator\">&#x25b8;<\/span><span class=\"x-acc-header-text\">Sm\u00e4rta vid sex (dyspareuni, vaginism etc.)<\/span><\/span><\/button><div id=\"panel-e3851-17\" role=\"tabpanel\" aria-hidden=\"true\" aria-labelledby=\"tab-e3851-17\" data-x-toggleable=\"e3851-17\" data-x-toggle-collapse=\"1\" class=\"x-collapsed\"><div class=\"x-acc-content\"><ul><li>Symtom inkluderar sm\u00e4rta vid sexuell penetration eller helt enkelt vid n\u00e5gon penetration i slidan (tamponger, preventivmedel etc.) eller pl\u00f6tslig sm\u00e4rta efter tidigare sm\u00e4rtfritt sex. Det kan ocks\u00e5 uppst\u00e5 som en djup och tung sm\u00e4rta, sveda eller v\u00e4rk som finns kvar efter samlag.\n<li>Patienter med dyspareuni har ofta muskuloskeletala problem som kan hj\u00e4lpa till med fysioterapi. Behandlingarna inkluderar r\u00e5dgivning \/ utbildning om samlag och sexuell aktivitet f\u00f6rutom tr\u00e4ning av b\u00e4ckenbotten. Det kan ocks\u00e5 inkludera manuell terapi f\u00f6r att slappna av i b\u00e4ckenbottenmusklerna samt punktmassage, myofasciala stretch\u00f6vningar och \u00e4rrmassage.<\/ul><\/div><\/div><\/div><div class=\"e3851-18 x-acc-item\"><button id=\"tab-e3851-18\" class=\"x-acc-header\" role=\"tab\" type=\"button\" aria-selected=\"false\" aria-expanded=\"false\" aria-controls=\"panel-e3851-18\" data-x-toggle=\"collapse\" data-x-toggleable=\"e3851-18\"><span class=\"x-acc-header-content\"><span class=\"x-acc-header-indicator\">&#x25b8;<\/span><span class=\"x-acc-header-text\">Abdominell rektusdiastas (delade magmuskler efter graviditet)<\/span><\/span><\/button><div id=\"panel-e3851-18\" role=\"tabpanel\" aria-hidden=\"true\" aria-labelledby=\"tab-e3851-18\" data-x-toggleable=\"e3851-18\" data-x-toggle-collapse=\"1\" class=\"x-collapsed\"><div class=\"x-acc-content\"><ul><li>Under graviditeten kan din rectus abdominis muskel dela p\u00e5 sig n\u00e4r ditt barn v\u00e4xer. Denna muskel ligger i mitten av magen och har en viktig roll f\u00f6r att ge stabilitet i nedre delen av ryggen och din \u201dcore\u201d.\n<li>Separation of the rectus abdominis heals normally during the first three to four months postnatal. After this period, progressive abdominal exercises are required to help ensure the muscle regains its strength and will be able to help prevent you having an increased risk of lower back pain, pelvic floor dysfunction and abdominal hernias.<\/ul><\/div><\/div><\/div><\/div><\/div><\/div><\/div><\/div><div class=\"x-section e3851-19 m2yz-0 m2yz-2\"><div class=\"x-row x-container max width e3851-20 m2yz-3 m2yz-5\"><div class=\"x-row-inner\"><div class=\"x-col e3851-21 m2yz-6 m2yz-8\"><div class=\"x-text e3851-22 m2yz-9 m2yz-b m2yz-c m2yz-d m2yz-h\">Kontakta mig g\u00e4rna om du har n\u00e5gra fr\u00e5gor, <br> eller vill boka tid!<\/div><a class=\"x-anchor x-anchor-button has-graphic has-int-content e3851-23 m2yz-j m2yz-k  x-hide-sm x-hide-xs\" tabindex=\"0\" href=\"\/test\/kontakt\/?lang=sv\"><div class=\"x-anchor-content x-anchor-content-out-slide-top-in-scale-up\"><span class=\"x-graphic\" aria-hidden=\"true\"><i class=\"x-icon x-graphic-child x-graphic-icon x-graphic-primary\" aria-hidden=\"true\" data-x-icon-l=\"&#xf25a;\"><\/i><\/span><div class=\"x-anchor-text\"><span class=\"x-anchor-text-primary\">Har du fr\u00e5gor?<\/span><\/div><\/div><div class=\"x-anchor-content x-anchor-content-out-slide-top-in-scale-up is-int\"><span class=\"x-graphic\" aria-hidden=\"true\"><i class=\"x-icon x-graphic-child x-graphic-icon x-graphic-primary\" aria-hidden=\"true\" data-x-icon-l=\"&#xf672;\"><\/i><\/span><div class=\"x-anchor-text\"><div class=\"x-anchor-text-primary\">F\u00e5 n\u00e5gra svar!<\/div><\/div><\/div><\/a><a class=\"x-anchor x-anchor-button has-graphic has-int-content e3851-24 m2yz-k m2yz-l  x-hide-lg x-hide-md x-hide-xl\" tabindex=\"0\" href=\"\/test\/kontakt\/?lang=sv\"><div class=\"x-anchor-content x-anchor-content-out-slide-top-in-scale-up\"><span class=\"x-graphic\" aria-hidden=\"true\"><i class=\"x-icon x-graphic-child x-graphic-icon x-graphic-primary\" aria-hidden=\"true\" data-x-icon-l=\"&#xf25a;\"><\/i><\/span><div class=\"x-anchor-text\"><span class=\"x-anchor-text-primary\">Har du fr\u00e5gor?<\/span><\/div><\/div><div class=\"x-anchor-content x-anchor-content-out-slide-top-in-scale-up is-int\"><span class=\"x-graphic\" aria-hidden=\"true\"><i class=\"x-icon x-graphic-child x-graphic-icon x-graphic-primary\" aria-hidden=\"true\" data-x-icon-l=\"&#xf672;\"><\/i><\/span><div class=\"x-anchor-text\"><div class=\"x-anchor-text-primary\">F\u00e5 n\u00e5gra svar!<\/div><\/div><\/div><\/a><\/div><\/div><\/div><\/div><\/div>\n","protected":false},"excerpt":{"rendered":"<p>Pre- och postnatal fysioterapiDuring the antenatal and postnatal period the body undergoes a significant amount of musculoskeletal and hormonal changes.Under f\u00f6rlossningsperioden och efter f\u00f6dseln genomg\u00e5r kroppen en betydande m\u00e4ngd muskuloskeletala och hormonella f\u00f6r\u00e4ndringar. Vanliga \u00e5kommor inkluderar:&#x25b8;Foglossning, b\u00e4ckensm\u00e4rta Foglossning\/B\u00e4ckensm\u00e4rta, eller Pelvic Girdle Pain (PGP) som det kallas p\u00e5 engelska, kan inkludera sm\u00e4rta i blygdbensfogen, sakroiliakaleden, svansbenet eller en kombination av dessa. &#8230; <\/p>\n<div><a href=\"https:\/\/dabbourphysio.com\/test\/fysioterapi-vid-fodseln-och-efter-fodseln\/?lang=sv\" class=\"more-link\">Read More<\/a><\/div>\n","protected":false},"author":3,"featured_media":0,"parent":0,"menu_order":0,"comment_status":"closed","ping_status":"closed","template":"template-blank-4.php","meta":[],"yoast_head":"<!-- This site is optimized with the Yoast SEO plugin v18.0 - https:\/\/yoast.com\/wordpress\/plugins\/seo\/ -->\n<title>Fysioterapi vid f\u00f6dseln och efter f\u00f6dseln &ndash; Dabbour Physio<\/title>\n<meta name=\"robots\" content=\"index, follow, max-snippet:-1, max-image-preview:large, max-video-preview:-1\" \/>\n<link rel=\"canonical\" href=\"https:\/\/dabbourphysio.com\/test\/fysioterapi-vid-fodseln-och-efter-fodseln\/\" \/>\n<meta property=\"og:locale\" content=\"en_US\" \/>\n<meta property=\"og:type\" content=\"article\" \/>\n<meta property=\"og:title\" content=\"Fysioterapi vid f\u00f6dseln och efter f\u00f6dseln &ndash; Dabbour Physio\" \/>\n<meta property=\"og:description\" content=\"Pre- och postnatal fysioterapiDuring the antenatal and postnatal period the body undergoes a significant amount of musculoskeletal and hormonal changes.Under f\u00f6rlossningsperioden och efter f\u00f6dseln genomg\u00e5r kroppen en betydande m\u00e4ngd muskuloskeletala och hormonella f\u00f6r\u00e4ndringar. Vanliga \u00e5kommor inkluderar:&#x25b8;Foglossning, b\u00e4ckensm\u00e4rta Foglossning\/B\u00e4ckensm\u00e4rta, eller Pelvic Girdle Pain (PGP) som det kallas p\u00e5 engelska, kan inkludera sm\u00e4rta i blygdbensfogen, sakroiliakaleden, svansbenet eller en kombination av dessa. ... Read More\" \/>\n<meta property=\"og:url\" content=\"https:\/\/dabbourphysio.com\/test\/fysioterapi-vid-fodseln-och-efter-fodseln\/?lang=sv\" \/>\n<meta property=\"og:site_name\" content=\"Dabbour Physio\" \/>\n<meta property=\"article:publisher\" content=\"https:\/\/www.facebook.com\/DabbourPhysio\/\" \/>\n<meta property=\"article:modified_time\" content=\"2021-09-06T19:29:36+00:00\" \/>\n<meta name=\"twitter:card\" content=\"summary\" \/>\n<meta name=\"twitter:site\" content=\"@dabbourphysio\" \/>\n<meta name=\"twitter:label1\" content=\"Est. reading time\" \/>\n\t<meta name=\"twitter:data1\" content=\"5 minutes\" \/>\n<script type=\"application\/ld+json\" class=\"yoast-schema-graph\">{\"@context\":\"https:\/\/schema.org\",\"@graph\":[{\"@type\":\"Organization\",\"@id\":\"https:\/\/dabbourphysio.com\/test\/#organization\",\"name\":\"DabbourPhysio\",\"url\":\"https:\/\/dabbourphysio.com\/test\/\",\"sameAs\":[\"https:\/\/www.facebook.com\/DabbourPhysio\/\",\"http:\/\/dabbourphysio\",\"https:\/\/www.linkedin.com\/in\/dabbourphysio\/\",\"https:\/\/www.youtube.com\/channel\/UCae1y76E-jTWOkD7TMHdxwg\",\"https:\/\/twitter.com\/dabbourphysio\"],\"logo\":{\"@type\":\"ImageObject\",\"@id\":\"https:\/\/dabbourphysio.com\/test\/#logo\",\"inLanguage\":\"en-US\",\"url\":\"https:\/\/dabbourphysio.com\/test\/wp-content\/uploads\/2016\/10\/hannatwotoneex2020.jpg\",\"contentUrl\":\"https:\/\/dabbourphysio.com\/test\/wp-content\/uploads\/2016\/10\/hannatwotoneex2020.jpg\",\"width\":1890,\"height\":1890,\"caption\":\"DabbourPhysio\"},\"image\":{\"@id\":\"https:\/\/dabbourphysio.com\/test\/#logo\"}},{\"@type\":\"WebSite\",\"@id\":\"https:\/\/dabbourphysio.com\/test\/#website\",\"url\":\"https:\/\/dabbourphysio.com\/test\/\",\"name\":\"Dabbour Physio\",\"description\":\"Chartered Senior Physiotherapist in Stockholm &amp; London\",\"publisher\":{\"@id\":\"https:\/\/dabbourphysio.com\/test\/#organization\"},\"potentialAction\":[{\"@type\":\"SearchAction\",\"target\":{\"@type\":\"EntryPoint\",\"urlTemplate\":\"https:\/\/dabbourphysio.com\/test\/?s={search_term_string}\"},\"query-input\":\"required name=search_term_string\"}],\"inLanguage\":\"en-US\"},{\"@type\":\"WebPage\",\"@id\":\"https:\/\/dabbourphysio.com\/test\/fysioterapi-vid-fodseln-och-efter-fodseln\/?lang=sv#webpage\",\"url\":\"https:\/\/dabbourphysio.com\/test\/fysioterapi-vid-fodseln-och-efter-fodseln\/?lang=sv\",\"name\":\"Fysioterapi vid f\u00f6dseln och efter f\u00f6dseln &ndash; Dabbour Physio\",\"isPartOf\":{\"@id\":\"https:\/\/dabbourphysio.com\/test\/#website\"},\"datePublished\":\"2021-06-06T22:10:46+00:00\",\"dateModified\":\"2021-09-06T19:29:36+00:00\",\"breadcrumb\":{\"@id\":\"https:\/\/dabbourphysio.com\/test\/fysioterapi-vid-fodseln-och-efter-fodseln\/?lang=sv#breadcrumb\"},\"inLanguage\":\"en-US\",\"potentialAction\":[{\"@type\":\"ReadAction\",\"target\":[\"https:\/\/dabbourphysio.com\/test\/fysioterapi-vid-fodseln-och-efter-fodseln\/?lang=sv\"]}]},{\"@type\":\"BreadcrumbList\",\"@id\":\"https:\/\/dabbourphysio.com\/test\/fysioterapi-vid-fodseln-och-efter-fodseln\/?lang=sv#breadcrumb\",\"itemListElement\":[{\"@type\":\"ListItem\",\"position\":1,\"name\":\"Home\",\"item\":\"https:\/\/dabbourphysio.com\/test\/\"},{\"@type\":\"ListItem\",\"position\":2,\"name\":\"Fysioterapi vid f\u00f6dseln och efter f\u00f6dseln\"}]}]}<\/script>\n<!-- \/ Yoast SEO plugin. -->","yoast_head_json":{"title":"Fysioterapi vid f\u00f6dseln och efter f\u00f6dseln &ndash; Dabbour Physio","robots":{"index":"index","follow":"follow","max-snippet":"max-snippet:-1","max-image-preview":"max-image-preview:large","max-video-preview":"max-video-preview:-1"},"canonical":"https:\/\/dabbourphysio.com\/test\/fysioterapi-vid-fodseln-och-efter-fodseln\/","og_locale":"en_US","og_type":"article","og_title":"Fysioterapi vid f\u00f6dseln och efter f\u00f6dseln &ndash; Dabbour Physio","og_description":"Pre- och postnatal fysioterapiDuring the antenatal and postnatal period the body undergoes a significant amount of musculoskeletal and hormonal changes.Under f\u00f6rlossningsperioden och efter f\u00f6dseln genomg\u00e5r kroppen en betydande m\u00e4ngd muskuloskeletala och hormonella f\u00f6r\u00e4ndringar. Vanliga \u00e5kommor inkluderar:&#x25b8;Foglossning, b\u00e4ckensm\u00e4rta Foglossning\/B\u00e4ckensm\u00e4rta, eller Pelvic Girdle Pain (PGP) som det kallas p\u00e5 engelska, kan inkludera sm\u00e4rta i blygdbensfogen, sakroiliakaleden, svansbenet eller en kombination av dessa. ... Read More","og_url":"https:\/\/dabbourphysio.com\/test\/fysioterapi-vid-fodseln-och-efter-fodseln\/?lang=sv","og_site_name":"Dabbour Physio","article_publisher":"https:\/\/www.facebook.com\/DabbourPhysio\/","article_modified_time":"2021-09-06T19:29:36+00:00","twitter_card":"summary","twitter_site":"@dabbourphysio","twitter_misc":{"Est. reading time":"5 minutes"},"schema":{"@context":"https:\/\/schema.org","@graph":[{"@type":"Organization","@id":"https:\/\/dabbourphysio.com\/test\/#organization","name":"DabbourPhysio","url":"https:\/\/dabbourphysio.com\/test\/","sameAs":["https:\/\/www.facebook.com\/DabbourPhysio\/","http:\/\/dabbourphysio","https:\/\/www.linkedin.com\/in\/dabbourphysio\/","https:\/\/www.youtube.com\/channel\/UCae1y76E-jTWOkD7TMHdxwg","https:\/\/twitter.com\/dabbourphysio"],"logo":{"@type":"ImageObject","@id":"https:\/\/dabbourphysio.com\/test\/#logo","inLanguage":"en-US","url":"https:\/\/dabbourphysio.com\/test\/wp-content\/uploads\/2016\/10\/hannatwotoneex2020.jpg","contentUrl":"https:\/\/dabbourphysio.com\/test\/wp-content\/uploads\/2016\/10\/hannatwotoneex2020.jpg","width":1890,"height":1890,"caption":"DabbourPhysio"},"image":{"@id":"https:\/\/dabbourphysio.com\/test\/#logo"}},{"@type":"WebSite","@id":"https:\/\/dabbourphysio.com\/test\/#website","url":"https:\/\/dabbourphysio.com\/test\/","name":"Dabbour Physio","description":"Chartered Senior Physiotherapist in Stockholm &amp; London","publisher":{"@id":"https:\/\/dabbourphysio.com\/test\/#organization"},"potentialAction":[{"@type":"SearchAction","target":{"@type":"EntryPoint","urlTemplate":"https:\/\/dabbourphysio.com\/test\/?s={search_term_string}"},"query-input":"required name=search_term_string"}],"inLanguage":"en-US"},{"@type":"WebPage","@id":"https:\/\/dabbourphysio.com\/test\/fysioterapi-vid-fodseln-och-efter-fodseln\/?lang=sv#webpage","url":"https:\/\/dabbourphysio.com\/test\/fysioterapi-vid-fodseln-och-efter-fodseln\/?lang=sv","name":"Fysioterapi vid f\u00f6dseln och efter f\u00f6dseln &ndash; Dabbour Physio","isPartOf":{"@id":"https:\/\/dabbourphysio.com\/test\/#website"},"datePublished":"2021-06-06T22:10:46+00:00","dateModified":"2021-09-06T19:29:36+00:00","breadcrumb":{"@id":"https:\/\/dabbourphysio.com\/test\/fysioterapi-vid-fodseln-och-efter-fodseln\/?lang=sv#breadcrumb"},"inLanguage":"en-US","potentialAction":[{"@type":"ReadAction","target":["https:\/\/dabbourphysio.com\/test\/fysioterapi-vid-fodseln-och-efter-fodseln\/?lang=sv"]}]},{"@type":"BreadcrumbList","@id":"https:\/\/dabbourphysio.com\/test\/fysioterapi-vid-fodseln-och-efter-fodseln\/?lang=sv#breadcrumb","itemListElement":[{"@type":"ListItem","position":1,"name":"Home","item":"https:\/\/dabbourphysio.com\/test\/"},{"@type":"ListItem","position":2,"name":"Fysioterapi vid f\u00f6dseln och efter f\u00f6dseln"}]}]}},"_links":{"self":[{"href":"https:\/\/dabbourphysio.com\/test\/wp-json\/wp\/v2\/pages\/3851"}],"collection":[{"href":"https:\/\/dabbourphysio.com\/test\/wp-json\/wp\/v2\/pages"}],"about":[{"href":"https:\/\/dabbourphysio.com\/test\/wp-json\/wp\/v2\/types\/page"}],"author":[{"embeddable":true,"href":"https:\/\/dabbourphysio.com\/test\/wp-json\/wp\/v2\/users\/3"}],"replies":[{"embeddable":true,"href":"https:\/\/dabbourphysio.com\/test\/wp-json\/wp\/v2\/comments?post=3851"}],"version-history":[{"count":5,"href":"https:\/\/dabbourphysio.com\/test\/wp-json\/wp\/v2\/pages\/3851\/revisions"}],"predecessor-version":[{"id":3949,"href":"https:\/\/dabbourphysio.com\/test\/wp-json\/wp\/v2\/pages\/3851\/revisions\/3949"}],"wp:attachment":[{"href":"https:\/\/dabbourphysio.com\/test\/wp-json\/wp\/v2\/media?parent=3851"}],"curies":[{"name":"wp","href":"https:\/\/api.w.org\/{rel}","templated":true}]}}