{"id":3852,"date":"2021-06-06T23:10:50","date_gmt":"2021-06-06T22:10:50","guid":{"rendered":"https:\/\/dabbourphysio.com\/test\/tjanster\/"},"modified":"2021-09-06T20:45:38","modified_gmt":"2021-09-06T19:45:38","slug":"tjanster","status":"publish","type":"page","link":"https:\/\/dabbourphysio.com\/test\/tjanster\/?lang=sv","title":{"rendered":"Tj\u00e4nster"},"content":{"rendered":"<div id=\"cs-content\" class=\"cs-content\"><div class=\"x-section e3852-1 m2z0-0 m2z0-1\"><div class=\"x-row x-container max width e3852-2 m2z0-3 m2z0-4 m2z0-5\"><div class=\"x-row-inner\"><div class=\"x-col e3852-3 m2z0-8 m2z0-9 m2z0-a\"><div class=\"x-text e3852-4 m2z0-j m2z0-k m2z0-l m2z0-m\">Tj\u00e4nster<\/div><\/div><\/div><\/div><div class=\"x-row x-container max width e3852-5 m2z0-3 m2z0-4\"><div class=\"x-row-inner\"><div class=\"x-col e3852-6 m2z0-8 m2z0-9 m2z0-a\"><div class=\"x-text e3852-7 m2z0-j m2z0-n m2z0-o m2z0-p m2z0-q m2z0-r m2z0-s m2z0-t\">DabbourPhysio erbjuder sjukgymnastikbehandling med fokus p\u00e5 muskuloskeletala skador samt b\u00e4cken-, f\u00f6rlossnings- och gynekologiska problem.<\/div><\/div><div class=\"x-col e3852-8 m2z0-8 m2z0-9 m2z0-a\"><div class=\"x-text e3852-9 m2z0-j m2z0-o m2z0-p m2z0-s m2z0-t m2z0-u m2z0-v\"><p>F\u00f6retaget erbjuder ocks\u00e5 specifik f\u00f6rebyggande sjukgymnastik med fokus p\u00e5 att bygga eller bygga om styrka och konditionering.<\/p>\n<p>V\u00e5r behandling erbjuder en helhetssyn som involverar patienten i sin egen v\u00e5rd genom att hj\u00e4lpa dem att f\u00f6rst\u00e5 sina problem och de steg som \u00e4r n\u00f6dv\u00e4ndiga f\u00f6r hantering och rehabilitering.<\/p>\n<\/div><\/div><\/div><\/div><div class=\"x-row x-container max width e3852-10 m2z0-3 m2z0-4 m2z0-5\"><div class=\"x-row-inner\"><div class=\"x-col e3852-11 m2z0-8 m2z0-9 m2z0-a\"><div class=\"x-text e3852-12 m2z0-j m2z0-m m2z0-p m2z0-q m2z0-s m2z0-t m2z0-w m2z0-x\">H\u00e4r \u00e4r ytterligare information om n\u00e5gra av de omr\u00e5den som jag behandlar ...<\/div><\/div><\/div><\/div><div class=\"x-row x-container max width e3852-13 m2z0-3 m2z0-6\"><div class=\"x-row-inner\"><div class=\"x-col e3852-14 m2z0-8 m2z0-b m2z0-c\"><div class=\"x-text e3852-15 m2z0-j m2z0-p m2z0-s m2z0-v m2z0-x m2z0-y m2z0-z\"><a class=\"white\" href=\"\/test\/muskuloskeletala-sjukgymnastik\/?lang=sv\">Ortopedisk och<br> Musculuskeletal Fysioterapi  <strong>><\/strong><\/a><\/div><\/div><div class=\"x-col e3852-16 m2z0-8 m2z0-b m2z0-d\"><div class=\"x-text e3852-17 m2z0-j m2z0-p m2z0-s m2z0-v m2z0-x m2z0-y m2z0-z\"><a class=\"white\" href=\"\/test\/styrka-och-konditionering\/?lang=sv\">Fysioterapi F\u00f6r Styrke-<br>och Konditionstr\u00e4ning <strong>><\/strong><\/a><\/div><\/div><div class=\"x-col e3852-18 m2z0-8 m2z0-b m2z0-e\"><div class=\"x-text e3852-19 m2z0-j m2z0-p m2z0-s m2z0-v m2z0-x m2z0-y m2z0-z\"><a class=\"white\" href=\"\/test\/blasa-och-tarm\/?lang=sv\">Urin-<br>och Tarmproblem <strong>><\/strong><\/a><\/div><\/div><\/div><\/div><div class=\"x-row x-container max width e3852-20 m2z0-3 m2z0-6\"><div class=\"x-row-inner\"><div class=\"x-col e3852-21 m2z0-8 m2z0-b m2z0-f\"><div class=\"x-text e3852-22 m2z0-j m2z0-p m2z0-s m2z0-v m2z0-x m2z0-y m2z0-z\"><a class=\"white\" href=\"\/test\/backensmarta\/?lang=sv\">B\u00e4ckenbottenssm\u00e4rta <strong>><\/strong><\/a><\/div><\/div><div class=\"x-col e3852-23 m2z0-8 m2z0-b m2z0-g\"><div class=\"x-text e3852-24 m2z0-j m2z0-p m2z0-s m2z0-v m2z0-x m2z0-y m2z0-z\"><a class=\"white\" href=\"\/test\/fysioterapi-vid-fodseln-och-efter-fodseln\/?lang=sv\">Pre- och Postnatal<br>Fysioterapi <strong>><\/strong><\/a><\/div><\/div><div class=\"x-col e3852-25 m2z0-8 m2z0-b m2z0-h\"><div class=\"x-text e3852-26 m2z0-j m2z0-p m2z0-s m2z0-v m2z0-x m2z0-y m2z0-z\"><a class=\"white\" href=\"\/test\/stark-mamma\/?lang=sv\">Stark<br>Mamma  <strong>><\/strong><\/a><\/div><\/div><\/div><\/div><\/div><div class=\"x-section e3852-27 m2z0-0 m2z0-2\"><div class=\"x-row x-container max width e3852-28 m2z0-3 m2z0-4 m2z0-7\"><div class=\"x-row-inner\"><div class=\"x-col e3852-29 m2z0-8 m2z0-a m2z0-i\"><div class=\"x-text e3852-30 m2z0-j m2z0-l m2z0-n m2z0-o m2z0-s m2z0-z m2z0-10\">Kontakta mig g\u00e4rna om du har n\u00e5gra fr\u00e5gor, <br> eller vill boka tid!<\/div><a class=\"x-anchor x-anchor-button has-graphic has-int-content e3852-31 m2z0-11 m2z0-12  x-hide-sm x-hide-xs\" tabindex=\"0\" href=\"\/test\/kontakt\/?lang=sv\"><div class=\"x-anchor-content x-anchor-content-out-slide-top-in-scale-up\"><span class=\"x-graphic\" aria-hidden=\"true\"><i class=\"x-icon x-graphic-child x-graphic-icon x-graphic-primary\" aria-hidden=\"true\" data-x-icon-l=\"&#xf25a;\"><\/i><\/span><div class=\"x-anchor-text\"><span class=\"x-anchor-text-primary\">Har du fr\u00e5gor?<\/span><\/div><\/div><div class=\"x-anchor-content x-anchor-content-out-slide-top-in-scale-up is-int\"><span class=\"x-graphic\" aria-hidden=\"true\"><i class=\"x-icon x-graphic-child x-graphic-icon x-graphic-primary\" aria-hidden=\"true\" data-x-icon-l=\"&#xf672;\"><\/i><\/span><div class=\"x-anchor-text\"><div class=\"x-anchor-text-primary\">F\u00e5 n\u00e5gra svar!<\/div><\/div><\/div><\/a><a class=\"x-anchor x-anchor-button has-graphic has-int-content e3852-32 m2z0-12 m2z0-13  x-hide-lg x-hide-md x-hide-xl\" tabindex=\"0\" href=\"\/test\/contact\"><div class=\"x-anchor-content x-anchor-content-out-slide-top-in-scale-up\"><span class=\"x-graphic\" aria-hidden=\"true\"><i class=\"x-icon x-graphic-child x-graphic-icon x-graphic-primary\" aria-hidden=\"true\" data-x-icon-l=\"&#xf25a;\"><\/i><\/span><div class=\"x-anchor-text\"><span class=\"x-anchor-text-primary\">Har du fr\u00e5gor?<\/span><\/div><\/div><div class=\"x-anchor-content x-anchor-content-out-slide-top-in-scale-up is-int\"><span class=\"x-graphic\" aria-hidden=\"true\"><i class=\"x-icon x-graphic-child x-graphic-icon x-graphic-primary\" aria-hidden=\"true\" data-x-icon-l=\"&#xf672;\"><\/i><\/span><div class=\"x-anchor-text\"><div class=\"x-anchor-text-primary\">F\u00e5 n\u00e5gra svar!<\/div><\/div><\/div><\/a><\/div><\/div><\/div><\/div><\/div>\n","protected":false},"excerpt":{"rendered":"<p>Tj\u00e4nsterDabbourPhysio erbjuder sjukgymnastikbehandling med fokus p\u00e5 muskuloskeletala skador samt b\u00e4cken-, f\u00f6rlossnings- och gynekologiska problem.F\u00f6retaget erbjuder ocks\u00e5 specifik f\u00f6rebyggande sjukgymnastik med fokus p\u00e5 att bygga eller bygga om styrka och konditionering. V\u00e5r behandling erbjuder en helhetssyn som involverar patienten i sin egen v\u00e5rd genom att hj\u00e4lpa dem att f\u00f6rst\u00e5 sina problem och de steg som \u00e4r n\u00f6dv\u00e4ndiga f\u00f6r hantering och rehabilitering. &#8230; <\/p>\n<div><a href=\"https:\/\/dabbourphysio.com\/test\/tjanster\/?lang=sv\" class=\"more-link\">Read More<\/a><\/div>\n","protected":false},"author":3,"featured_media":0,"parent":0,"menu_order":0,"comment_status":"closed","ping_status":"closed","template":"template-blank-4.php","meta":[],"yoast_head":"<!-- This site is optimized with the Yoast SEO plugin v18.0 - https:\/\/yoast.com\/wordpress\/plugins\/seo\/ -->\n<title>Tj\u00e4nster &ndash; Dabbour Physio<\/title>\n<meta name=\"robots\" content=\"index, follow, max-snippet:-1, max-image-preview:large, max-video-preview:-1\" \/>\n<link rel=\"canonical\" href=\"https:\/\/dabbourphysio.com\/test\/tjanster\/\" \/>\n<meta property=\"og:locale\" content=\"en_US\" \/>\n<meta property=\"og:type\" content=\"article\" \/>\n<meta property=\"og:title\" content=\"Tj\u00e4nster &ndash; Dabbour Physio\" \/>\n<meta property=\"og:description\" content=\"Tj\u00e4nsterDabbourPhysio erbjuder sjukgymnastikbehandling med fokus p\u00e5 muskuloskeletala skador samt b\u00e4cken-, f\u00f6rlossnings- och gynekologiska problem.F\u00f6retaget erbjuder ocks\u00e5 specifik f\u00f6rebyggande sjukgymnastik med fokus p\u00e5 att bygga eller bygga om styrka och konditionering. V\u00e5r behandling erbjuder en helhetssyn som involverar patienten i sin egen v\u00e5rd genom att hj\u00e4lpa dem att f\u00f6rst\u00e5 sina problem och de steg som \u00e4r n\u00f6dv\u00e4ndiga f\u00f6r hantering och rehabilitering. ... Read More\" \/>\n<meta property=\"og:url\" content=\"https:\/\/dabbourphysio.com\/test\/tjanster\/?lang=sv\" \/>\n<meta property=\"og:site_name\" content=\"Dabbour Physio\" \/>\n<meta property=\"article:publisher\" content=\"https:\/\/www.facebook.com\/DabbourPhysio\/\" \/>\n<meta property=\"article:modified_time\" content=\"2021-09-06T19:45:38+00:00\" \/>\n<meta name=\"twitter:card\" content=\"summary\" \/>\n<meta name=\"twitter:site\" content=\"@dabbourphysio\" \/>\n<meta name=\"twitter:label1\" content=\"Est. reading time\" \/>\n\t<meta name=\"twitter:data1\" content=\"2 minutes\" \/>\n<script type=\"application\/ld+json\" class=\"yoast-schema-graph\">{\"@context\":\"https:\/\/schema.org\",\"@graph\":[{\"@type\":\"Organization\",\"@id\":\"https:\/\/dabbourphysio.com\/test\/#organization\",\"name\":\"DabbourPhysio\",\"url\":\"https:\/\/dabbourphysio.com\/test\/\",\"sameAs\":[\"https:\/\/www.facebook.com\/DabbourPhysio\/\",\"http:\/\/dabbourphysio\",\"https:\/\/www.linkedin.com\/in\/dabbourphysio\/\",\"https:\/\/www.youtube.com\/channel\/UCae1y76E-jTWOkD7TMHdxwg\",\"https:\/\/twitter.com\/dabbourphysio\"],\"logo\":{\"@type\":\"ImageObject\",\"@id\":\"https:\/\/dabbourphysio.com\/test\/#logo\",\"inLanguage\":\"en-US\",\"url\":\"https:\/\/dabbourphysio.com\/test\/wp-content\/uploads\/2016\/10\/hannatwotoneex2020.jpg\",\"contentUrl\":\"https:\/\/dabbourphysio.com\/test\/wp-content\/uploads\/2016\/10\/hannatwotoneex2020.jpg\",\"width\":1890,\"height\":1890,\"caption\":\"DabbourPhysio\"},\"image\":{\"@id\":\"https:\/\/dabbourphysio.com\/test\/#logo\"}},{\"@type\":\"WebSite\",\"@id\":\"https:\/\/dabbourphysio.com\/test\/#website\",\"url\":\"https:\/\/dabbourphysio.com\/test\/\",\"name\":\"Dabbour Physio\",\"description\":\"Chartered Senior Physiotherapist in Stockholm &amp; London\",\"publisher\":{\"@id\":\"https:\/\/dabbourphysio.com\/test\/#organization\"},\"potentialAction\":[{\"@type\":\"SearchAction\",\"target\":{\"@type\":\"EntryPoint\",\"urlTemplate\":\"https:\/\/dabbourphysio.com\/test\/?s={search_term_string}\"},\"query-input\":\"required name=search_term_string\"}],\"inLanguage\":\"en-US\"},{\"@type\":\"WebPage\",\"@id\":\"https:\/\/dabbourphysio.com\/test\/tjanster\/?lang=sv#webpage\",\"url\":\"https:\/\/dabbourphysio.com\/test\/tjanster\/?lang=sv\",\"name\":\"Tj\u00e4nster &ndash; Dabbour Physio\",\"isPartOf\":{\"@id\":\"https:\/\/dabbourphysio.com\/test\/#website\"},\"datePublished\":\"2021-06-06T22:10:50+00:00\",\"dateModified\":\"2021-09-06T19:45:38+00:00\",\"breadcrumb\":{\"@id\":\"https:\/\/dabbourphysio.com\/test\/tjanster\/?lang=sv#breadcrumb\"},\"inLanguage\":\"en-US\",\"potentialAction\":[{\"@type\":\"ReadAction\",\"target\":[\"https:\/\/dabbourphysio.com\/test\/tjanster\/?lang=sv\"]}]},{\"@type\":\"BreadcrumbList\",\"@id\":\"https:\/\/dabbourphysio.com\/test\/tjanster\/?lang=sv#breadcrumb\",\"itemListElement\":[{\"@type\":\"ListItem\",\"position\":1,\"name\":\"Home\",\"item\":\"https:\/\/dabbourphysio.com\/test\/\"},{\"@type\":\"ListItem\",\"position\":2,\"name\":\"Tj\u00e4nster\"}]}]}<\/script>\n<!-- \/ Yoast SEO plugin. -->","yoast_head_json":{"title":"Tj\u00e4nster &ndash; Dabbour Physio","robots":{"index":"index","follow":"follow","max-snippet":"max-snippet:-1","max-image-preview":"max-image-preview:large","max-video-preview":"max-video-preview:-1"},"canonical":"https:\/\/dabbourphysio.com\/test\/tjanster\/","og_locale":"en_US","og_type":"article","og_title":"Tj\u00e4nster &ndash; Dabbour Physio","og_description":"Tj\u00e4nsterDabbourPhysio erbjuder sjukgymnastikbehandling med fokus p\u00e5 muskuloskeletala skador samt b\u00e4cken-, f\u00f6rlossnings- och gynekologiska problem.F\u00f6retaget erbjuder ocks\u00e5 specifik f\u00f6rebyggande sjukgymnastik med fokus p\u00e5 att bygga eller bygga om styrka och konditionering. V\u00e5r behandling erbjuder en helhetssyn som involverar patienten i sin egen v\u00e5rd genom att hj\u00e4lpa dem att f\u00f6rst\u00e5 sina problem och de steg som \u00e4r n\u00f6dv\u00e4ndiga f\u00f6r hantering och rehabilitering. ... Read More","og_url":"https:\/\/dabbourphysio.com\/test\/tjanster\/?lang=sv","og_site_name":"Dabbour Physio","article_publisher":"https:\/\/www.facebook.com\/DabbourPhysio\/","article_modified_time":"2021-09-06T19:45:38+00:00","twitter_card":"summary","twitter_site":"@dabbourphysio","twitter_misc":{"Est. reading time":"2 minutes"},"schema":{"@context":"https:\/\/schema.org","@graph":[{"@type":"Organization","@id":"https:\/\/dabbourphysio.com\/test\/#organization","name":"DabbourPhysio","url":"https:\/\/dabbourphysio.com\/test\/","sameAs":["https:\/\/www.facebook.com\/DabbourPhysio\/","http:\/\/dabbourphysio","https:\/\/www.linkedin.com\/in\/dabbourphysio\/","https:\/\/www.youtube.com\/channel\/UCae1y76E-jTWOkD7TMHdxwg","https:\/\/twitter.com\/dabbourphysio"],"logo":{"@type":"ImageObject","@id":"https:\/\/dabbourphysio.com\/test\/#logo","inLanguage":"en-US","url":"https:\/\/dabbourphysio.com\/test\/wp-content\/uploads\/2016\/10\/hannatwotoneex2020.jpg","contentUrl":"https:\/\/dabbourphysio.com\/test\/wp-content\/uploads\/2016\/10\/hannatwotoneex2020.jpg","width":1890,"height":1890,"caption":"DabbourPhysio"},"image":{"@id":"https:\/\/dabbourphysio.com\/test\/#logo"}},{"@type":"WebSite","@id":"https:\/\/dabbourphysio.com\/test\/#website","url":"https:\/\/dabbourphysio.com\/test\/","name":"Dabbour Physio","description":"Chartered Senior Physiotherapist in Stockholm &amp; London","publisher":{"@id":"https:\/\/dabbourphysio.com\/test\/#organization"},"potentialAction":[{"@type":"SearchAction","target":{"@type":"EntryPoint","urlTemplate":"https:\/\/dabbourphysio.com\/test\/?s={search_term_string}"},"query-input":"required name=search_term_string"}],"inLanguage":"en-US"},{"@type":"WebPage","@id":"https:\/\/dabbourphysio.com\/test\/tjanster\/?lang=sv#webpage","url":"https:\/\/dabbourphysio.com\/test\/tjanster\/?lang=sv","name":"Tj\u00e4nster &ndash; Dabbour Physio","isPartOf":{"@id":"https:\/\/dabbourphysio.com\/test\/#website"},"datePublished":"2021-06-06T22:10:50+00:00","dateModified":"2021-09-06T19:45:38+00:00","breadcrumb":{"@id":"https:\/\/dabbourphysio.com\/test\/tjanster\/?lang=sv#breadcrumb"},"inLanguage":"en-US","potentialAction":[{"@type":"ReadAction","target":["https:\/\/dabbourphysio.com\/test\/tjanster\/?lang=sv"]}]},{"@type":"BreadcrumbList","@id":"https:\/\/dabbourphysio.com\/test\/tjanster\/?lang=sv#breadcrumb","itemListElement":[{"@type":"ListItem","position":1,"name":"Home","item":"https:\/\/dabbourphysio.com\/test\/"},{"@type":"ListItem","position":2,"name":"Tj\u00e4nster"}]}]}},"_links":{"self":[{"href":"https:\/\/dabbourphysio.com\/test\/wp-json\/wp\/v2\/pages\/3852"}],"collection":[{"href":"https:\/\/dabbourphysio.com\/test\/wp-json\/wp\/v2\/pages"}],"about":[{"href":"https:\/\/dabbourphysio.com\/test\/wp-json\/wp\/v2\/types\/page"}],"author":[{"embeddable":true,"href":"https:\/\/dabbourphysio.com\/test\/wp-json\/wp\/v2\/users\/3"}],"replies":[{"embeddable":true,"href":"https:\/\/dabbourphysio.com\/test\/wp-json\/wp\/v2\/comments?post=3852"}],"version-history":[{"count":4,"href":"https:\/\/dabbourphysio.com\/test\/wp-json\/wp\/v2\/pages\/3852\/revisions"}],"predecessor-version":[{"id":3946,"href":"https:\/\/dabbourphysio.com\/test\/wp-json\/wp\/v2\/pages\/3852\/revisions\/3946"}],"wp:attachment":[{"href":"https:\/\/dabbourphysio.com\/test\/wp-json\/wp\/v2\/media?parent=3852"}],"curies":[{"name":"wp","href":"https:\/\/api.w.org\/{rel}","templated":true}]}}