{"id":3853,"date":"2021-06-06T23:10:50","date_gmt":"2021-06-06T22:10:50","guid":{"rendered":"https:\/\/dabbourphysio.com\/test\/handla-om\/"},"modified":"2021-09-06T20:30:40","modified_gmt":"2021-09-06T19:30:40","slug":"handla-om","status":"publish","type":"page","link":"https:\/\/dabbourphysio.com\/test\/handla-om\/?lang=sv","title":{"rendered":"Handla om"},"content":{"rendered":"<div id=\"cs-content\" class=\"cs-content\"><div class=\"x-section e3853-1 m2z1-0 m2z1-1\"><div class=\"x-row x-container max width e3853-2 m2z1-3 m2z1-4 m2z1-5\"><div class=\"x-row-inner\"><div class=\"x-col e3853-3 m2z1-8 m2z1-9\"><div class=\"x-text e3853-4 m2z1-c m2z1-d m2z1-e\">Om mig<\/div><\/div><\/div><\/div><div class=\"x-row x-container max width e3853-5 m2z1-3 m2z1-6\"><div class=\"x-row-inner\"><div class=\"x-col e3853-6 m2z1-8 m2z1-9\"><div class=\"x-text e3853-7 m2z1-c m2z1-f m2z1-g\"><p>Hanna Dabbour \u00e4r en legitimerad fysioterapeut och en \u201cChartered Senior Physiotherapist\u201d baserad i London och Stockholm. Hon har en MSc i fysioterapi fr\u00e5n University of East Anglia samt en magister i fysioterapi f\u00f6r kvinnoh\u00e4lsa fr\u00e5n University of Bradford. Hanna ser fr\u00e4mst patienter inom kvinnoh\u00e4lsa men \u00e4ven f\u00f6r problem med r\u00f6relseapparaten eller det muskuloskeletala systemet i \u00f6vrigt.<\/p>\n<p>Som kvinnoh\u00e4lsoexpert \u00e4r Hanna specialiserad p\u00e5 dysfunktioner i b\u00e4ckenet (inklusive vulvodyni, endometrios, dysmenorr\u00e9, dyspareuni och sexuella problem), inkontinens och postnatal rehabilitering. Hanna behandlar \u00e4ven sm\u00e4rta, bristningar, problem fr\u00e5n kejsarsnitt och erbjuder r\u00e5dgivning f\u00f6r s\u00e4ker \u00e5terg\u00e5ng till motion och normal aktivitet. Hanna \u00e4r ocks\u00e5 utbildad i interna b\u00e4ckenbottenunders\u00f6kningar samt bed\u00f6mningar av urin- och tarmproblem s\u00e5som inkontinens och tr\u00e4ngningsbesv\u00e4r. N\u00e4r det g\u00e4ller denna intressanta sf\u00e4r har Hanna l\u00e5ng erfarenhet av pre- och postnatala kvinnor efter att ha arbetat p\u00e5 b\u00e5de f\u00f6rlossningsavdelningar och p\u00e5 kvinnoh\u00e4lsokliniker.<\/p><\/div><\/div><div class=\"x-col e3853-8 m2z1-8 m2z1-9 m2z1-a\"><div class=\"x-text e3853-9 m2z1-c m2z1-f m2z1-g m2z1-h\"><p>Hanna har \u00e4ven omfattande kunskaper inom behandling av muskuloskeletala problem kopplade till r\u00f6relseapparaten s\u00e5som h\u00e5llning, muskler och leder samt \u00e4ven idrottsskador. Hanna har \u00e4ven stor erfarenhet av problem med rygg \/ kn\u00e4 \/ axel \/ h\u00f6ft. Hanna \u00e4r ocks\u00e5 en kvalificerad personlig tr\u00e4nare med forskarutbildning och omfattande erfarenhet av styrka och konditionering n\u00e4r det g\u00e4ller rehabilitering och sport \/ aktiviteter. Som en sammanslagning av hennes tv\u00e5 specialiteter ger Hanna ocks\u00e5 expertr\u00e5d till elitidrottare som vill \u00e5terv\u00e4nda till idrott eller aktivitet p\u00e5 h\u00f6g niv\u00e5 efter graviditet eller efter skador relaterade till kvinnors h\u00e4lsoproblem.<\/p><\/div><\/div><div class=\"x-col e3853-10 m2z1-8 m2z1-9 m2z1-a\"><span class=\"x-image e3853-11 m2z1-j m2z1-k\"><img src=\"https:\/\/dabbourphysio.com\/test\/wp-content\/uploads\/2016\/10\/profile.png\" width=\"541\" height=\"541\" alt=\"DabbourPhysio | Hanna Dabbour\" loading=\"lazy\"><\/span><a class=\"x-image e3853-12 m2z1-j m2z1-l m2z1-m m2z1-n  x-hide-lg x-hide-sm x-hide-xs\" href=\"https:\/\/thepogp.co.uk\" target=\"_blank\"><img src=\"https:\/\/dabbourphysio.com\/test\/wp-content\/uploads\/2021\/04\/POGP.png\" width=\"197\" height=\"250\" alt=\"Image\" loading=\"lazy\"><\/a><a class=\"x-image e3853-13 m2z1-j m2z1-l m2z1-m m2z1-n  x-hide-lg x-hide-sm x-hide-xs\" href=\"https:\/\/www.csp.org.uk\" target=\"_blank\"><img src=\"https:\/\/dabbourphysio.com\/test\/wp-content\/uploads\/2021\/04\/CrestWithProfessionalNetworkText.png\" width=\"154\" height=\"250\" alt=\"Image\" loading=\"lazy\"><\/a><a class=\"x-image e3853-14 m2z1-j m2z1-m m2z1-n m2z1-o  x-hide-lg x-hide-sm x-hide-xs\" href=\"https:\/\/www.fysioterapeuterna.se\" target=\"_blank\"><img src=\"https:\/\/dabbourphysio.com\/test\/wp-content\/uploads\/2021\/04\/fysioterapeuternaneg.png\" width=\"290\" height=\"250\" alt=\"Image\" loading=\"lazy\"><\/a><a class=\"x-image e3853-15 m2z1-j m2z1-m m2z1-n m2z1-p  x-hide-lg x-hide-sm x-hide-xs\" href=\"https:\/\/www.hcpc-uk.org\" target=\"_blank\"><img src=\"https:\/\/dabbourphysio.com\/test\/wp-content\/uploads\/2021\/04\/HCPC.png\" width=\"270.5\" height=\"75\" alt=\"Image\" loading=\"lazy\"><\/a><span class=\"x-image e3853-16 m2z1-j m2z1-k m2z1-n m2z1-q  x-hide-md x-hide-xl\"><img src=\"https:\/\/dabbourphysio.com\/test\/wp-content\/uploads\/2021\/04\/POGP.png\" width=\"197\" height=\"250\" alt=\"Image\" loading=\"lazy\"><\/span><span class=\"x-image e3853-17 m2z1-j m2z1-k m2z1-n m2z1-q  x-hide-md x-hide-xl\"><img src=\"https:\/\/dabbourphysio.com\/test\/wp-content\/uploads\/2021\/04\/CrestWithProfessionalNetworkText.png\" width=\"154\" height=\"250\" alt=\"Image\" loading=\"lazy\"><\/span><span class=\"x-image e3853-18 m2z1-j m2z1-k m2z1-n m2z1-q  x-hide-md x-hide-xl\"><img src=\"https:\/\/dabbourphysio.com\/test\/wp-content\/uploads\/2021\/04\/fysioterapeuternaneg.png\" width=\"290\" height=\"250\" alt=\"Image\" loading=\"lazy\"><\/span><span class=\"x-image e3853-19 m2z1-j m2z1-k m2z1-n m2z1-q  x-hide-md x-hide-xl\"><img src=\"https:\/\/dabbourphysio.com\/test\/wp-content\/uploads\/2021\/04\/HCPC.png\" width=\"270.5\" height=\"75\" alt=\"Image\" loading=\"lazy\"><\/span><\/div><\/div><\/div><\/div><div class=\"x-section e3853-20 m2z1-0 m2z1-2\"><div class=\"x-row x-container max width e3853-21 m2z1-3 m2z1-5 m2z1-7\"><div class=\"x-row-inner\"><div class=\"x-col e3853-22 m2z1-8 m2z1-a m2z1-b\"><div class=\"x-text e3853-23 m2z1-c m2z1-e m2z1-f m2z1-i\">Kontakta mig g\u00e4rna om du har n\u00e5gra fr\u00e5gor, <br> eller vill boka tid!<\/div><a class=\"x-anchor x-anchor-button has-graphic has-int-content e3853-24 m2z1-r m2z1-s  x-hide-lg x-hide-md x-hide-xl\" tabindex=\"0\" href=\"\/test\/kontakt\/?lang=sv\"><div class=\"x-anchor-content x-anchor-content-out-slide-top-in-scale-up\"><span class=\"x-graphic\" aria-hidden=\"true\"><i class=\"x-icon x-graphic-child x-graphic-icon x-graphic-primary\" aria-hidden=\"true\" data-x-icon-l=\"&#xf25a;\"><\/i><\/span><div class=\"x-anchor-text\"><span class=\"x-anchor-text-primary\">Har du fr\u00e5gor?<\/span><\/div><\/div><div class=\"x-anchor-content x-anchor-content-out-slide-top-in-scale-up is-int\"><span class=\"x-graphic\" aria-hidden=\"true\"><i class=\"x-icon x-graphic-child x-graphic-icon x-graphic-primary\" aria-hidden=\"true\" data-x-icon-l=\"&#xf672;\"><\/i><\/span><div class=\"x-anchor-text\"><div class=\"x-anchor-text-primary\">F\u00e5 n\u00e5gra svar!<\/div><\/div><\/div><\/a><a class=\"x-anchor x-anchor-button has-graphic has-int-content e3853-25 m2z1-s m2z1-t  x-hide-sm x-hide-xs\" tabindex=\"0\" href=\"\/test\/kontakt\/?lang=sv\"><div class=\"x-anchor-content x-anchor-content-out-slide-top-in-scale-up\"><span class=\"x-graphic\" aria-hidden=\"true\"><i class=\"x-icon x-graphic-child x-graphic-icon x-graphic-primary\" aria-hidden=\"true\" data-x-icon-l=\"&#xf25a;\"><\/i><\/span><div class=\"x-anchor-text\"><span class=\"x-anchor-text-primary\">Har du fr\u00e5gor?<\/span><\/div><\/div><div class=\"x-anchor-content x-anchor-content-out-slide-top-in-scale-up is-int\"><span class=\"x-graphic\" aria-hidden=\"true\"><i class=\"x-icon x-graphic-child x-graphic-icon x-graphic-primary\" aria-hidden=\"true\" data-x-icon-l=\"&#xf672;\"><\/i><\/span><div class=\"x-anchor-text\"><div class=\"x-anchor-text-primary\">F\u00e5 n\u00e5gra svar!<\/div><\/div><\/div><\/a><\/div><\/div><\/div><\/div><\/div>\n","protected":false},"excerpt":{"rendered":"<p>Om migHanna Dabbour \u00e4r en legitimerad fysioterapeut och en \u201cChartered Senior Physiotherapist\u201d baserad i London och Stockholm. Hon har en MSc i fysioterapi fr\u00e5n University of East Anglia samt en magister i fysioterapi f\u00f6r kvinnoh\u00e4lsa fr\u00e5n University of Bradford. Hanna ser fr\u00e4mst patienter inom kvinnoh\u00e4lsa men \u00e4ven f\u00f6r problem med r\u00f6relseapparaten eller det muskuloskeletala systemet i \u00f6vrigt. Som kvinnoh\u00e4lsoexpert \u00e4r &#8230; <\/p>\n<div><a href=\"https:\/\/dabbourphysio.com\/test\/handla-om\/?lang=sv\" class=\"more-link\">Read More<\/a><\/div>\n","protected":false},"author":3,"featured_media":0,"parent":0,"menu_order":0,"comment_status":"closed","ping_status":"closed","template":"template-blank-4.php","meta":[],"yoast_head":"<!-- This site is optimized with the Yoast SEO plugin v18.0 - https:\/\/yoast.com\/wordpress\/plugins\/seo\/ -->\n<title>Handla om &ndash; Dabbour Physio<\/title>\n<meta name=\"robots\" content=\"index, follow, max-snippet:-1, max-image-preview:large, max-video-preview:-1\" \/>\n<link rel=\"canonical\" href=\"https:\/\/dabbourphysio.com\/test\/handla-om\/\" \/>\n<meta property=\"og:locale\" content=\"en_US\" \/>\n<meta property=\"og:type\" content=\"article\" \/>\n<meta property=\"og:title\" content=\"Handla om &ndash; Dabbour Physio\" \/>\n<meta property=\"og:description\" content=\"Om migHanna Dabbour \u00e4r en legitimerad fysioterapeut och en \u201cChartered Senior Physiotherapist\u201d baserad i London och Stockholm. Hon har en MSc i fysioterapi fr\u00e5n University of East Anglia samt en magister i fysioterapi f\u00f6r kvinnoh\u00e4lsa fr\u00e5n University of Bradford. Hanna ser fr\u00e4mst patienter inom kvinnoh\u00e4lsa men \u00e4ven f\u00f6r problem med r\u00f6relseapparaten eller det muskuloskeletala systemet i \u00f6vrigt. Som kvinnoh\u00e4lsoexpert \u00e4r ... Read More\" \/>\n<meta property=\"og:url\" content=\"https:\/\/dabbourphysio.com\/test\/handla-om\/?lang=sv\" \/>\n<meta property=\"og:site_name\" content=\"Dabbour Physio\" \/>\n<meta property=\"article:publisher\" content=\"https:\/\/www.facebook.com\/DabbourPhysio\/\" \/>\n<meta property=\"article:modified_time\" content=\"2021-09-06T19:30:40+00:00\" \/>\n<meta name=\"twitter:card\" content=\"summary\" \/>\n<meta name=\"twitter:site\" content=\"@dabbourphysio\" \/>\n<meta name=\"twitter:label1\" content=\"Est. reading time\" \/>\n\t<meta name=\"twitter:data1\" content=\"3 minutes\" \/>\n<script type=\"application\/ld+json\" class=\"yoast-schema-graph\">{\"@context\":\"https:\/\/schema.org\",\"@graph\":[{\"@type\":\"Organization\",\"@id\":\"https:\/\/dabbourphysio.com\/test\/#organization\",\"name\":\"DabbourPhysio\",\"url\":\"https:\/\/dabbourphysio.com\/test\/\",\"sameAs\":[\"https:\/\/www.facebook.com\/DabbourPhysio\/\",\"http:\/\/dabbourphysio\",\"https:\/\/www.linkedin.com\/in\/dabbourphysio\/\",\"https:\/\/www.youtube.com\/channel\/UCae1y76E-jTWOkD7TMHdxwg\",\"https:\/\/twitter.com\/dabbourphysio\"],\"logo\":{\"@type\":\"ImageObject\",\"@id\":\"https:\/\/dabbourphysio.com\/test\/#logo\",\"inLanguage\":\"en-US\",\"url\":\"https:\/\/dabbourphysio.com\/test\/wp-content\/uploads\/2016\/10\/hannatwotoneex2020.jpg\",\"contentUrl\":\"https:\/\/dabbourphysio.com\/test\/wp-content\/uploads\/2016\/10\/hannatwotoneex2020.jpg\",\"width\":1890,\"height\":1890,\"caption\":\"DabbourPhysio\"},\"image\":{\"@id\":\"https:\/\/dabbourphysio.com\/test\/#logo\"}},{\"@type\":\"WebSite\",\"@id\":\"https:\/\/dabbourphysio.com\/test\/#website\",\"url\":\"https:\/\/dabbourphysio.com\/test\/\",\"name\":\"Dabbour Physio\",\"description\":\"Chartered Senior Physiotherapist in Stockholm &amp; London\",\"publisher\":{\"@id\":\"https:\/\/dabbourphysio.com\/test\/#organization\"},\"potentialAction\":[{\"@type\":\"SearchAction\",\"target\":{\"@type\":\"EntryPoint\",\"urlTemplate\":\"https:\/\/dabbourphysio.com\/test\/?s={search_term_string}\"},\"query-input\":\"required name=search_term_string\"}],\"inLanguage\":\"en-US\"},{\"@type\":\"WebPage\",\"@id\":\"https:\/\/dabbourphysio.com\/test\/handla-om\/?lang=sv#webpage\",\"url\":\"https:\/\/dabbourphysio.com\/test\/handla-om\/?lang=sv\",\"name\":\"Handla om &ndash; Dabbour Physio\",\"isPartOf\":{\"@id\":\"https:\/\/dabbourphysio.com\/test\/#website\"},\"datePublished\":\"2021-06-06T22:10:50+00:00\",\"dateModified\":\"2021-09-06T19:30:40+00:00\",\"breadcrumb\":{\"@id\":\"https:\/\/dabbourphysio.com\/test\/handla-om\/?lang=sv#breadcrumb\"},\"inLanguage\":\"en-US\",\"potentialAction\":[{\"@type\":\"ReadAction\",\"target\":[\"https:\/\/dabbourphysio.com\/test\/handla-om\/?lang=sv\"]}]},{\"@type\":\"BreadcrumbList\",\"@id\":\"https:\/\/dabbourphysio.com\/test\/handla-om\/?lang=sv#breadcrumb\",\"itemListElement\":[{\"@type\":\"ListItem\",\"position\":1,\"name\":\"Home\",\"item\":\"https:\/\/dabbourphysio.com\/test\/\"},{\"@type\":\"ListItem\",\"position\":2,\"name\":\"Handla om\"}]}]}<\/script>\n<!-- \/ Yoast SEO plugin. -->","yoast_head_json":{"title":"Handla om &ndash; Dabbour Physio","robots":{"index":"index","follow":"follow","max-snippet":"max-snippet:-1","max-image-preview":"max-image-preview:large","max-video-preview":"max-video-preview:-1"},"canonical":"https:\/\/dabbourphysio.com\/test\/handla-om\/","og_locale":"en_US","og_type":"article","og_title":"Handla om &ndash; Dabbour Physio","og_description":"Om migHanna Dabbour \u00e4r en legitimerad fysioterapeut och en \u201cChartered Senior Physiotherapist\u201d baserad i London och Stockholm. Hon har en MSc i fysioterapi fr\u00e5n University of East Anglia samt en magister i fysioterapi f\u00f6r kvinnoh\u00e4lsa fr\u00e5n University of Bradford. Hanna ser fr\u00e4mst patienter inom kvinnoh\u00e4lsa men \u00e4ven f\u00f6r problem med r\u00f6relseapparaten eller det muskuloskeletala systemet i \u00f6vrigt. Som kvinnoh\u00e4lsoexpert \u00e4r ... Read More","og_url":"https:\/\/dabbourphysio.com\/test\/handla-om\/?lang=sv","og_site_name":"Dabbour Physio","article_publisher":"https:\/\/www.facebook.com\/DabbourPhysio\/","article_modified_time":"2021-09-06T19:30:40+00:00","twitter_card":"summary","twitter_site":"@dabbourphysio","twitter_misc":{"Est. reading time":"3 minutes"},"schema":{"@context":"https:\/\/schema.org","@graph":[{"@type":"Organization","@id":"https:\/\/dabbourphysio.com\/test\/#organization","name":"DabbourPhysio","url":"https:\/\/dabbourphysio.com\/test\/","sameAs":["https:\/\/www.facebook.com\/DabbourPhysio\/","http:\/\/dabbourphysio","https:\/\/www.linkedin.com\/in\/dabbourphysio\/","https:\/\/www.youtube.com\/channel\/UCae1y76E-jTWOkD7TMHdxwg","https:\/\/twitter.com\/dabbourphysio"],"logo":{"@type":"ImageObject","@id":"https:\/\/dabbourphysio.com\/test\/#logo","inLanguage":"en-US","url":"https:\/\/dabbourphysio.com\/test\/wp-content\/uploads\/2016\/10\/hannatwotoneex2020.jpg","contentUrl":"https:\/\/dabbourphysio.com\/test\/wp-content\/uploads\/2016\/10\/hannatwotoneex2020.jpg","width":1890,"height":1890,"caption":"DabbourPhysio"},"image":{"@id":"https:\/\/dabbourphysio.com\/test\/#logo"}},{"@type":"WebSite","@id":"https:\/\/dabbourphysio.com\/test\/#website","url":"https:\/\/dabbourphysio.com\/test\/","name":"Dabbour Physio","description":"Chartered Senior Physiotherapist in Stockholm &amp; London","publisher":{"@id":"https:\/\/dabbourphysio.com\/test\/#organization"},"potentialAction":[{"@type":"SearchAction","target":{"@type":"EntryPoint","urlTemplate":"https:\/\/dabbourphysio.com\/test\/?s={search_term_string}"},"query-input":"required name=search_term_string"}],"inLanguage":"en-US"},{"@type":"WebPage","@id":"https:\/\/dabbourphysio.com\/test\/handla-om\/?lang=sv#webpage","url":"https:\/\/dabbourphysio.com\/test\/handla-om\/?lang=sv","name":"Handla om &ndash; Dabbour Physio","isPartOf":{"@id":"https:\/\/dabbourphysio.com\/test\/#website"},"datePublished":"2021-06-06T22:10:50+00:00","dateModified":"2021-09-06T19:30:40+00:00","breadcrumb":{"@id":"https:\/\/dabbourphysio.com\/test\/handla-om\/?lang=sv#breadcrumb"},"inLanguage":"en-US","potentialAction":[{"@type":"ReadAction","target":["https:\/\/dabbourphysio.com\/test\/handla-om\/?lang=sv"]}]},{"@type":"BreadcrumbList","@id":"https:\/\/dabbourphysio.com\/test\/handla-om\/?lang=sv#breadcrumb","itemListElement":[{"@type":"ListItem","position":1,"name":"Home","item":"https:\/\/dabbourphysio.com\/test\/"},{"@type":"ListItem","position":2,"name":"Handla om"}]}]}},"_links":{"self":[{"href":"https:\/\/dabbourphysio.com\/test\/wp-json\/wp\/v2\/pages\/3853"}],"collection":[{"href":"https:\/\/dabbourphysio.com\/test\/wp-json\/wp\/v2\/pages"}],"about":[{"href":"https:\/\/dabbourphysio.com\/test\/wp-json\/wp\/v2\/types\/page"}],"author":[{"embeddable":true,"href":"https:\/\/dabbourphysio.com\/test\/wp-json\/wp\/v2\/users\/3"}],"replies":[{"embeddable":true,"href":"https:\/\/dabbourphysio.com\/test\/wp-json\/wp\/v2\/comments?post=3853"}],"version-history":[{"count":6,"href":"https:\/\/dabbourphysio.com\/test\/wp-json\/wp\/v2\/pages\/3853\/revisions"}],"predecessor-version":[{"id":3951,"href":"https:\/\/dabbourphysio.com\/test\/wp-json\/wp\/v2\/pages\/3853\/revisions\/3951"}],"wp:attachment":[{"href":"https:\/\/dabbourphysio.com\/test\/wp-json\/wp\/v2\/media?parent=3853"}],"curies":[{"name":"wp","href":"https:\/\/api.w.org\/{rel}","templated":true}]}}