{"id":3854,"date":"2021-06-06T23:10:51","date_gmt":"2021-06-06T22:10:51","guid":{"rendered":"https:\/\/dabbourphysio.com\/test\/blasa-och-tarm\/"},"modified":"2021-09-06T20:28:52","modified_gmt":"2021-09-06T19:28:52","slug":"blasa-och-tarm","status":"publish","type":"page","link":"https:\/\/dabbourphysio.com\/test\/blasa-och-tarm\/?lang=sv","title":{"rendered":"Bl\u00e5sa och tarm"},"content":{"rendered":"<div id=\"cs-content\" class=\"cs-content\"><div class=\"x-section e3854-1 m2z2-0 m2z2-1\"><div class=\"x-row x-container max width e3854-2 m2z2-3 m2z2-4\"><div class=\"x-row-inner\"><div class=\"x-col e3854-3 m2z2-6 m2z2-7\"><div class=\"x-text e3854-4 m2z2-9 m2z2-a m2z2-b\">Urin- och tarmproblem<\/div><\/div><\/div><\/div><div class=\"x-row x-container max width e3854-5 m2z2-3\"><div class=\"x-row-inner\"><div class=\"x-col e3854-6 m2z2-6 m2z2-7\"><div class=\"x-text e3854-7 m2z2-9 m2z2-c m2z2-d m2z2-e m2z2-f\">Urin- och tarmproblemen \u00e4r finns hos m\u00e4n, kvinnor och barn i alla \u00e5ldrar. Det \u00e4r ocks\u00e5 en vanlig h\u00e4ndelse, d\u00e4r minst 1 av 10 p\u00e5verkas n\u00e5gon g\u00e5ng under hela livet.<\/div><\/div><div class=\"x-col e3854-8 m2z2-6 m2z2-7\"><div class=\"x-text e3854-9 m2z2-9 m2z2-d m2z2-e m2z2-g\">Fysioterapibehandling kan hj\u00e4lpa till att effektivt behandla och hantera en m\u00e4ngd olika problem relaterade till urinbl\u00e5san och tarmen, s\u00e5som:<\/div><div class=\"x-acc e3854-10 m2z2-i\" role=\"tablist\" id=\"x-acc-e3854-10\"><div class=\"e3854-11 x-acc-item\"><button id=\"tab-e3854-11\" class=\"x-acc-header\" role=\"tab\" type=\"button\" aria-selected=\"false\" aria-expanded=\"false\" aria-controls=\"panel-e3854-11\" data-x-toggle=\"collapse\" data-x-toggleable=\"e3854-11\"><span class=\"x-acc-header-content\"><span class=\"x-acc-header-indicator\">&#x25b8;<\/span><span class=\"x-acc-header-text\">Urin\u00e5kommor<\/span><\/span><\/button><div id=\"panel-e3854-11\" role=\"tabpanel\" aria-hidden=\"true\" aria-labelledby=\"tab-e3854-11\" data-x-toggleable=\"e3854-11\" data-x-toggle-collapse=\"1\" class=\"x-collapsed\"><div class=\"x-acc-content\"><ul>\n<li>Symtomen inkluderar \u00f6kad br\u00e5dska, frekvens, att vakna mitt p\u00e5 natten (nokturi) och tr\u00e4ngande inkontinens.\n<li>Behandlingarna inkluderar tr\u00e4ning av b\u00e4ckenbottensmuskler, urinbl\u00e5str\u00e4ning och r\u00e5d \/ utbildning om hur man hanterar och f\u00f6rhindrar problemet.<\/ul><\/div><\/div><\/div><div class=\"e3854-12 x-acc-item\"><button id=\"tab-e3854-12\" class=\"x-acc-header\" role=\"tab\" type=\"button\" aria-selected=\"false\" aria-expanded=\"false\" aria-controls=\"panel-e3854-12\" data-x-toggle=\"collapse\" data-x-toggleable=\"e3854-12\"><span class=\"x-acc-header-content\"><span class=\"x-acc-header-indicator\">&#x25b8;<\/span><span class=\"x-acc-header-text\">Anstr\u00e4ngningsinkontinens<\/span><\/span><\/button><div id=\"panel-e3854-12\" role=\"tabpanel\" aria-hidden=\"true\" aria-labelledby=\"tab-e3854-12\" data-x-toggleable=\"e3854-12\" data-x-toggle-collapse=\"1\" class=\"x-collapsed\"><div class=\"x-acc-content\"><ul><li>Symtomen inkluderar urinl\u00e4ckage vid hosta, nysningar, skratt, n\u00e4r man st\u00e4ller sig, lyfta tungt, tr\u00e4na eller ha sex.\n<li>Behandlingarna inkluderar tr\u00e4ning av b\u00e4ckenbottensmuskler, urinbl\u00e5str\u00e4ning och r\u00e5d \/ utbildning om hur man hanterar och minskar problemet.<\/ul><\/div><\/div><\/div><div class=\"e3854-13 x-acc-item\"><button id=\"tab-e3854-13\" class=\"x-acc-header\" role=\"tab\" type=\"button\" aria-selected=\"false\" aria-expanded=\"false\" aria-controls=\"panel-e3854-13\" data-x-toggle=\"collapse\" data-x-toggleable=\"e3854-13\"><span class=\"x-acc-header-content\"><span class=\"x-acc-header-indicator\">&#x25b8;<\/span><span class=\"x-acc-header-text\">Tr\u00e4ngningsinkontinens<\/span><\/span><\/button><div id=\"panel-e3854-13\" role=\"tabpanel\" aria-hidden=\"true\" aria-labelledby=\"tab-e3854-13\" data-x-toggleable=\"e3854-13\" data-x-toggle-collapse=\"1\" class=\"x-collapsed\"><div class=\"x-acc-content\"><ul><li>Symtomen inkluderar \u00f6kad br\u00e5dskande frekvens och behovet av att anv\u00e4nda toaletten, s\u00e5v\u00e4l som att inte lyckas ta sig till badrummet i tid.\n<li>Behandlingarna inkluderar tr\u00e4ning av b\u00e4ckenbottensmuskler, urinbl\u00e5str\u00e4ning och r\u00e5d \/ utbildning om hur man hanterar och f\u00f6rhindrar problemet.<\/ul><\/div><\/div><\/div><div class=\"e3854-14 x-acc-item\"><button id=\"tab-e3854-14\" class=\"x-acc-header\" role=\"tab\" type=\"button\" aria-selected=\"false\" aria-expanded=\"false\" aria-controls=\"panel-e3854-14\" data-x-toggle=\"collapse\" data-x-toggleable=\"e3854-14\"><span class=\"x-acc-header-content\"><span class=\"x-acc-header-indicator\">&#x25b8;<\/span><span class=\"x-acc-header-text\">Urin och tarmproblem relaterade till klimakteriet<\/span><\/span><\/button><div id=\"panel-e3854-14\" role=\"tabpanel\" aria-hidden=\"true\" aria-labelledby=\"tab-e3854-14\" data-x-toggleable=\"e3854-14\" data-x-toggle-collapse=\"1\" class=\"x-collapsed\"><div class=\"x-acc-content\"><ul><li>Symtomen inkluderar anstr\u00e4ngning- och tr\u00e4ngningsinkontinens, nattliga urintr\u00e4ngningar, sm\u00e4rta vid urinering samt eventuell avf\u00f6ringsinkontinens.\n<li>Behandlingen inkluderar bl\u00e5s- och tarmtr\u00e4ning, tr\u00e4ningsprogram och r\u00e5d \/ utbildning om hur man hanterar och f\u00f6rhindrar problemet.<\/ul><\/div><\/div><\/div><div class=\"e3854-15 x-acc-item\"><button id=\"tab-e3854-15\" class=\"x-acc-header\" role=\"tab\" type=\"button\" aria-selected=\"false\" aria-expanded=\"false\" aria-controls=\"panel-e3854-15\" data-x-toggle=\"collapse\" data-x-toggleable=\"e3854-15\"><span class=\"x-acc-header-content\"><span class=\"x-acc-header-indicator\">&#x25b8;<\/span><span class=\"x-acc-header-text\">Avf\u00f6ringsinkontinens <\/span><\/span><\/button><div id=\"panel-e3854-15\" role=\"tabpanel\" aria-hidden=\"true\" aria-labelledby=\"tab-e3854-15\" data-x-toggleable=\"e3854-15\" data-x-toggle-collapse=\"1\" class=\"x-collapsed\"><div class=\"x-acc-content\"><ul><li>Symtomen inkluderar ett pl\u00f6tsligt behov av beh\u00f6va g\u00e5 p\u00e5 toaletten eller of\u00f6rm\u00e5ga att h\u00e5lla avf\u00f6ring inne. \u00c4ven sm\u00e4rta n\u00e4r man g\u00e5r p\u00e5 toaletten eller under allm\u00e4nna r\u00f6relser kan ocks\u00e5 vara ett symptom.\n<li>Behandlingarna fokuserar vanligtvis p\u00e5 tarmtr\u00e4ning som hj\u00e4lper till att st\u00e4rka musklerna som \u00e4r involverade i tarmr\u00f6relserna, s\u00e5som b\u00e4ckenbottensmusklerna, magmusklerna och den anala sfinktern. Detta kan g\u00f6ras med hj\u00e4lp av tr\u00e4ningsprogram och r\u00e5d \/ utbildning om hur man hanterar och f\u00f6rhindrar problemet.<\/ul><\/div><\/div><\/div><div class=\"e3854-16 x-acc-item\"><button id=\"tab-e3854-16\" class=\"x-acc-header\" role=\"tab\" type=\"button\" aria-selected=\"false\" aria-expanded=\"false\" aria-controls=\"panel-e3854-16\" data-x-toggle=\"collapse\" data-x-toggleable=\"e3854-16\"><span class=\"x-acc-header-content\"><span class=\"x-acc-header-indicator\">&#x25b8;<\/span><span class=\"x-acc-header-text\">Fekal inkontinens<\/span><\/span><\/button><div id=\"panel-e3854-16\" role=\"tabpanel\" aria-hidden=\"true\" aria-labelledby=\"tab-e3854-16\" data-x-toggleable=\"e3854-16\" data-x-toggle-collapse=\"1\" class=\"x-collapsed\"><div class=\"x-acc-content\"><ul><li>Symtomen inkluderar of\u00f6rm\u00e5gan att h\u00e5lla avf\u00f6ring med eller utan br\u00e5dskande samt l\u00e4ckage under dagliga aktiviteter.\n<li>Behandlingar inkluderar tarmtr\u00e4ning f\u00f6r att st\u00e4rka muskler som \u00e4r involverade i tarmr\u00f6relser, s\u00e5som b\u00e4ckenbottenmusklerna, magmusklerna och den anala sphincteren. Detta kan g\u00f6ras med hj\u00e4lp av tr\u00e4ningsprogram och r\u00e5d \/ utbildning om hur man hanterar och f\u00f6rhindrar problemet.<\/ul><\/div><\/div><\/div><div class=\"e3854-17 x-acc-item\"><button id=\"tab-e3854-17\" class=\"x-acc-header\" role=\"tab\" type=\"button\" aria-selected=\"false\" aria-expanded=\"false\" aria-controls=\"panel-e3854-17\" data-x-toggle=\"collapse\" data-x-toggleable=\"e3854-17\"><span class=\"x-acc-header-content\"><span class=\"x-acc-header-indicator\">&#x25b8;<\/span><span class=\"x-acc-header-text\">Anismus (ofrivillig sammandragning av analsfinktern)<\/span><\/span><\/button><div id=\"panel-e3854-17\" role=\"tabpanel\" aria-hidden=\"true\" aria-labelledby=\"tab-e3854-17\" data-x-toggleable=\"e3854-17\" data-x-toggle-collapse=\"1\" class=\"x-collapsed\"><div class=\"x-acc-content\"><ul><li>Symtom inkluderar problem med att passera avf\u00f6ring, inklusive \u00f6verdriven anstr\u00e4ngning vid avf\u00f6ring. Andra symtom kan vara tenesmus (en k\u00e4nsla av ofullst\u00e4ndighet vid avf\u00f6ring -  eller den ih\u00e5llande k\u00e4nslan av att beh\u00f6va passera en tarmr\u00f6relse, oavsett det faktiska fysiska behovet av att sl\u00e4ppa fast avfall) eller en k\u00e4nsla av obstruktion och \/ eller blockering efter att ha bes\u00f6kt badrummet.\n<li>Behandlingarna inkluderar r\u00e5d om f\u00f6rsv\u00e5rande faktorer, avf\u00f6ringshantering, tr\u00e4ningsprogram som till toalettdagb\u00f6cker och effektiva anstr\u00e4ngningsmetoder.<\/ul><\/div><\/div><\/div><div class=\"e3854-18 x-acc-item\"><button id=\"tab-e3854-18\" class=\"x-acc-header\" role=\"tab\" type=\"button\" aria-selected=\"false\" aria-expanded=\"false\" aria-controls=\"panel-e3854-18\" data-x-toggle=\"collapse\" data-x-toggleable=\"e3854-18\"><span class=\"x-acc-header-content\"><span class=\"x-acc-header-indicator\">&#x25b8;<\/span><span class=\"x-acc-header-text\">Framfall<\/span><\/span><\/button><div id=\"panel-e3854-18\" role=\"tabpanel\" aria-hidden=\"true\" aria-labelledby=\"tab-e3854-18\" data-x-toggleable=\"e3854-18\" data-x-toggle-collapse=\"1\" class=\"x-collapsed\"><div class=\"x-acc-content\"><ul><li>Symtom inkluderar vaginala utbuktning, v\u00e4rk eller tyngd, vilket leder till problem med tarmt\u00f6mning eller att t\u00f6mma urinbl\u00e5san. Olika former av inkontinens kan ocks\u00e5 orsakas av ett framfall.\n<li>Behandlingarna inkluderar ett tr\u00e4ningsprogram f\u00f6r b\u00e4ckenbottensmusklerna, livsstilsr\u00e5d och modifieringar, st\u00f6d med tr\u00e4ning eller anv\u00e4ndning av vaginal pessar.<\/ul><\/div><\/div><\/div><\/div><\/div><\/div><\/div><\/div><div class=\"x-section e3854-19 m2z2-0 m2z2-2\"><div class=\"x-row x-container max width e3854-20 m2z2-3 m2z2-5\"><div class=\"x-row-inner\"><div class=\"x-col e3854-21 m2z2-6 m2z2-8\"><div class=\"x-text e3854-22 m2z2-9 m2z2-b m2z2-c m2z2-d m2z2-h\">Kontakta mig g\u00e4rna om du har n\u00e5gra fr\u00e5gor, <br> eller vill boka tid!<\/div><a class=\"x-anchor x-anchor-button has-graphic has-int-content e3854-23 m2z2-j m2z2-k  x-hide-sm x-hide-xs\" tabindex=\"0\" href=\"\/test\/kontakt\/?lang=sv\"><div class=\"x-anchor-content x-anchor-content-out-slide-top-in-scale-up\"><span class=\"x-graphic\" aria-hidden=\"true\"><i class=\"x-icon x-graphic-child x-graphic-icon x-graphic-primary\" aria-hidden=\"true\" data-x-icon-l=\"&#xf25a;\"><\/i><\/span><div class=\"x-anchor-text\"><span class=\"x-anchor-text-primary\">Har du fr\u00e5gor?<\/span><\/div><\/div><div class=\"x-anchor-content x-anchor-content-out-slide-top-in-scale-up is-int\"><span class=\"x-graphic\" aria-hidden=\"true\"><i class=\"x-icon x-graphic-child x-graphic-icon x-graphic-primary\" aria-hidden=\"true\" data-x-icon-l=\"&#xf672;\"><\/i><\/span><div class=\"x-anchor-text\"><div class=\"x-anchor-text-primary\">F\u00e5 n\u00e5gra svar!<\/div><\/div><\/div><\/a><a class=\"x-anchor x-anchor-button has-graphic has-int-content e3854-24 m2z2-k m2z2-l  x-hide-lg x-hide-md x-hide-xl\" tabindex=\"0\" href=\"\/test\/kontakt\/?lang=sv\"><div class=\"x-anchor-content x-anchor-content-out-slide-top-in-scale-up\"><span class=\"x-graphic\" aria-hidden=\"true\"><i class=\"x-icon x-graphic-child x-graphic-icon x-graphic-primary\" aria-hidden=\"true\" data-x-icon-l=\"&#xf25a;\"><\/i><\/span><div class=\"x-anchor-text\"><span class=\"x-anchor-text-primary\">Har du fr\u00e5gor?<\/span><\/div><\/div><div class=\"x-anchor-content x-anchor-content-out-slide-top-in-scale-up is-int\"><span class=\"x-graphic\" aria-hidden=\"true\"><i class=\"x-icon x-graphic-child x-graphic-icon x-graphic-primary\" aria-hidden=\"true\" data-x-icon-l=\"&#xf672;\"><\/i><\/span><div class=\"x-anchor-text\"><div class=\"x-anchor-text-primary\">F\u00e5 n\u00e5gra svar!<\/div><\/div><\/div><\/a><\/div><\/div><\/div><\/div><\/div>\n","protected":false},"excerpt":{"rendered":"<p>Urin- och tarmproblemUrin- och tarmproblemen \u00e4r finns hos m\u00e4n, kvinnor och barn i alla \u00e5ldrar. Det \u00e4r ocks\u00e5 en vanlig h\u00e4ndelse, d\u00e4r minst 1 av 10 p\u00e5verkas n\u00e5gon g\u00e5ng under hela livet.Fysioterapibehandling kan hj\u00e4lpa till att effektivt behandla och hantera en m\u00e4ngd olika problem relaterade till urinbl\u00e5san och tarmen, s\u00e5som:&#x25b8;Urin\u00e5kommor Symtomen inkluderar \u00f6kad br\u00e5dska, frekvens, att vakna mitt p\u00e5 natten &#8230; <\/p>\n<div><a href=\"https:\/\/dabbourphysio.com\/test\/blasa-och-tarm\/?lang=sv\" class=\"more-link\">Read More<\/a><\/div>\n","protected":false},"author":3,"featured_media":0,"parent":0,"menu_order":0,"comment_status":"closed","ping_status":"closed","template":"template-blank-4.php","meta":[],"yoast_head":"<!-- This site is optimized with the Yoast SEO plugin v18.0 - https:\/\/yoast.com\/wordpress\/plugins\/seo\/ -->\n<title>Bl\u00e5sa och tarm &ndash; Dabbour Physio<\/title>\n<meta name=\"robots\" content=\"index, follow, max-snippet:-1, max-image-preview:large, max-video-preview:-1\" \/>\n<link rel=\"canonical\" href=\"https:\/\/dabbourphysio.com\/test\/blasa-och-tarm\/\" \/>\n<meta property=\"og:locale\" content=\"en_US\" \/>\n<meta property=\"og:type\" content=\"article\" \/>\n<meta property=\"og:title\" content=\"Bl\u00e5sa och tarm &ndash; Dabbour Physio\" \/>\n<meta property=\"og:description\" content=\"Urin- och tarmproblemUrin- och tarmproblemen \u00e4r finns hos m\u00e4n, kvinnor och barn i alla \u00e5ldrar. Det \u00e4r ocks\u00e5 en vanlig h\u00e4ndelse, d\u00e4r minst 1 av 10 p\u00e5verkas n\u00e5gon g\u00e5ng under hela livet.Fysioterapibehandling kan hj\u00e4lpa till att effektivt behandla och hantera en m\u00e4ngd olika problem relaterade till urinbl\u00e5san och tarmen, s\u00e5som:&#x25b8;Urin\u00e5kommor Symtomen inkluderar \u00f6kad br\u00e5dska, frekvens, att vakna mitt p\u00e5 natten ... Read More\" \/>\n<meta property=\"og:url\" content=\"https:\/\/dabbourphysio.com\/test\/blasa-och-tarm\/?lang=sv\" \/>\n<meta property=\"og:site_name\" content=\"Dabbour Physio\" \/>\n<meta property=\"article:publisher\" content=\"https:\/\/www.facebook.com\/DabbourPhysio\/\" \/>\n<meta property=\"article:modified_time\" content=\"2021-09-06T19:28:52+00:00\" \/>\n<meta name=\"twitter:card\" content=\"summary\" \/>\n<meta name=\"twitter:site\" content=\"@dabbourphysio\" \/>\n<meta name=\"twitter:label1\" content=\"Est. reading time\" \/>\n\t<meta name=\"twitter:data1\" content=\"4 minutes\" \/>\n<script type=\"application\/ld+json\" class=\"yoast-schema-graph\">{\"@context\":\"https:\/\/schema.org\",\"@graph\":[{\"@type\":\"Organization\",\"@id\":\"https:\/\/dabbourphysio.com\/test\/#organization\",\"name\":\"DabbourPhysio\",\"url\":\"https:\/\/dabbourphysio.com\/test\/\",\"sameAs\":[\"https:\/\/www.facebook.com\/DabbourPhysio\/\",\"http:\/\/dabbourphysio\",\"https:\/\/www.linkedin.com\/in\/dabbourphysio\/\",\"https:\/\/www.youtube.com\/channel\/UCae1y76E-jTWOkD7TMHdxwg\",\"https:\/\/twitter.com\/dabbourphysio\"],\"logo\":{\"@type\":\"ImageObject\",\"@id\":\"https:\/\/dabbourphysio.com\/test\/#logo\",\"inLanguage\":\"en-US\",\"url\":\"https:\/\/dabbourphysio.com\/test\/wp-content\/uploads\/2016\/10\/hannatwotoneex2020.jpg\",\"contentUrl\":\"https:\/\/dabbourphysio.com\/test\/wp-content\/uploads\/2016\/10\/hannatwotoneex2020.jpg\",\"width\":1890,\"height\":1890,\"caption\":\"DabbourPhysio\"},\"image\":{\"@id\":\"https:\/\/dabbourphysio.com\/test\/#logo\"}},{\"@type\":\"WebSite\",\"@id\":\"https:\/\/dabbourphysio.com\/test\/#website\",\"url\":\"https:\/\/dabbourphysio.com\/test\/\",\"name\":\"Dabbour Physio\",\"description\":\"Chartered Senior Physiotherapist in Stockholm &amp; London\",\"publisher\":{\"@id\":\"https:\/\/dabbourphysio.com\/test\/#organization\"},\"potentialAction\":[{\"@type\":\"SearchAction\",\"target\":{\"@type\":\"EntryPoint\",\"urlTemplate\":\"https:\/\/dabbourphysio.com\/test\/?s={search_term_string}\"},\"query-input\":\"required name=search_term_string\"}],\"inLanguage\":\"en-US\"},{\"@type\":\"WebPage\",\"@id\":\"https:\/\/dabbourphysio.com\/test\/blasa-och-tarm\/?lang=sv#webpage\",\"url\":\"https:\/\/dabbourphysio.com\/test\/blasa-och-tarm\/?lang=sv\",\"name\":\"Bl\u00e5sa och tarm &ndash; Dabbour Physio\",\"isPartOf\":{\"@id\":\"https:\/\/dabbourphysio.com\/test\/#website\"},\"datePublished\":\"2021-06-06T22:10:51+00:00\",\"dateModified\":\"2021-09-06T19:28:52+00:00\",\"breadcrumb\":{\"@id\":\"https:\/\/dabbourphysio.com\/test\/blasa-och-tarm\/?lang=sv#breadcrumb\"},\"inLanguage\":\"en-US\",\"potentialAction\":[{\"@type\":\"ReadAction\",\"target\":[\"https:\/\/dabbourphysio.com\/test\/blasa-och-tarm\/?lang=sv\"]}]},{\"@type\":\"BreadcrumbList\",\"@id\":\"https:\/\/dabbourphysio.com\/test\/blasa-och-tarm\/?lang=sv#breadcrumb\",\"itemListElement\":[{\"@type\":\"ListItem\",\"position\":1,\"name\":\"Home\",\"item\":\"https:\/\/dabbourphysio.com\/test\/\"},{\"@type\":\"ListItem\",\"position\":2,\"name\":\"Bl\u00e5sa och tarm\"}]}]}<\/script>\n<!-- \/ Yoast SEO plugin. -->","yoast_head_json":{"title":"Bl\u00e5sa och tarm &ndash; Dabbour Physio","robots":{"index":"index","follow":"follow","max-snippet":"max-snippet:-1","max-image-preview":"max-image-preview:large","max-video-preview":"max-video-preview:-1"},"canonical":"https:\/\/dabbourphysio.com\/test\/blasa-och-tarm\/","og_locale":"en_US","og_type":"article","og_title":"Bl\u00e5sa och tarm &ndash; Dabbour Physio","og_description":"Urin- och tarmproblemUrin- och tarmproblemen \u00e4r finns hos m\u00e4n, kvinnor och barn i alla \u00e5ldrar. Det \u00e4r ocks\u00e5 en vanlig h\u00e4ndelse, d\u00e4r minst 1 av 10 p\u00e5verkas n\u00e5gon g\u00e5ng under hela livet.Fysioterapibehandling kan hj\u00e4lpa till att effektivt behandla och hantera en m\u00e4ngd olika problem relaterade till urinbl\u00e5san och tarmen, s\u00e5som:&#x25b8;Urin\u00e5kommor Symtomen inkluderar \u00f6kad br\u00e5dska, frekvens, att vakna mitt p\u00e5 natten ... Read More","og_url":"https:\/\/dabbourphysio.com\/test\/blasa-och-tarm\/?lang=sv","og_site_name":"Dabbour Physio","article_publisher":"https:\/\/www.facebook.com\/DabbourPhysio\/","article_modified_time":"2021-09-06T19:28:52+00:00","twitter_card":"summary","twitter_site":"@dabbourphysio","twitter_misc":{"Est. reading time":"4 minutes"},"schema":{"@context":"https:\/\/schema.org","@graph":[{"@type":"Organization","@id":"https:\/\/dabbourphysio.com\/test\/#organization","name":"DabbourPhysio","url":"https:\/\/dabbourphysio.com\/test\/","sameAs":["https:\/\/www.facebook.com\/DabbourPhysio\/","http:\/\/dabbourphysio","https:\/\/www.linkedin.com\/in\/dabbourphysio\/","https:\/\/www.youtube.com\/channel\/UCae1y76E-jTWOkD7TMHdxwg","https:\/\/twitter.com\/dabbourphysio"],"logo":{"@type":"ImageObject","@id":"https:\/\/dabbourphysio.com\/test\/#logo","inLanguage":"en-US","url":"https:\/\/dabbourphysio.com\/test\/wp-content\/uploads\/2016\/10\/hannatwotoneex2020.jpg","contentUrl":"https:\/\/dabbourphysio.com\/test\/wp-content\/uploads\/2016\/10\/hannatwotoneex2020.jpg","width":1890,"height":1890,"caption":"DabbourPhysio"},"image":{"@id":"https:\/\/dabbourphysio.com\/test\/#logo"}},{"@type":"WebSite","@id":"https:\/\/dabbourphysio.com\/test\/#website","url":"https:\/\/dabbourphysio.com\/test\/","name":"Dabbour Physio","description":"Chartered Senior Physiotherapist in Stockholm &amp; London","publisher":{"@id":"https:\/\/dabbourphysio.com\/test\/#organization"},"potentialAction":[{"@type":"SearchAction","target":{"@type":"EntryPoint","urlTemplate":"https:\/\/dabbourphysio.com\/test\/?s={search_term_string}"},"query-input":"required name=search_term_string"}],"inLanguage":"en-US"},{"@type":"WebPage","@id":"https:\/\/dabbourphysio.com\/test\/blasa-och-tarm\/?lang=sv#webpage","url":"https:\/\/dabbourphysio.com\/test\/blasa-och-tarm\/?lang=sv","name":"Bl\u00e5sa och tarm &ndash; Dabbour Physio","isPartOf":{"@id":"https:\/\/dabbourphysio.com\/test\/#website"},"datePublished":"2021-06-06T22:10:51+00:00","dateModified":"2021-09-06T19:28:52+00:00","breadcrumb":{"@id":"https:\/\/dabbourphysio.com\/test\/blasa-och-tarm\/?lang=sv#breadcrumb"},"inLanguage":"en-US","potentialAction":[{"@type":"ReadAction","target":["https:\/\/dabbourphysio.com\/test\/blasa-och-tarm\/?lang=sv"]}]},{"@type":"BreadcrumbList","@id":"https:\/\/dabbourphysio.com\/test\/blasa-och-tarm\/?lang=sv#breadcrumb","itemListElement":[{"@type":"ListItem","position":1,"name":"Home","item":"https:\/\/dabbourphysio.com\/test\/"},{"@type":"ListItem","position":2,"name":"Bl\u00e5sa och tarm"}]}]}},"_links":{"self":[{"href":"https:\/\/dabbourphysio.com\/test\/wp-json\/wp\/v2\/pages\/3854"}],"collection":[{"href":"https:\/\/dabbourphysio.com\/test\/wp-json\/wp\/v2\/pages"}],"about":[{"href":"https:\/\/dabbourphysio.com\/test\/wp-json\/wp\/v2\/types\/page"}],"author":[{"embeddable":true,"href":"https:\/\/dabbourphysio.com\/test\/wp-json\/wp\/v2\/users\/3"}],"replies":[{"embeddable":true,"href":"https:\/\/dabbourphysio.com\/test\/wp-json\/wp\/v2\/comments?post=3854"}],"version-history":[{"count":6,"href":"https:\/\/dabbourphysio.com\/test\/wp-json\/wp\/v2\/pages\/3854\/revisions"}],"predecessor-version":[{"id":3947,"href":"https:\/\/dabbourphysio.com\/test\/wp-json\/wp\/v2\/pages\/3854\/revisions\/3947"}],"wp:attachment":[{"href":"https:\/\/dabbourphysio.com\/test\/wp-json\/wp\/v2\/media?parent=3854"}],"curies":[{"name":"wp","href":"https:\/\/api.w.org\/{rel}","templated":true}]}}