{"id":3859,"date":"2021-06-06T23:10:57","date_gmt":"2021-06-06T22:10:57","guid":{"rendered":"https:\/\/dabbourphysio.com\/test\/backensmarta\/"},"modified":"2021-09-06T20:29:12","modified_gmt":"2021-09-06T19:29:12","slug":"backensmarta","status":"publish","type":"page","link":"https:\/\/dabbourphysio.com\/test\/backensmarta\/?lang=sv","title":{"rendered":"B\u00e4ckensm\u00e4rta"},"content":{"rendered":"<div id=\"cs-content\" class=\"cs-content\"><div class=\"x-section e3859-1 m2z7-0 m2z7-1\"><div class=\"x-row x-container max width e3859-2 m2z7-3 m2z7-4\"><div class=\"x-row-inner\"><div class=\"x-col e3859-3 m2z7-6 m2z7-7\"><div class=\"x-text e3859-4 m2z7-9 m2z7-a m2z7-b\">B\u00e4ckenbottenssm\u00e4rta<\/div><\/div><\/div><\/div><div class=\"x-row x-container max width e3859-5 m2z7-3\"><div class=\"x-row-inner\"><div class=\"x-col e3859-6 m2z7-6 m2z7-7\"><div class=\"x-text e3859-7 m2z7-9 m2z7-c m2z7-d m2z7-e m2z7-f\">Urinbl\u00e5san och tarmproblemen \u00e4r en g\u00e5va hos m\u00e4n, kvinnor och barn i alla \u00e5ldrar. Det \u00e4r ocks\u00e5 en vanlig h\u00e4ndelse, d\u00e4r minst 1 av 10 p\u00e5verkas n\u00e5gon g\u00e5ng under hela livet.<\/div><\/div><div class=\"x-col e3859-8 m2z7-6 m2z7-7\"><div class=\"x-text e3859-9 m2z7-9 m2z7-d m2z7-e m2z7-g\">Fysioterapi och rehabilitation kan hj\u00e4lpa behandla samt ta hand om m\u00e5nga av dessa problem och p\u00e5 s\u00e5 s\u00e4tt hj\u00e4lpa med sm\u00e4rtan. Mer specifikt:<\/div><div class=\"x-acc e3859-10 m2z7-i\" role=\"tablist\" id=\"x-acc-e3859-10\"><div class=\"e3859-11 x-acc-item\"><button id=\"tab-e3859-11\" class=\"x-acc-header\" role=\"tab\" type=\"button\" aria-selected=\"false\" aria-expanded=\"false\" aria-controls=\"panel-e3859-11\" data-x-toggle=\"collapse\" data-x-toggleable=\"e3859-11\"><span class=\"x-acc-header-content\"><span class=\"x-acc-header-indicator\">&#x25b8;<\/span><span class=\"x-acc-header-text\">F\u00f6delsetrauma - analsfinkterskada (OASIS-skada \u2013 \u201dobstetric anal sphincter injury\u201d)<\/span><\/span><\/button><div id=\"panel-e3859-11\" role=\"tabpanel\" aria-hidden=\"true\" aria-labelledby=\"tab-e3859-11\" data-x-toggleable=\"e3859-11\" data-x-toggle-collapse=\"1\" class=\"x-collapsed\"><div class=\"x-acc-content\"><ul><li>Obstetrisk analfinkterskada (OASIS) orsakas av perinealt trauma under vaginal f\u00f6rlossning. \u00c4ven kallad tredje och fj\u00e4rde graden av perineal bristning, dessa skador involverar det anala sfinkterkomplexet och i mer allvarliga fall analslemhinnan. F\u00f6rutom att bidra till kortvarig perineal sm\u00e4rta \u00e4r OASIS en ledande riskfaktor f\u00f6r efterf\u00f6ljande f\u00f6rlust av tarmkontroll hos kvinnor.\n<li>Behandlingar inkluderar r\u00e5d och utbildning om hantering och rehabilitering av sm\u00e4rtan samt \u00f6vningar och tr\u00e4ningsprogram som fokuserar p\u00e5 att st\u00e4rka musklerna f\u00f6r att f\u00f6rb\u00e4ttra stabiliteten i b\u00e4ckenbotten. Fysioterapi kan ocks\u00e5 omfatta anv\u00e4ndning av utrustning som STIM-biofeedback, b\u00e4cken- \/ perinealmassage och skonsam manipulation av relevanta omr\u00e5den.<\/ul>\n<\/div><\/div><\/div><div class=\"e3859-12 x-acc-item\"><button id=\"tab-e3859-12\" class=\"x-acc-header\" role=\"tab\" type=\"button\" aria-selected=\"false\" aria-expanded=\"false\" aria-controls=\"panel-e3859-12\" data-x-toggle=\"collapse\" data-x-toggleable=\"e3859-12\"><span class=\"x-acc-header-content\"><span class=\"x-acc-header-indicator\">&#x25b8;<\/span><span class=\"x-acc-header-text\">Intern b\u00e4ckenbottenssm\u00e4rta (som vid sex, anv\u00e4ndning av tamponger etc.)<\/span><\/span><\/button><div id=\"panel-e3859-12\" role=\"tabpanel\" aria-hidden=\"true\" aria-labelledby=\"tab-e3859-12\" data-x-toggleable=\"e3859-12\" data-x-toggle-collapse=\"1\" class=\"x-collapsed\"><div class=\"x-acc-content\"><ul><li>Orsaker till inre b\u00e4ckenbottenssm\u00e4rta inkluderar \u00f6veraktiva b\u00e4ckenbottenmuskler, vulvodyni, vaginismus, hormonella f\u00f6r\u00e4ndringar och hudirritation bland mycket annat.\n<li>Behandlingar inkluderar r\u00e5d \/ utbildning om hur man hanterar och f\u00f6rhindrar problemet samt tr\u00e4ning av b\u00e4ckenbottenmusklerna. Det kan ocks\u00e5 inneh\u00e5lla manuell terapi f\u00f6r att slappna av i b\u00e4ckenbottenmusklerna samt frig\u00f6ra utl\u00f6sande punkter, myofasciala stretch\u00f6vningar och \u00e4rrmassage.<\/ul>\n<\/div><\/div><\/div><div class=\"e3859-13 x-acc-item\"><button id=\"tab-e3859-13\" class=\"x-acc-header\" role=\"tab\" type=\"button\" aria-selected=\"false\" aria-expanded=\"false\" aria-controls=\"panel-e3859-13\" data-x-toggle=\"collapse\" data-x-toggleable=\"e3859-13\"><span class=\"x-acc-header-content\"><span class=\"x-acc-header-indicator\">&#x25b8;<\/span><span class=\"x-acc-header-text\">Vulvodyni\/Vestibulit<\/span><\/span><\/button><div id=\"panel-e3859-13\" role=\"tabpanel\" aria-hidden=\"true\" aria-labelledby=\"tab-e3859-13\" data-x-toggleable=\"e3859-13\" data-x-toggle-collapse=\"1\" class=\"x-collapsed\"><div class=\"x-acc-content\"><ul><li>Symtomen inkluderar alla kombinationer av sveda, v\u00e4rka samt \u00f6mhet och kl\u00e5da. De utl\u00f6ses ofta av ber\u00f6ring, till exempel under sex eller n\u00e4r du anv\u00e4nder tamponger eller andra liknande produkter. Sm\u00e4rtan kan placeras i b\u00e5da mindre delar av vulva, s\u00e5som \u00f6ppningen till slidan eller vara mer generaliserad i regionen, inklusive sm\u00e4rta i de inre l\u00e5ren och omgivande omr\u00e5den.\n<li>Behandlingar inkluderar \u00f6vningar i b\u00e4ckenbotten, muskelavslappningstekniker och anv\u00e4ndning av dilatorer.<\/ul>\n<\/div><\/div><\/div><div class=\"e3859-14 x-acc-item\"><button id=\"tab-e3859-14\" class=\"x-acc-header\" role=\"tab\" type=\"button\" aria-selected=\"false\" aria-expanded=\"false\" aria-controls=\"panel-e3859-14\" data-x-toggle=\"collapse\" data-x-toggleable=\"e3859-14\"><span class=\"x-acc-header-content\"><span class=\"x-acc-header-indicator\">&#x25b8;<\/span><span class=\"x-acc-header-text\">Endometrios<\/span><\/span><\/button><div id=\"panel-e3859-14\" role=\"tabpanel\" aria-hidden=\"true\" aria-labelledby=\"tab-e3859-14\" data-x-toggleable=\"e3859-14\" data-x-toggle-collapse=\"1\" class=\"x-collapsed\"><div class=\"x-acc-content\"><ul><li>Endometrios har en m\u00e4ngd olika symtom, med de vanligaste \u00e4r sm\u00e4rtsam och \/ eller sv\u00e5r mens samt sm\u00e4rta i underlivet, b\u00e4ckenet eller nedre delen av ryggen. Andra symtom inkluderar sm\u00e4rta under och efter samlag, bl\u00f6dning mellan mens, utmattning och tr\u00f6tthet eller obehag under urinbl\u00e5san och vid tarmt\u00f6mning.  Behandlingar inkluderar tr\u00e4ning och tr\u00e4ningsprogram i b\u00e4ckenbotten, r\u00e5d och utbildning kring sexuell intimitet med endometrios, diagnos av andra relaterade problem som bidrar till sm\u00e4rta. \n<li>Fysioterapi kan ocks\u00e5 hj\u00e4lpa till genom att behandla relaterade b\u00e4ckenbottensdysfunktioner, anv\u00e4nda myofasciala triggerpunkter och behandla \u00f6versp\u00e4ndhet i b\u00e4ckenbotten.<\/ul>\n<\/div><\/div><\/div><div class=\"e3859-15 x-acc-item\"><button id=\"tab-e3859-15\" class=\"x-acc-header\" role=\"tab\" type=\"button\" aria-selected=\"false\" aria-expanded=\"false\" aria-controls=\"panel-e3859-15\" data-x-toggle=\"collapse\" data-x-toggleable=\"e3859-15\"><span class=\"x-acc-header-content\"><span class=\"x-acc-header-indicator\">&#x25b8;<\/span><span class=\"x-acc-header-text\">Dysmenorr\u00e9 (sm\u00e4rta vid mens)<\/span><\/span><\/button><div id=\"panel-e3859-15\" role=\"tabpanel\" aria-hidden=\"true\" aria-labelledby=\"tab-e3859-15\" data-x-toggleable=\"e3859-15\" data-x-toggle-collapse=\"1\" class=\"x-collapsed\"><div class=\"x-acc-content\"><ul><li>De klassiska symptomet p\u00e5 dysmenorr\u00e9 \u00e4r kramper och buksm\u00e4rtor, som ibland sprids till nedre delen av ryggen och l\u00e5ren f\u00f6re eller under den tidiga delen av din menstruation. Andra symtom inkluderar tr\u00f6tthet, illam\u00e5ende och kr\u00e4kningar, diarr\u00e9, ryggsm\u00e4rtor, huvudv\u00e4rk och uppbl\u00e5sthet. Dysmenorr\u00e9 kan ocks\u00e5 f\u00f6rekomma som tunga och \/ eller oregelbundna perioder, bl\u00f6dning mellan perioder och oregelbundna flytningar.\n<li>Fysioterapibehandlingar inkluderar r\u00e5d \/ utbildning om hur man kan hantera och f\u00f6rhindra sm\u00e4rtan samt tr\u00e4ning av b\u00e4ckenbotten. Tr\u00e4ning har ocks\u00e5 visat sig hj\u00e4lpa till med dysmenorr\u00e9.<\/ul>\n<\/div><\/div><\/div><div class=\"e3859-16 x-acc-item\"><button id=\"tab-e3859-16\" class=\"x-acc-header\" role=\"tab\" type=\"button\" aria-selected=\"false\" aria-expanded=\"false\" aria-controls=\"panel-e3859-16\" data-x-toggle=\"collapse\" data-x-toggleable=\"e3859-16\"><span class=\"x-acc-header-content\"><span class=\"x-acc-header-indicator\">&#x25b8;<\/span><span class=\"x-acc-header-text\">Sm\u00e4rta vid sex (Dyspareuni\/ Vaginism etc)<\/span><\/span><\/button><div id=\"panel-e3859-16\" role=\"tabpanel\" aria-hidden=\"true\" aria-labelledby=\"tab-e3859-16\" data-x-toggleable=\"e3859-16\" data-x-toggle-collapse=\"1\" class=\"x-collapsed\"><div class=\"x-acc-content\"><ul><li>Symtom inkluderar sm\u00e4rta vid sexuell penetration eller helt enkelt vid n\u00e5gon penetration i slidan (tamponger, preventivmedel etc) eller pl\u00f6tslig sm\u00e4rta efter tidigare sm\u00e4rtfritt sex. Det kan ocks\u00e5 uppst\u00e5 en djup och tung sm\u00e4rta, sveda eller v\u00e4rk som finns kvar efter samlag.\n<li>Patienter med dyspareuni kan ha muskuloskeletala problem som kan behandlas med fysioterapi. Behandlingarna inkluderar r\u00e5dgivning \/ utbildning om samlag och sexuell aktivitet f\u00f6rutom tr\u00e4ning av b\u00e4ckenbotten. Det kan ocks\u00e5 inneh\u00e5lla manuell terapi f\u00f6r att slappna av i b\u00e4ckenbottenmusklerna samt frig\u00f6ra utl\u00f6sande punkter, myofasciala stretch\u00f6vningar och \u00e4rrmassage.<\/ul>\n<\/div><\/div><\/div><div class=\"e3859-17 x-acc-item\"><button id=\"tab-e3859-17\" class=\"x-acc-header\" role=\"tab\" type=\"button\" aria-selected=\"false\" aria-expanded=\"false\" aria-controls=\"panel-e3859-17\" data-x-toggle=\"collapse\" data-x-toggleable=\"e3859-17\"><span class=\"x-acc-header-content\"><span class=\"x-acc-header-indicator\">&#x25b8;<\/span><span class=\"x-acc-header-text\">\u00d6veraktiva b\u00e4ckenbottenmuskler<\/span><\/span><\/button><div id=\"panel-e3859-17\" role=\"tabpanel\" aria-hidden=\"true\" aria-labelledby=\"tab-e3859-17\" data-x-toggleable=\"e3859-17\" data-x-toggle-collapse=\"1\" class=\"x-collapsed\"><div class=\"x-acc-content\"><ul><li>\u00d6veraktiva b\u00e4ckenbottenmuskler kan vara en bidragande orsak till ett antal st\u00f6rningar i b\u00e4ckenbotten. Symtom kan inkludera yttre och inre sm\u00e4rta i olika former, liksom k\u00e4nslighet i allm\u00e4nna eller specifika omr\u00e5den i b\u00e4ckenet.\n<li>Behandlingen inkluderar tr\u00e4ning av b\u00e4ckenbotten samt r\u00e5dgivning och utbildning om hur man styr och koordinerar musklerna. Manuell terapi kan ocks\u00e5 anv\u00e4ndas liksom andra avslappningstekniker som fokuserar p\u00e5 b\u00e4ckenet.<\/ul>\n<\/div><\/div><\/div><div class=\"e3859-18 x-acc-item\"><button id=\"tab-e3859-18\" class=\"x-acc-header\" role=\"tab\" type=\"button\" aria-selected=\"false\" aria-expanded=\"false\" aria-controls=\"panel-e3859-18\" data-x-toggle=\"collapse\" data-x-toggleable=\"e3859-18\"><span class=\"x-acc-header-content\"><span class=\"x-acc-header-indicator\">&#x25b8;<\/span><span class=\"x-acc-header-text\">Framfall<\/span><\/span><\/button><div id=\"panel-e3859-18\" role=\"tabpanel\" aria-hidden=\"true\" aria-labelledby=\"tab-e3859-18\" data-x-toggleable=\"e3859-18\" data-x-toggle-collapse=\"1\" class=\"x-collapsed\"><div class=\"x-acc-content\"><ul><li>Symtom inkluderar vaginala utbuktning, v\u00e4rk eller tyngd, vilket leder till problem med tarmt\u00f6mning eller att t\u00f6mma urinbl\u00e5san. Olika former av inkontinens kan ocks\u00e5 orsakas av ett framfall.\n<li>Treatments include a supervised pelvic floor muscle training programme, lifestyle advice and modifications, exercise prescription or the use of a vaginal pessary.<\/ul>\n<\/div><\/div><\/div><\/div><\/div><\/div><\/div><\/div><div class=\"x-section e3859-19 m2z7-0 m2z7-2\"><div class=\"x-row x-container max width e3859-20 m2z7-3 m2z7-5\"><div class=\"x-row-inner\"><div class=\"x-col e3859-21 m2z7-6 m2z7-8\"><div class=\"x-text e3859-22 m2z7-9 m2z7-b m2z7-c m2z7-d m2z7-h\">Kontakta mig g\u00e4rna om du har n\u00e5gra fr\u00e5gor, <br> eller vill boka tid!<\/div><a class=\"x-anchor x-anchor-button has-graphic has-int-content e3859-23 m2z7-j m2z7-k  x-hide-sm x-hide-xs\" tabindex=\"0\" href=\"\/test\/kontakt\/?lang=sv\"><div class=\"x-anchor-content x-anchor-content-out-slide-top-in-scale-up\"><span class=\"x-graphic\" aria-hidden=\"true\"><i class=\"x-icon x-graphic-child x-graphic-icon x-graphic-primary\" aria-hidden=\"true\" data-x-icon-l=\"&#xf25a;\"><\/i><\/span><div class=\"x-anchor-text\"><span class=\"x-anchor-text-primary\">Har du fr\u00e5gor?<\/span><\/div><\/div><div class=\"x-anchor-content x-anchor-content-out-slide-top-in-scale-up is-int\"><span class=\"x-graphic\" aria-hidden=\"true\"><i class=\"x-icon x-graphic-child x-graphic-icon x-graphic-primary\" aria-hidden=\"true\" data-x-icon-l=\"&#xf672;\"><\/i><\/span><div class=\"x-anchor-text\"><div class=\"x-anchor-text-primary\">F\u00e5 n\u00e5gra svar!<\/div><\/div><\/div><\/a><a class=\"x-anchor x-anchor-button has-graphic has-int-content e3859-24 m2z7-k m2z7-l  x-hide-lg x-hide-md x-hide-xl\" tabindex=\"0\" href=\"\/test\/kontakt\/?lang=sv\"><div class=\"x-anchor-content x-anchor-content-out-slide-top-in-scale-up\"><span class=\"x-graphic\" aria-hidden=\"true\"><i class=\"x-icon x-graphic-child x-graphic-icon x-graphic-primary\" aria-hidden=\"true\" data-x-icon-l=\"&#xf25a;\"><\/i><\/span><div class=\"x-anchor-text\"><span class=\"x-anchor-text-primary\">Har du fr\u00e5gor?<\/span><\/div><\/div><div class=\"x-anchor-content x-anchor-content-out-slide-top-in-scale-up is-int\"><span class=\"x-graphic\" aria-hidden=\"true\"><i class=\"x-icon x-graphic-child x-graphic-icon x-graphic-primary\" aria-hidden=\"true\" data-x-icon-l=\"&#xf672;\"><\/i><\/span><div class=\"x-anchor-text\"><div class=\"x-anchor-text-primary\">F\u00e5 n\u00e5gra svar!<\/div><\/div><\/div><\/a><\/div><\/div><\/div><\/div><\/div>\n","protected":false},"excerpt":{"rendered":"<p>B\u00e4ckenbottenssm\u00e4rtaUrinbl\u00e5san och tarmproblemen \u00e4r en g\u00e5va hos m\u00e4n, kvinnor och barn i alla \u00e5ldrar. Det \u00e4r ocks\u00e5 en vanlig h\u00e4ndelse, d\u00e4r minst 1 av 10 p\u00e5verkas n\u00e5gon g\u00e5ng under hela livet.Fysioterapi och rehabilitation kan hj\u00e4lpa behandla samt ta hand om m\u00e5nga av dessa problem och p\u00e5 s\u00e5 s\u00e4tt hj\u00e4lpa med sm\u00e4rtan. Mer specifikt:&#x25b8;F\u00f6delsetrauma &#8211; analsfinkterskada (OASIS-skada \u2013 \u201dobstetric anal sphincter &#8230; <\/p>\n<div><a href=\"https:\/\/dabbourphysio.com\/test\/backensmarta\/?lang=sv\" class=\"more-link\">Read More<\/a><\/div>\n","protected":false},"author":3,"featured_media":0,"parent":0,"menu_order":0,"comment_status":"closed","ping_status":"closed","template":"template-blank-4.php","meta":[],"yoast_head":"<!-- This site is optimized with the Yoast SEO plugin v18.0 - https:\/\/yoast.com\/wordpress\/plugins\/seo\/ -->\n<title>B\u00e4ckensm\u00e4rta &ndash; Dabbour Physio<\/title>\n<meta name=\"robots\" content=\"index, follow, max-snippet:-1, max-image-preview:large, max-video-preview:-1\" \/>\n<link rel=\"canonical\" href=\"https:\/\/dabbourphysio.com\/test\/backensmarta\/\" \/>\n<meta property=\"og:locale\" content=\"en_US\" \/>\n<meta property=\"og:type\" content=\"article\" \/>\n<meta property=\"og:title\" content=\"B\u00e4ckensm\u00e4rta &ndash; Dabbour Physio\" \/>\n<meta property=\"og:description\" content=\"B\u00e4ckenbottenssm\u00e4rtaUrinbl\u00e5san och tarmproblemen \u00e4r en g\u00e5va hos m\u00e4n, kvinnor och barn i alla \u00e5ldrar. Det \u00e4r ocks\u00e5 en vanlig h\u00e4ndelse, d\u00e4r minst 1 av 10 p\u00e5verkas n\u00e5gon g\u00e5ng under hela livet.Fysioterapi och rehabilitation kan hj\u00e4lpa behandla samt ta hand om m\u00e5nga av dessa problem och p\u00e5 s\u00e5 s\u00e4tt hj\u00e4lpa med sm\u00e4rtan. Mer specifikt:&#x25b8;F\u00f6delsetrauma - analsfinkterskada (OASIS-skada \u2013 \u201dobstetric anal sphincter ... Read More\" \/>\n<meta property=\"og:url\" content=\"https:\/\/dabbourphysio.com\/test\/backensmarta\/?lang=sv\" \/>\n<meta property=\"og:site_name\" content=\"Dabbour Physio\" \/>\n<meta property=\"article:publisher\" content=\"https:\/\/www.facebook.com\/DabbourPhysio\/\" \/>\n<meta property=\"article:modified_time\" content=\"2021-09-06T19:29:12+00:00\" \/>\n<meta name=\"twitter:card\" content=\"summary\" \/>\n<meta name=\"twitter:site\" content=\"@dabbourphysio\" \/>\n<meta name=\"twitter:label1\" content=\"Est. reading time\" \/>\n\t<meta name=\"twitter:data1\" content=\"6 minutes\" \/>\n<script type=\"application\/ld+json\" class=\"yoast-schema-graph\">{\"@context\":\"https:\/\/schema.org\",\"@graph\":[{\"@type\":\"Organization\",\"@id\":\"https:\/\/dabbourphysio.com\/test\/#organization\",\"name\":\"DabbourPhysio\",\"url\":\"https:\/\/dabbourphysio.com\/test\/\",\"sameAs\":[\"https:\/\/www.facebook.com\/DabbourPhysio\/\",\"http:\/\/dabbourphysio\",\"https:\/\/www.linkedin.com\/in\/dabbourphysio\/\",\"https:\/\/www.youtube.com\/channel\/UCae1y76E-jTWOkD7TMHdxwg\",\"https:\/\/twitter.com\/dabbourphysio\"],\"logo\":{\"@type\":\"ImageObject\",\"@id\":\"https:\/\/dabbourphysio.com\/test\/#logo\",\"inLanguage\":\"en-US\",\"url\":\"https:\/\/dabbourphysio.com\/test\/wp-content\/uploads\/2016\/10\/hannatwotoneex2020.jpg\",\"contentUrl\":\"https:\/\/dabbourphysio.com\/test\/wp-content\/uploads\/2016\/10\/hannatwotoneex2020.jpg\",\"width\":1890,\"height\":1890,\"caption\":\"DabbourPhysio\"},\"image\":{\"@id\":\"https:\/\/dabbourphysio.com\/test\/#logo\"}},{\"@type\":\"WebSite\",\"@id\":\"https:\/\/dabbourphysio.com\/test\/#website\",\"url\":\"https:\/\/dabbourphysio.com\/test\/\",\"name\":\"Dabbour Physio\",\"description\":\"Chartered Senior Physiotherapist in Stockholm &amp; London\",\"publisher\":{\"@id\":\"https:\/\/dabbourphysio.com\/test\/#organization\"},\"potentialAction\":[{\"@type\":\"SearchAction\",\"target\":{\"@type\":\"EntryPoint\",\"urlTemplate\":\"https:\/\/dabbourphysio.com\/test\/?s={search_term_string}\"},\"query-input\":\"required name=search_term_string\"}],\"inLanguage\":\"en-US\"},{\"@type\":\"WebPage\",\"@id\":\"https:\/\/dabbourphysio.com\/test\/backensmarta\/?lang=sv#webpage\",\"url\":\"https:\/\/dabbourphysio.com\/test\/backensmarta\/?lang=sv\",\"name\":\"B\u00e4ckensm\u00e4rta &ndash; Dabbour Physio\",\"isPartOf\":{\"@id\":\"https:\/\/dabbourphysio.com\/test\/#website\"},\"datePublished\":\"2021-06-06T22:10:57+00:00\",\"dateModified\":\"2021-09-06T19:29:12+00:00\",\"breadcrumb\":{\"@id\":\"https:\/\/dabbourphysio.com\/test\/backensmarta\/?lang=sv#breadcrumb\"},\"inLanguage\":\"en-US\",\"potentialAction\":[{\"@type\":\"ReadAction\",\"target\":[\"https:\/\/dabbourphysio.com\/test\/backensmarta\/?lang=sv\"]}]},{\"@type\":\"BreadcrumbList\",\"@id\":\"https:\/\/dabbourphysio.com\/test\/backensmarta\/?lang=sv#breadcrumb\",\"itemListElement\":[{\"@type\":\"ListItem\",\"position\":1,\"name\":\"Home\",\"item\":\"https:\/\/dabbourphysio.com\/test\/\"},{\"@type\":\"ListItem\",\"position\":2,\"name\":\"B\u00e4ckensm\u00e4rta\"}]}]}<\/script>\n<!-- \/ Yoast SEO plugin. -->","yoast_head_json":{"title":"B\u00e4ckensm\u00e4rta &ndash; Dabbour Physio","robots":{"index":"index","follow":"follow","max-snippet":"max-snippet:-1","max-image-preview":"max-image-preview:large","max-video-preview":"max-video-preview:-1"},"canonical":"https:\/\/dabbourphysio.com\/test\/backensmarta\/","og_locale":"en_US","og_type":"article","og_title":"B\u00e4ckensm\u00e4rta &ndash; Dabbour Physio","og_description":"B\u00e4ckenbottenssm\u00e4rtaUrinbl\u00e5san och tarmproblemen \u00e4r en g\u00e5va hos m\u00e4n, kvinnor och barn i alla \u00e5ldrar. Det \u00e4r ocks\u00e5 en vanlig h\u00e4ndelse, d\u00e4r minst 1 av 10 p\u00e5verkas n\u00e5gon g\u00e5ng under hela livet.Fysioterapi och rehabilitation kan hj\u00e4lpa behandla samt ta hand om m\u00e5nga av dessa problem och p\u00e5 s\u00e5 s\u00e4tt hj\u00e4lpa med sm\u00e4rtan. Mer specifikt:&#x25b8;F\u00f6delsetrauma - analsfinkterskada (OASIS-skada \u2013 \u201dobstetric anal sphincter ... Read More","og_url":"https:\/\/dabbourphysio.com\/test\/backensmarta\/?lang=sv","og_site_name":"Dabbour Physio","article_publisher":"https:\/\/www.facebook.com\/DabbourPhysio\/","article_modified_time":"2021-09-06T19:29:12+00:00","twitter_card":"summary","twitter_site":"@dabbourphysio","twitter_misc":{"Est. reading time":"6 minutes"},"schema":{"@context":"https:\/\/schema.org","@graph":[{"@type":"Organization","@id":"https:\/\/dabbourphysio.com\/test\/#organization","name":"DabbourPhysio","url":"https:\/\/dabbourphysio.com\/test\/","sameAs":["https:\/\/www.facebook.com\/DabbourPhysio\/","http:\/\/dabbourphysio","https:\/\/www.linkedin.com\/in\/dabbourphysio\/","https:\/\/www.youtube.com\/channel\/UCae1y76E-jTWOkD7TMHdxwg","https:\/\/twitter.com\/dabbourphysio"],"logo":{"@type":"ImageObject","@id":"https:\/\/dabbourphysio.com\/test\/#logo","inLanguage":"en-US","url":"https:\/\/dabbourphysio.com\/test\/wp-content\/uploads\/2016\/10\/hannatwotoneex2020.jpg","contentUrl":"https:\/\/dabbourphysio.com\/test\/wp-content\/uploads\/2016\/10\/hannatwotoneex2020.jpg","width":1890,"height":1890,"caption":"DabbourPhysio"},"image":{"@id":"https:\/\/dabbourphysio.com\/test\/#logo"}},{"@type":"WebSite","@id":"https:\/\/dabbourphysio.com\/test\/#website","url":"https:\/\/dabbourphysio.com\/test\/","name":"Dabbour Physio","description":"Chartered Senior Physiotherapist in Stockholm &amp; London","publisher":{"@id":"https:\/\/dabbourphysio.com\/test\/#organization"},"potentialAction":[{"@type":"SearchAction","target":{"@type":"EntryPoint","urlTemplate":"https:\/\/dabbourphysio.com\/test\/?s={search_term_string}"},"query-input":"required name=search_term_string"}],"inLanguage":"en-US"},{"@type":"WebPage","@id":"https:\/\/dabbourphysio.com\/test\/backensmarta\/?lang=sv#webpage","url":"https:\/\/dabbourphysio.com\/test\/backensmarta\/?lang=sv","name":"B\u00e4ckensm\u00e4rta &ndash; Dabbour Physio","isPartOf":{"@id":"https:\/\/dabbourphysio.com\/test\/#website"},"datePublished":"2021-06-06T22:10:57+00:00","dateModified":"2021-09-06T19:29:12+00:00","breadcrumb":{"@id":"https:\/\/dabbourphysio.com\/test\/backensmarta\/?lang=sv#breadcrumb"},"inLanguage":"en-US","potentialAction":[{"@type":"ReadAction","target":["https:\/\/dabbourphysio.com\/test\/backensmarta\/?lang=sv"]}]},{"@type":"BreadcrumbList","@id":"https:\/\/dabbourphysio.com\/test\/backensmarta\/?lang=sv#breadcrumb","itemListElement":[{"@type":"ListItem","position":1,"name":"Home","item":"https:\/\/dabbourphysio.com\/test\/"},{"@type":"ListItem","position":2,"name":"B\u00e4ckensm\u00e4rta"}]}]}},"_links":{"self":[{"href":"https:\/\/dabbourphysio.com\/test\/wp-json\/wp\/v2\/pages\/3859"}],"collection":[{"href":"https:\/\/dabbourphysio.com\/test\/wp-json\/wp\/v2\/pages"}],"about":[{"href":"https:\/\/dabbourphysio.com\/test\/wp-json\/wp\/v2\/types\/page"}],"author":[{"embeddable":true,"href":"https:\/\/dabbourphysio.com\/test\/wp-json\/wp\/v2\/users\/3"}],"replies":[{"embeddable":true,"href":"https:\/\/dabbourphysio.com\/test\/wp-json\/wp\/v2\/comments?post=3859"}],"version-history":[{"count":7,"href":"https:\/\/dabbourphysio.com\/test\/wp-json\/wp\/v2\/pages\/3859\/revisions"}],"predecessor-version":[{"id":3948,"href":"https:\/\/dabbourphysio.com\/test\/wp-json\/wp\/v2\/pages\/3859\/revisions\/3948"}],"wp:attachment":[{"href":"https:\/\/dabbourphysio.com\/test\/wp-json\/wp\/v2\/media?parent=3859"}],"curies":[{"name":"wp","href":"https:\/\/api.w.org\/{rel}","templated":true}]}}