{"id":3860,"date":"2021-06-06T23:10:57","date_gmt":"2021-06-06T22:10:57","guid":{"rendered":"https:\/\/dabbourphysio.com\/test\/priser\/"},"modified":"2021-09-06T20:31:21","modified_gmt":"2021-09-06T19:31:21","slug":"priser","status":"publish","type":"page","link":"https:\/\/dabbourphysio.com\/test\/priser\/?lang=sv","title":{"rendered":"Priser"},"content":{"rendered":"<div id=\"cs-content\" class=\"cs-content\"><div class=\"x-section e3860-1 m2z8-0 m2z8-1\"><div class=\"x-row x-container max width e3860-2 m2z8-3 m2z8-4 m2z8-5\"><div class=\"x-row-inner\"><div class=\"x-col e3860-3 m2z8-c m2z8-d m2z8-e  x-hide-sm x-hide-xs\"><div class=\"x-text e3860-4 m2z8-i m2z8-j m2z8-k m2z8-l m2z8-m\">Priser<\/div><div class=\"x-text e3860-5 m2z8-i m2z8-j m2z8-k m2z8-m m2z8-n m2z8-o\">Kvinnoh\u00e4lsafysioterapi<\/div><div class=\"x-row e3860-6 m2z8-3 m2z8-6 m2z8-7 m2z8-8\"><div class=\"x-row-inner\"><div class=\"x-col e3860-7 m2z8-c m2z8-f\"><div class=\"x-text e3860-8 m2z8-i m2z8-j m2z8-p m2z8-q m2z8-r m2z8-s m2z8-t\"><strong>F\u00f6rsta Bes\u00f6ket<\/strong><\/div><div class=\"x-text e3860-9 m2z8-i m2z8-j m2z8-p m2z8-r m2z8-s m2z8-u m2z8-v\">60-70 minuter, inkluderar vaginal\/rektal unders\u00f6kning om l\u00e4mpligt<\/div><\/div><div class=\"x-col e3860-10 m2z8-c m2z8-f\"><div class=\"x-text e3860-11 m2z8-i m2z8-j m2z8-p m2z8-q m2z8-s m2z8-w m2z8-x\">Kr 1295<\/div><\/div><\/div><\/div><div class=\"x-row e3860-12 m2z8-3 m2z8-7 m2z8-8 m2z8-9\"><div class=\"x-row-inner\"><div class=\"x-col e3860-13 m2z8-c m2z8-f\"><div class=\"x-text e3860-14 m2z8-i m2z8-j m2z8-p m2z8-q m2z8-r m2z8-s m2z8-t\"><strong>\nEfterf\u00f6ljande Bes\u00f6k<\/strong>:<\/div><div class=\"x-text e3860-15 m2z8-i m2z8-j m2z8-p m2z8-r m2z8-s m2z8-u m2z8-v\">45 minuter, inkluderar vaginal\/rektal unders\u00f6kning vid behov<\/div><\/div><div class=\"x-col e3860-16 m2z8-c m2z8-f\"><div class=\"x-text e3860-17 m2z8-i m2z8-j m2z8-p m2z8-q m2z8-s m2z8-w m2z8-x\">Kr 995<\/div><\/div><\/div><\/div><div class=\"x-row e3860-18 m2z8-3 m2z8-7 m2z8-8 m2z8-9\"><div class=\"x-row-inner\"><div class=\"x-col e3860-19 m2z8-c m2z8-f\"><div class=\"x-text e3860-20 m2z8-i m2z8-j m2z8-p m2z8-q m2z8-r m2z8-s m2z8-t\"><strong>Stark Mamma<\/strong>:<\/div><div class=\"x-text e3860-21 m2z8-i m2z8-j m2z8-p m2z8-r m2z8-s m2z8-u m2z8-v\">60-70 minuter, inkluderar vaginal unders\u00f6kning vid behov samt tr\u00e4ningsprogram. L\u00e4mpligt f\u00f6r pre- och postnatala kvinnor.<\/div><\/div><div class=\"x-col e3860-22 m2z8-c m2z8-f\"><div class=\"x-text e3860-23 m2z8-i m2z8-j m2z8-p m2z8-q m2z8-s m2z8-w m2z8-x\">Kr 1295<\/div><\/div><\/div><\/div><div class=\"x-row e3860-24 m2z8-3 m2z8-7 m2z8-8 m2z8-9\"><div class=\"x-row-inner\"><div class=\"x-col e3860-25 m2z8-c m2z8-f\"><div class=\"x-text e3860-26 m2z8-i m2z8-j m2z8-p m2z8-q m2z8-r m2z8-s m2z8-t\"><strong>Kvinnoh\u00e4lsofysioterapi f\u00f6r styrke- och konditionstr\u00e4ning\t<\/strong>:<\/div><div class=\"x-text e3860-27 m2z8-i m2z8-j m2z8-p m2z8-r m2z8-s m2z8-u m2z8-v\">60-70 minuter, inkluderar tr\u00e4ningsprogram. Passande f\u00f6r idrott och aktivitet p\u00e5 elitniv\u00e5 eller liknande.<\/div><\/div><div class=\"x-col e3860-28 m2z8-c m2z8-f\"><div class=\"x-text e3860-29 m2z8-i m2z8-j m2z8-p m2z8-q m2z8-s m2z8-w m2z8-x\">Kr 1195<\/div><\/div><\/div><\/div><\/div><\/div><\/div><div class=\"x-row x-container max width e3860-30 m2z8-3 m2z8-4 m2z8-5\"><div class=\"x-row-inner\"><div class=\"x-col e3860-31 m2z8-c m2z8-d m2z8-g  x-hide-lg x-hide-md x-hide-xl\"><div class=\"x-text e3860-32 m2z8-i m2z8-j m2z8-k m2z8-l m2z8-m\">Priser<\/div><div class=\"x-text e3860-33 m2z8-i m2z8-j m2z8-k m2z8-m m2z8-o m2z8-y  x-hide-xs\">Kvinnoh\u00e4lsafysioterapi<\/div><div class=\"x-text e3860-34 m2z8-i m2z8-j m2z8-k m2z8-m m2z8-o m2z8-u  x-hide-lg x-hide-md x-hide-sm x-hide-xl\">Kvinnoh\u00e4lsafysioterapi<\/div><div class=\"x-row e3860-35 m2z8-3 m2z8-4 m2z8-8 m2z8-a\"><div class=\"x-row-inner\"><div class=\"x-col e3860-36 m2z8-c m2z8-f\"><div class=\"x-text e3860-37 m2z8-i m2z8-j m2z8-p m2z8-q m2z8-r m2z8-s m2z8-t\"><strong>F\u00f6rsta Bes\u00f6ket<\/strong><\/div><div class=\"x-text e3860-38 m2z8-i m2z8-p m2z8-r m2z8-s m2z8-u m2z8-v m2z8-z m2z8-10\">60-70 minuter, inkluderar vaginal\/rektal unders\u00f6kning om l\u00e4mpligt<\/div><div class=\"x-text e3860-39 m2z8-i m2z8-p m2z8-q m2z8-s m2z8-t m2z8-w m2z8-z m2z8-11\">Kr 1295<\/div><\/div><\/div><\/div><div class=\"x-row e3860-40 m2z8-3 m2z8-4 m2z8-8 m2z8-a\"><div class=\"x-row-inner\"><div class=\"x-col e3860-41 m2z8-c m2z8-f\"><div class=\"x-text e3860-42 m2z8-i m2z8-j m2z8-p m2z8-q m2z8-r m2z8-s m2z8-t\"><strong>Efterf\u00f6ljande Bes\u00f6k\t<\/strong><\/div><div class=\"x-text e3860-43 m2z8-i m2z8-p m2z8-r m2z8-s m2z8-u m2z8-v m2z8-z m2z8-10\">45 minuter, inkluderar vaginal\/rektal unders\u00f6kning vid behov<\/div><div class=\"x-text e3860-44 m2z8-i m2z8-p m2z8-q m2z8-s m2z8-t m2z8-w m2z8-z m2z8-11\">Kr 995<\/div><\/div><\/div><\/div><div class=\"x-row e3860-45 m2z8-3 m2z8-4 m2z8-8 m2z8-a\"><div class=\"x-row-inner\"><div class=\"x-col e3860-46 m2z8-c m2z8-f\"><div class=\"x-text e3860-47 m2z8-i m2z8-j m2z8-p m2z8-q m2z8-r m2z8-s m2z8-t\"><strong>Stark Mamma<\/strong><\/div><div class=\"x-text e3860-48 m2z8-i m2z8-p m2z8-r m2z8-s m2z8-u m2z8-v m2z8-z m2z8-10\">60-70 minuter, inkluderar vaginal unders\u00f6kning vid behov samt tr\u00e4ningsprogram. L\u00e4mpligt f\u00f6r pre- och postnatala kvinnor.<\/div><div class=\"x-text e3860-49 m2z8-i m2z8-p m2z8-q m2z8-s m2z8-t m2z8-w m2z8-z m2z8-11\">Kr 1295<\/div><\/div><\/div><\/div><div class=\"x-row e3860-50 m2z8-3 m2z8-4 m2z8-8 m2z8-a\"><div class=\"x-row-inner\"><div class=\"x-col e3860-51 m2z8-c m2z8-f\"><div class=\"x-text e3860-52 m2z8-i m2z8-j m2z8-p m2z8-q m2z8-s m2z8-t m2z8-w\">Kvinnoh\u00e4lsofysioterapi f\u00f6r styrke- och konditionstr\u00e4ning<\/div><div class=\"x-text e3860-53 m2z8-i m2z8-p m2z8-r m2z8-s m2z8-u m2z8-v m2z8-z m2z8-10\">60-70 minuter, inkluderar tr\u00e4ningsprogram. Passande f\u00f6r idrott och aktivitet p\u00e5 elitniv\u00e5 eller liknande.<\/div><div class=\"x-text e3860-54 m2z8-i m2z8-p m2z8-q m2z8-s m2z8-t m2z8-w m2z8-z m2z8-11\">Kr 1195<\/div><\/div><\/div><\/div><\/div><\/div><\/div><\/div><div class=\"x-section e3860-55 m2z8-0 m2z8-2\"><div class=\"x-row x-container max width e3860-56 m2z8-3 m2z8-4 m2z8-5 m2z8-b\"><div class=\"x-row-inner\"><div class=\"x-col e3860-57 m2z8-c m2z8-d m2z8-h\"><div class=\"x-text e3860-58 m2z8-i m2z8-k m2z8-s m2z8-12\">Kontakta mig g\u00e4rna om du har n\u00e5gra fr\u00e5gor, <br> eller vill boka tid!<\/div><a class=\"x-anchor x-anchor-button has-graphic has-int-content e3860-59 m2z8-13 m2z8-14  x-hide-sm x-hide-xs\" tabindex=\"0\" href=\"\/test\/kontakt\/?lang=sv\"><div class=\"x-anchor-content x-anchor-content-out-slide-top-in-scale-up\"><span class=\"x-graphic\" aria-hidden=\"true\"><i class=\"x-icon x-graphic-child x-graphic-icon x-graphic-primary\" aria-hidden=\"true\" data-x-icon-l=\"&#xf25a;\"><\/i><\/span><div class=\"x-anchor-text\"><span class=\"x-anchor-text-primary\">Har du fr\u00e5gor?<\/span><\/div><\/div><div class=\"x-anchor-content x-anchor-content-out-slide-top-in-scale-up is-int\"><span class=\"x-graphic\" aria-hidden=\"true\"><i class=\"x-icon x-graphic-child x-graphic-icon x-graphic-primary\" aria-hidden=\"true\" data-x-icon-l=\"&#xf672;\"><\/i><\/span><div class=\"x-anchor-text\"><div class=\"x-anchor-text-primary\">F\u00e5 n\u00e5gra svar!<\/div><\/div><\/div><\/a><a class=\"x-anchor x-anchor-button has-graphic has-int-content e3860-60 m2z8-14 m2z8-15  x-hide-lg x-hide-md x-hide-xl\" tabindex=\"0\" href=\"\/test\/kontakt\/?lang=sv\"><div class=\"x-anchor-content x-anchor-content-out-slide-top-in-scale-up\"><span class=\"x-graphic\" aria-hidden=\"true\"><i class=\"x-icon x-graphic-child x-graphic-icon x-graphic-primary\" aria-hidden=\"true\" data-x-icon-l=\"&#xf25a;\"><\/i><\/span><div class=\"x-anchor-text\"><span class=\"x-anchor-text-primary\">Har du fr\u00e5gor?<\/span><\/div><\/div><div class=\"x-anchor-content x-anchor-content-out-slide-top-in-scale-up is-int\"><span class=\"x-graphic\" aria-hidden=\"true\"><i class=\"x-icon x-graphic-child x-graphic-icon x-graphic-primary\" aria-hidden=\"true\" data-x-icon-l=\"&#xf672;\"><\/i><\/span><div class=\"x-anchor-text\"><div class=\"x-anchor-text-primary\">F\u00e5 n\u00e5gra svar!<\/div><\/div><\/div><\/a><\/div><\/div><\/div><\/div><\/div>\n","protected":false},"excerpt":{"rendered":"<p>PriserKvinnoh\u00e4lsafysioterapiF\u00f6rsta Bes\u00f6ket60-70 minuter, inkluderar vaginal\/rektal unders\u00f6kning om l\u00e4mpligtKr 1295 Efterf\u00f6ljande Bes\u00f6k:45 minuter, inkluderar vaginal\/rektal unders\u00f6kning vid behovKr 995Stark Mamma:60-70 minuter, inkluderar vaginal unders\u00f6kning vid behov samt tr\u00e4ningsprogram. L\u00e4mpligt f\u00f6r pre- och postnatala kvinnor.Kr 1295Kvinnoh\u00e4lsofysioterapi f\u00f6r styrke- och konditionstr\u00e4ning :60-70 minuter, inkluderar tr\u00e4ningsprogram. Passande f\u00f6r idrott och aktivitet p\u00e5 elitniv\u00e5 eller liknande.Kr 1195PriserKvinnoh\u00e4lsafysioterapiKvinnoh\u00e4lsafysioterapiF\u00f6rsta Bes\u00f6ket60-70 minuter, inkluderar vaginal\/rektal unders\u00f6kning om l\u00e4mpligtKr 1295Efterf\u00f6ljande &#8230; <\/p>\n<div><a href=\"https:\/\/dabbourphysio.com\/test\/priser\/?lang=sv\" class=\"more-link\">Read More<\/a><\/div>\n","protected":false},"author":3,"featured_media":0,"parent":0,"menu_order":0,"comment_status":"closed","ping_status":"closed","template":"template-blank-4.php","meta":[],"yoast_head":"<!-- This site is optimized with the Yoast SEO plugin v18.0 - https:\/\/yoast.com\/wordpress\/plugins\/seo\/ -->\n<title>Priser &ndash; Dabbour Physio<\/title>\n<meta name=\"robots\" content=\"index, follow, max-snippet:-1, max-image-preview:large, max-video-preview:-1\" \/>\n<link rel=\"canonical\" href=\"https:\/\/dabbourphysio.com\/test\/priser\/\" \/>\n<meta property=\"og:locale\" content=\"en_US\" \/>\n<meta property=\"og:type\" content=\"article\" \/>\n<meta property=\"og:title\" content=\"Priser &ndash; Dabbour Physio\" \/>\n<meta property=\"og:description\" content=\"PriserKvinnoh\u00e4lsafysioterapiF\u00f6rsta Bes\u00f6ket60-70 minuter, inkluderar vaginal\/rektal unders\u00f6kning om l\u00e4mpligtKr 1295 Efterf\u00f6ljande Bes\u00f6k:45 minuter, inkluderar vaginal\/rektal unders\u00f6kning vid behovKr 995Stark Mamma:60-70 minuter, inkluderar vaginal unders\u00f6kning vid behov samt tr\u00e4ningsprogram. L\u00e4mpligt f\u00f6r pre- och postnatala kvinnor.Kr 1295Kvinnoh\u00e4lsofysioterapi f\u00f6r styrke- och konditionstr\u00e4ning :60-70 minuter, inkluderar tr\u00e4ningsprogram. Passande f\u00f6r idrott och aktivitet p\u00e5 elitniv\u00e5 eller liknande.Kr 1195PriserKvinnoh\u00e4lsafysioterapiKvinnoh\u00e4lsafysioterapiF\u00f6rsta Bes\u00f6ket60-70 minuter, inkluderar vaginal\/rektal unders\u00f6kning om l\u00e4mpligtKr 1295Efterf\u00f6ljande ... Read More\" \/>\n<meta property=\"og:url\" content=\"https:\/\/dabbourphysio.com\/test\/priser\/?lang=sv\" \/>\n<meta property=\"og:site_name\" content=\"Dabbour Physio\" \/>\n<meta property=\"article:publisher\" content=\"https:\/\/www.facebook.com\/DabbourPhysio\/\" \/>\n<meta property=\"article:modified_time\" content=\"2021-09-06T19:31:21+00:00\" \/>\n<meta name=\"twitter:card\" content=\"summary\" \/>\n<meta name=\"twitter:site\" content=\"@dabbourphysio\" \/>\n<meta name=\"twitter:label1\" content=\"Est. reading time\" \/>\n\t<meta name=\"twitter:data1\" content=\"4 minutes\" \/>\n<script type=\"application\/ld+json\" class=\"yoast-schema-graph\">{\"@context\":\"https:\/\/schema.org\",\"@graph\":[{\"@type\":\"Organization\",\"@id\":\"https:\/\/dabbourphysio.com\/test\/#organization\",\"name\":\"DabbourPhysio\",\"url\":\"https:\/\/dabbourphysio.com\/test\/\",\"sameAs\":[\"https:\/\/www.facebook.com\/DabbourPhysio\/\",\"http:\/\/dabbourphysio\",\"https:\/\/www.linkedin.com\/in\/dabbourphysio\/\",\"https:\/\/www.youtube.com\/channel\/UCae1y76E-jTWOkD7TMHdxwg\",\"https:\/\/twitter.com\/dabbourphysio\"],\"logo\":{\"@type\":\"ImageObject\",\"@id\":\"https:\/\/dabbourphysio.com\/test\/#logo\",\"inLanguage\":\"en-US\",\"url\":\"https:\/\/dabbourphysio.com\/test\/wp-content\/uploads\/2016\/10\/hannatwotoneex2020.jpg\",\"contentUrl\":\"https:\/\/dabbourphysio.com\/test\/wp-content\/uploads\/2016\/10\/hannatwotoneex2020.jpg\",\"width\":1890,\"height\":1890,\"caption\":\"DabbourPhysio\"},\"image\":{\"@id\":\"https:\/\/dabbourphysio.com\/test\/#logo\"}},{\"@type\":\"WebSite\",\"@id\":\"https:\/\/dabbourphysio.com\/test\/#website\",\"url\":\"https:\/\/dabbourphysio.com\/test\/\",\"name\":\"Dabbour Physio\",\"description\":\"Chartered Senior Physiotherapist in Stockholm &amp; London\",\"publisher\":{\"@id\":\"https:\/\/dabbourphysio.com\/test\/#organization\"},\"potentialAction\":[{\"@type\":\"SearchAction\",\"target\":{\"@type\":\"EntryPoint\",\"urlTemplate\":\"https:\/\/dabbourphysio.com\/test\/?s={search_term_string}\"},\"query-input\":\"required name=search_term_string\"}],\"inLanguage\":\"en-US\"},{\"@type\":\"WebPage\",\"@id\":\"https:\/\/dabbourphysio.com\/test\/priser\/?lang=sv#webpage\",\"url\":\"https:\/\/dabbourphysio.com\/test\/priser\/?lang=sv\",\"name\":\"Priser &ndash; Dabbour Physio\",\"isPartOf\":{\"@id\":\"https:\/\/dabbourphysio.com\/test\/#website\"},\"datePublished\":\"2021-06-06T22:10:57+00:00\",\"dateModified\":\"2021-09-06T19:31:21+00:00\",\"breadcrumb\":{\"@id\":\"https:\/\/dabbourphysio.com\/test\/priser\/?lang=sv#breadcrumb\"},\"inLanguage\":\"en-US\",\"potentialAction\":[{\"@type\":\"ReadAction\",\"target\":[\"https:\/\/dabbourphysio.com\/test\/priser\/?lang=sv\"]}]},{\"@type\":\"BreadcrumbList\",\"@id\":\"https:\/\/dabbourphysio.com\/test\/priser\/?lang=sv#breadcrumb\",\"itemListElement\":[{\"@type\":\"ListItem\",\"position\":1,\"name\":\"Home\",\"item\":\"https:\/\/dabbourphysio.com\/test\/\"},{\"@type\":\"ListItem\",\"position\":2,\"name\":\"Priser\"}]}]}<\/script>\n<!-- \/ Yoast SEO plugin. -->","yoast_head_json":{"title":"Priser &ndash; Dabbour Physio","robots":{"index":"index","follow":"follow","max-snippet":"max-snippet:-1","max-image-preview":"max-image-preview:large","max-video-preview":"max-video-preview:-1"},"canonical":"https:\/\/dabbourphysio.com\/test\/priser\/","og_locale":"en_US","og_type":"article","og_title":"Priser &ndash; Dabbour Physio","og_description":"PriserKvinnoh\u00e4lsafysioterapiF\u00f6rsta Bes\u00f6ket60-70 minuter, inkluderar vaginal\/rektal unders\u00f6kning om l\u00e4mpligtKr 1295 Efterf\u00f6ljande Bes\u00f6k:45 minuter, inkluderar vaginal\/rektal unders\u00f6kning vid behovKr 995Stark Mamma:60-70 minuter, inkluderar vaginal unders\u00f6kning vid behov samt tr\u00e4ningsprogram. L\u00e4mpligt f\u00f6r pre- och postnatala kvinnor.Kr 1295Kvinnoh\u00e4lsofysioterapi f\u00f6r styrke- och konditionstr\u00e4ning :60-70 minuter, inkluderar tr\u00e4ningsprogram. Passande f\u00f6r idrott och aktivitet p\u00e5 elitniv\u00e5 eller liknande.Kr 1195PriserKvinnoh\u00e4lsafysioterapiKvinnoh\u00e4lsafysioterapiF\u00f6rsta Bes\u00f6ket60-70 minuter, inkluderar vaginal\/rektal unders\u00f6kning om l\u00e4mpligtKr 1295Efterf\u00f6ljande ... Read More","og_url":"https:\/\/dabbourphysio.com\/test\/priser\/?lang=sv","og_site_name":"Dabbour Physio","article_publisher":"https:\/\/www.facebook.com\/DabbourPhysio\/","article_modified_time":"2021-09-06T19:31:21+00:00","twitter_card":"summary","twitter_site":"@dabbourphysio","twitter_misc":{"Est. reading time":"4 minutes"},"schema":{"@context":"https:\/\/schema.org","@graph":[{"@type":"Organization","@id":"https:\/\/dabbourphysio.com\/test\/#organization","name":"DabbourPhysio","url":"https:\/\/dabbourphysio.com\/test\/","sameAs":["https:\/\/www.facebook.com\/DabbourPhysio\/","http:\/\/dabbourphysio","https:\/\/www.linkedin.com\/in\/dabbourphysio\/","https:\/\/www.youtube.com\/channel\/UCae1y76E-jTWOkD7TMHdxwg","https:\/\/twitter.com\/dabbourphysio"],"logo":{"@type":"ImageObject","@id":"https:\/\/dabbourphysio.com\/test\/#logo","inLanguage":"en-US","url":"https:\/\/dabbourphysio.com\/test\/wp-content\/uploads\/2016\/10\/hannatwotoneex2020.jpg","contentUrl":"https:\/\/dabbourphysio.com\/test\/wp-content\/uploads\/2016\/10\/hannatwotoneex2020.jpg","width":1890,"height":1890,"caption":"DabbourPhysio"},"image":{"@id":"https:\/\/dabbourphysio.com\/test\/#logo"}},{"@type":"WebSite","@id":"https:\/\/dabbourphysio.com\/test\/#website","url":"https:\/\/dabbourphysio.com\/test\/","name":"Dabbour Physio","description":"Chartered Senior Physiotherapist in Stockholm &amp; London","publisher":{"@id":"https:\/\/dabbourphysio.com\/test\/#organization"},"potentialAction":[{"@type":"SearchAction","target":{"@type":"EntryPoint","urlTemplate":"https:\/\/dabbourphysio.com\/test\/?s={search_term_string}"},"query-input":"required name=search_term_string"}],"inLanguage":"en-US"},{"@type":"WebPage","@id":"https:\/\/dabbourphysio.com\/test\/priser\/?lang=sv#webpage","url":"https:\/\/dabbourphysio.com\/test\/priser\/?lang=sv","name":"Priser &ndash; Dabbour Physio","isPartOf":{"@id":"https:\/\/dabbourphysio.com\/test\/#website"},"datePublished":"2021-06-06T22:10:57+00:00","dateModified":"2021-09-06T19:31:21+00:00","breadcrumb":{"@id":"https:\/\/dabbourphysio.com\/test\/priser\/?lang=sv#breadcrumb"},"inLanguage":"en-US","potentialAction":[{"@type":"ReadAction","target":["https:\/\/dabbourphysio.com\/test\/priser\/?lang=sv"]}]},{"@type":"BreadcrumbList","@id":"https:\/\/dabbourphysio.com\/test\/priser\/?lang=sv#breadcrumb","itemListElement":[{"@type":"ListItem","position":1,"name":"Home","item":"https:\/\/dabbourphysio.com\/test\/"},{"@type":"ListItem","position":2,"name":"Priser"}]}]}},"_links":{"self":[{"href":"https:\/\/dabbourphysio.com\/test\/wp-json\/wp\/v2\/pages\/3860"}],"collection":[{"href":"https:\/\/dabbourphysio.com\/test\/wp-json\/wp\/v2\/pages"}],"about":[{"href":"https:\/\/dabbourphysio.com\/test\/wp-json\/wp\/v2\/types\/page"}],"author":[{"embeddable":true,"href":"https:\/\/dabbourphysio.com\/test\/wp-json\/wp\/v2\/users\/3"}],"replies":[{"embeddable":true,"href":"https:\/\/dabbourphysio.com\/test\/wp-json\/wp\/v2\/comments?post=3860"}],"version-history":[{"count":7,"href":"https:\/\/dabbourphysio.com\/test\/wp-json\/wp\/v2\/pages\/3860\/revisions"}],"predecessor-version":[{"id":3952,"href":"https:\/\/dabbourphysio.com\/test\/wp-json\/wp\/v2\/pages\/3860\/revisions\/3952"}],"wp:attachment":[{"href":"https:\/\/dabbourphysio.com\/test\/wp-json\/wp\/v2\/media?parent=3860"}],"curies":[{"name":"wp","href":"https:\/\/api.w.org\/{rel}","templated":true}]}}