{"id":3899,"date":"2021-07-05T05:19:33","date_gmt":"2021-07-05T04:19:33","guid":{"rendered":"https:\/\/dabbourphysio.com\/test\/stark-mamma-2\/"},"modified":"2021-09-06T20:30:15","modified_gmt":"2021-09-06T19:30:15","slug":"stark-mamma","status":"publish","type":"page","link":"https:\/\/dabbourphysio.com\/test\/stark-mamma\/?lang=sv","title":{"rendered":"Stark Mamma"},"content":{"rendered":"<div id=\"cs-content\" class=\"cs-content\"><div class=\"x-section e3899-1 m30b-0 m30b-1\"><div class=\"x-row x-container max width e3899-2 m30b-3 m30b-4\"><div class=\"x-row-inner\"><div class=\"x-col e3899-3 m30b-6 m30b-7\"><div class=\"x-text e3899-4 m30b-9 m30b-a m30b-b\">Stark Mamma<\/div><\/div><\/div><\/div><div class=\"x-row x-container max width e3899-5 m30b-3\"><div class=\"x-row-inner\"><div class=\"x-col e3899-6 m30b-6 m30b-7\"><div class=\"x-text e3899-7 m30b-9 m30b-c m30b-d m30b-e m30b-f\">Stark Mamma \u00e4r en postnatal kontroll som kan hj\u00e4lpa till att minska risken f\u00f6r att f\u00e5 fysiska h\u00e4lsoproblem senare i livet till f\u00f6ljd av din f\u00f6rlossning.<\/div><\/div><div class=\"x-col e3899-8 m30b-6 m30b-7\"><div class=\"x-text e3899-9 m30b-9 m30b-d m30b-e m30b-g\"><p>Cirka en av tre kvinnor kommer att ha n\u00e5gon form av b\u00e4ckenbottensdysfunktion under sin livstid och dessa \u00e4r s\u00e4rskilt vanliga efter f\u00f6rlossningen. En Stark Mamma-bed\u00f6mning kan vara till hj\u00e4lp b\u00e5de vid enkla och komplexa leveranser eftersom i b\u00e5da fallen troligen kommer musklerna i din \u201dcore\u201d och I ditt b\u00e4ckenbotten att f\u00f6rsvagas.<\/p>\n<p>Stark Mamma hj\u00e4lper dig ocks\u00e5 att f\u00f6rst\u00e5 hur f\u00f6dseln har p\u00e5verkat din kropp och hur du kan \u00e5terg\u00e5 till kondition och full h\u00e4lsa s\u00e5 snabbt som m\u00f6jligt eftersom det ofta \u00e4r f\u00f6rdelaktigt att b\u00f6rja arbeta med detta f\u00f6rr \u00e4n senare. Denna specialiserade kontroll kan hj\u00e4lpa till att undvika problem med:<\/p>\n<ul>\n<li>Foglossning, ryggsm\u00e4rtor och andra sm\u00e4rtor\n<li>Svaghet i b\u00e4ckenbotten\n<li>\u00d6versp\u00e4ndhet I b\u00e4ckenbotten\n<li>Sm\u00e4rta relaterad till C-sektioner och bristningar\n<li>Postnatala ryggradsproblem\n<li>\u00c5terg\u00e5 till tr\u00e4ning och normal aktivitet\n<li>Svaga buk- och b\u00e4ckenbottenmuskler\n<li>Bl\u00e5s- och tarmproblem\n<li>Sm\u00e4rta s\u00e5som vulvodyni, endometrios, dysmenorr\u00e9, dyspareuni\n<li>Framfall\n<\/ul>\n<p>Bed\u00f6mningen tar ca en timme och inkluderar en vaginal unders\u00f6kning, r\u00e5d om att vara en h\u00e4lsosam mamma samt \u00f6vningar som \u00e4r skr\u00e4ddarsydda f\u00f6r dig och dina svagheter. Bed\u00f6mningen \u00e4r l\u00e4mplig f\u00f6r alla m\u00f6drar i alla stadier postnatalt och syftar till att hj\u00e4lpa dig att ta hand om din kropp nu och i framtiden. Det \u00e4r ocks\u00e5 fritt att ta med ditt barn till m\u00f6tet f\u00f6r att hj\u00e4lpa till med barnomsorgsarrangemang.<\/p><\/div><\/div><\/div><\/div><\/div><div class=\"x-section e3899-10 m30b-0 m30b-2\"><div class=\"x-row x-container max width e3899-11 m30b-3 m30b-5\"><div class=\"x-row-inner\"><div class=\"x-col e3899-12 m30b-6 m30b-8\"><div class=\"x-text e3899-13 m30b-9 m30b-b m30b-c m30b-d m30b-h\">Kontakta mig g\u00e4rna om du har n\u00e5gra fr\u00e5gor, <br> eller vill boka tid!<\/div><a class=\"x-anchor x-anchor-button has-graphic has-int-content e3899-14 m30b-i m30b-j  x-hide-sm x-hide-xs\" tabindex=\"0\" href=\"\/test\/kontakt\/?lang=sv\"><div class=\"x-anchor-content x-anchor-content-out-slide-top-in-scale-up\"><span class=\"x-graphic\" aria-hidden=\"true\"><i class=\"x-icon x-graphic-child x-graphic-icon x-graphic-primary\" aria-hidden=\"true\" data-x-icon-l=\"&#xf25a;\"><\/i><\/span><div class=\"x-anchor-text\"><span class=\"x-anchor-text-primary\">Har du fr\u00e5gor?<\/span><\/div><\/div><div class=\"x-anchor-content x-anchor-content-out-slide-top-in-scale-up is-int\"><span class=\"x-graphic\" aria-hidden=\"true\"><i class=\"x-icon x-graphic-child x-graphic-icon x-graphic-primary\" aria-hidden=\"true\" data-x-icon-l=\"&#xf672;\"><\/i><\/span><div class=\"x-anchor-text\"><div class=\"x-anchor-text-primary\">F\u00e5 n\u00e5gra svar!<\/div><\/div><\/div><\/a><a class=\"x-anchor x-anchor-button has-graphic has-int-content e3899-15 m30b-j m30b-k  x-hide-lg x-hide-md x-hide-xl\" tabindex=\"0\" href=\"\/test\/kontakt\/?lang=sv\"><div class=\"x-anchor-content x-anchor-content-out-slide-top-in-scale-up\"><span class=\"x-graphic\" aria-hidden=\"true\"><i class=\"x-icon x-graphic-child x-graphic-icon x-graphic-primary\" aria-hidden=\"true\" data-x-icon-l=\"&#xf25a;\"><\/i><\/span><div class=\"x-anchor-text\"><span class=\"x-anchor-text-primary\">Har du fr\u00e5gor?<\/span><\/div><\/div><div class=\"x-anchor-content x-anchor-content-out-slide-top-in-scale-up is-int\"><span class=\"x-graphic\" aria-hidden=\"true\"><i class=\"x-icon x-graphic-child x-graphic-icon x-graphic-primary\" aria-hidden=\"true\" data-x-icon-l=\"&#xf672;\"><\/i><\/span><div class=\"x-anchor-text\"><div class=\"x-anchor-text-primary\">F\u00e5 n\u00e5gra svar!<\/div><\/div><\/div><\/a><\/div><\/div><\/div><\/div><\/div>\n","protected":false},"excerpt":{"rendered":"<p>Stark MammaStark Mamma \u00e4r en postnatal kontroll som kan hj\u00e4lpa till att minska risken f\u00f6r att f\u00e5 fysiska h\u00e4lsoproblem senare i livet till f\u00f6ljd av din f\u00f6rlossning.Cirka en av tre kvinnor kommer att ha n\u00e5gon form av b\u00e4ckenbottensdysfunktion under sin livstid och dessa \u00e4r s\u00e4rskilt vanliga efter f\u00f6rlossningen. En Stark Mamma-bed\u00f6mning kan vara till hj\u00e4lp b\u00e5de vid enkla och komplexa &#8230; <\/p>\n<div><a href=\"https:\/\/dabbourphysio.com\/test\/stark-mamma\/?lang=sv\" class=\"more-link\">Read More<\/a><\/div>\n","protected":false},"author":3,"featured_media":0,"parent":0,"menu_order":0,"comment_status":"closed","ping_status":"closed","template":"template-blank-4.php","meta":[],"yoast_head":"<!-- This site is optimized with the Yoast SEO plugin v18.0 - https:\/\/yoast.com\/wordpress\/plugins\/seo\/ -->\n<title>Stark Mamma &ndash; Dabbour Physio<\/title>\n<meta name=\"robots\" content=\"index, follow, max-snippet:-1, max-image-preview:large, max-video-preview:-1\" \/>\n<link rel=\"canonical\" href=\"https:\/\/dabbourphysio.com\/test\/stark-mamma\/\" \/>\n<meta property=\"og:locale\" content=\"en_US\" \/>\n<meta property=\"og:type\" content=\"article\" \/>\n<meta property=\"og:title\" content=\"Stark Mamma &ndash; Dabbour Physio\" \/>\n<meta property=\"og:description\" content=\"Stark MammaStark Mamma \u00e4r en postnatal kontroll som kan hj\u00e4lpa till att minska risken f\u00f6r att f\u00e5 fysiska h\u00e4lsoproblem senare i livet till f\u00f6ljd av din f\u00f6rlossning.Cirka en av tre kvinnor kommer att ha n\u00e5gon form av b\u00e4ckenbottensdysfunktion under sin livstid och dessa \u00e4r s\u00e4rskilt vanliga efter f\u00f6rlossningen. En Stark Mamma-bed\u00f6mning kan vara till hj\u00e4lp b\u00e5de vid enkla och komplexa ... Read More\" \/>\n<meta property=\"og:url\" content=\"https:\/\/dabbourphysio.com\/test\/stark-mamma\/?lang=sv\" \/>\n<meta property=\"og:site_name\" content=\"Dabbour Physio\" \/>\n<meta property=\"article:publisher\" content=\"https:\/\/www.facebook.com\/DabbourPhysio\/\" \/>\n<meta property=\"article:modified_time\" content=\"2021-09-06T19:30:15+00:00\" \/>\n<meta name=\"twitter:card\" content=\"summary\" \/>\n<meta name=\"twitter:site\" content=\"@dabbourphysio\" \/>\n<meta name=\"twitter:label1\" content=\"Est. reading time\" \/>\n\t<meta name=\"twitter:data1\" content=\"2 minutes\" \/>\n<script type=\"application\/ld+json\" class=\"yoast-schema-graph\">{\"@context\":\"https:\/\/schema.org\",\"@graph\":[{\"@type\":\"Organization\",\"@id\":\"https:\/\/dabbourphysio.com\/test\/#organization\",\"name\":\"DabbourPhysio\",\"url\":\"https:\/\/dabbourphysio.com\/test\/\",\"sameAs\":[\"https:\/\/www.facebook.com\/DabbourPhysio\/\",\"http:\/\/dabbourphysio\",\"https:\/\/www.linkedin.com\/in\/dabbourphysio\/\",\"https:\/\/www.youtube.com\/channel\/UCae1y76E-jTWOkD7TMHdxwg\",\"https:\/\/twitter.com\/dabbourphysio\"],\"logo\":{\"@type\":\"ImageObject\",\"@id\":\"https:\/\/dabbourphysio.com\/test\/#logo\",\"inLanguage\":\"en-US\",\"url\":\"https:\/\/dabbourphysio.com\/test\/wp-content\/uploads\/2016\/10\/hannatwotoneex2020.jpg\",\"contentUrl\":\"https:\/\/dabbourphysio.com\/test\/wp-content\/uploads\/2016\/10\/hannatwotoneex2020.jpg\",\"width\":1890,\"height\":1890,\"caption\":\"DabbourPhysio\"},\"image\":{\"@id\":\"https:\/\/dabbourphysio.com\/test\/#logo\"}},{\"@type\":\"WebSite\",\"@id\":\"https:\/\/dabbourphysio.com\/test\/#website\",\"url\":\"https:\/\/dabbourphysio.com\/test\/\",\"name\":\"Dabbour Physio\",\"description\":\"Chartered Senior Physiotherapist in Stockholm &amp; London\",\"publisher\":{\"@id\":\"https:\/\/dabbourphysio.com\/test\/#organization\"},\"potentialAction\":[{\"@type\":\"SearchAction\",\"target\":{\"@type\":\"EntryPoint\",\"urlTemplate\":\"https:\/\/dabbourphysio.com\/test\/?s={search_term_string}\"},\"query-input\":\"required name=search_term_string\"}],\"inLanguage\":\"en-US\"},{\"@type\":\"WebPage\",\"@id\":\"https:\/\/dabbourphysio.com\/test\/stark-mamma\/?lang=sv#webpage\",\"url\":\"https:\/\/dabbourphysio.com\/test\/stark-mamma\/?lang=sv\",\"name\":\"Stark Mamma &ndash; Dabbour Physio\",\"isPartOf\":{\"@id\":\"https:\/\/dabbourphysio.com\/test\/#website\"},\"datePublished\":\"2021-07-05T04:19:33+00:00\",\"dateModified\":\"2021-09-06T19:30:15+00:00\",\"breadcrumb\":{\"@id\":\"https:\/\/dabbourphysio.com\/test\/stark-mamma\/?lang=sv#breadcrumb\"},\"inLanguage\":\"en-US\",\"potentialAction\":[{\"@type\":\"ReadAction\",\"target\":[\"https:\/\/dabbourphysio.com\/test\/stark-mamma\/?lang=sv\"]}]},{\"@type\":\"BreadcrumbList\",\"@id\":\"https:\/\/dabbourphysio.com\/test\/stark-mamma\/?lang=sv#breadcrumb\",\"itemListElement\":[{\"@type\":\"ListItem\",\"position\":1,\"name\":\"Home\",\"item\":\"https:\/\/dabbourphysio.com\/test\/\"},{\"@type\":\"ListItem\",\"position\":2,\"name\":\"Stark Mamma\"}]}]}<\/script>\n<!-- \/ Yoast SEO plugin. -->","yoast_head_json":{"title":"Stark Mamma &ndash; Dabbour Physio","robots":{"index":"index","follow":"follow","max-snippet":"max-snippet:-1","max-image-preview":"max-image-preview:large","max-video-preview":"max-video-preview:-1"},"canonical":"https:\/\/dabbourphysio.com\/test\/stark-mamma\/","og_locale":"en_US","og_type":"article","og_title":"Stark Mamma &ndash; Dabbour Physio","og_description":"Stark MammaStark Mamma \u00e4r en postnatal kontroll som kan hj\u00e4lpa till att minska risken f\u00f6r att f\u00e5 fysiska h\u00e4lsoproblem senare i livet till f\u00f6ljd av din f\u00f6rlossning.Cirka en av tre kvinnor kommer att ha n\u00e5gon form av b\u00e4ckenbottensdysfunktion under sin livstid och dessa \u00e4r s\u00e4rskilt vanliga efter f\u00f6rlossningen. En Stark Mamma-bed\u00f6mning kan vara till hj\u00e4lp b\u00e5de vid enkla och komplexa ... Read More","og_url":"https:\/\/dabbourphysio.com\/test\/stark-mamma\/?lang=sv","og_site_name":"Dabbour Physio","article_publisher":"https:\/\/www.facebook.com\/DabbourPhysio\/","article_modified_time":"2021-09-06T19:30:15+00:00","twitter_card":"summary","twitter_site":"@dabbourphysio","twitter_misc":{"Est. reading time":"2 minutes"},"schema":{"@context":"https:\/\/schema.org","@graph":[{"@type":"Organization","@id":"https:\/\/dabbourphysio.com\/test\/#organization","name":"DabbourPhysio","url":"https:\/\/dabbourphysio.com\/test\/","sameAs":["https:\/\/www.facebook.com\/DabbourPhysio\/","http:\/\/dabbourphysio","https:\/\/www.linkedin.com\/in\/dabbourphysio\/","https:\/\/www.youtube.com\/channel\/UCae1y76E-jTWOkD7TMHdxwg","https:\/\/twitter.com\/dabbourphysio"],"logo":{"@type":"ImageObject","@id":"https:\/\/dabbourphysio.com\/test\/#logo","inLanguage":"en-US","url":"https:\/\/dabbourphysio.com\/test\/wp-content\/uploads\/2016\/10\/hannatwotoneex2020.jpg","contentUrl":"https:\/\/dabbourphysio.com\/test\/wp-content\/uploads\/2016\/10\/hannatwotoneex2020.jpg","width":1890,"height":1890,"caption":"DabbourPhysio"},"image":{"@id":"https:\/\/dabbourphysio.com\/test\/#logo"}},{"@type":"WebSite","@id":"https:\/\/dabbourphysio.com\/test\/#website","url":"https:\/\/dabbourphysio.com\/test\/","name":"Dabbour Physio","description":"Chartered Senior Physiotherapist in Stockholm &amp; London","publisher":{"@id":"https:\/\/dabbourphysio.com\/test\/#organization"},"potentialAction":[{"@type":"SearchAction","target":{"@type":"EntryPoint","urlTemplate":"https:\/\/dabbourphysio.com\/test\/?s={search_term_string}"},"query-input":"required name=search_term_string"}],"inLanguage":"en-US"},{"@type":"WebPage","@id":"https:\/\/dabbourphysio.com\/test\/stark-mamma\/?lang=sv#webpage","url":"https:\/\/dabbourphysio.com\/test\/stark-mamma\/?lang=sv","name":"Stark Mamma &ndash; Dabbour Physio","isPartOf":{"@id":"https:\/\/dabbourphysio.com\/test\/#website"},"datePublished":"2021-07-05T04:19:33+00:00","dateModified":"2021-09-06T19:30:15+00:00","breadcrumb":{"@id":"https:\/\/dabbourphysio.com\/test\/stark-mamma\/?lang=sv#breadcrumb"},"inLanguage":"en-US","potentialAction":[{"@type":"ReadAction","target":["https:\/\/dabbourphysio.com\/test\/stark-mamma\/?lang=sv"]}]},{"@type":"BreadcrumbList","@id":"https:\/\/dabbourphysio.com\/test\/stark-mamma\/?lang=sv#breadcrumb","itemListElement":[{"@type":"ListItem","position":1,"name":"Home","item":"https:\/\/dabbourphysio.com\/test\/"},{"@type":"ListItem","position":2,"name":"Stark Mamma"}]}]}},"_links":{"self":[{"href":"https:\/\/dabbourphysio.com\/test\/wp-json\/wp\/v2\/pages\/3899"}],"collection":[{"href":"https:\/\/dabbourphysio.com\/test\/wp-json\/wp\/v2\/pages"}],"about":[{"href":"https:\/\/dabbourphysio.com\/test\/wp-json\/wp\/v2\/types\/page"}],"author":[{"embeddable":true,"href":"https:\/\/dabbourphysio.com\/test\/wp-json\/wp\/v2\/users\/3"}],"replies":[{"embeddable":true,"href":"https:\/\/dabbourphysio.com\/test\/wp-json\/wp\/v2\/comments?post=3899"}],"version-history":[{"count":5,"href":"https:\/\/dabbourphysio.com\/test\/wp-json\/wp\/v2\/pages\/3899\/revisions"}],"predecessor-version":[{"id":3950,"href":"https:\/\/dabbourphysio.com\/test\/wp-json\/wp\/v2\/pages\/3899\/revisions\/3950"}],"wp:attachment":[{"href":"https:\/\/dabbourphysio.com\/test\/wp-json\/wp\/v2\/media?parent=3899"}],"curies":[{"name":"wp","href":"https:\/\/api.w.org\/{rel}","templated":true}]}}